{"id":195,"date":"2022-09-01T16:06:00","date_gmt":"2022-09-01T14:06:00","guid":{"rendered":"https:\/\/dijonuniversiteclub.fr\/football\/?page_id=195"},"modified":"2025-06-19T21:05:36","modified_gmt":"2025-06-19T19:05:36","slug":"feminines-senior","status":"publish","type":"page","link":"https:\/\/dijonuniversiteclub.fr\/football\/feminines-senior\/","title":{"rendered":"F\u00e9minines Senior"},"content":{"rendered":"\n<p>Apr\u00e8s une magnifique saison en D1F, nous acc\u00e9dons \u00e0 la R2F !<\/p>\n\n\n\n<p>Avec des objectifs sportifs r\u00e9alisables et une bonne ambiance nous avons un p\u00f4le s\u00e9nior \u00e9largie cette ann\u00e9e avec deux \u00e9quipes \u00e0 11, une en R2 et une en D1F.  Quel que soit votre niveau, vous \u00eates la bienvenue !<\/p>\n\n\n\n<p><strong>Responsable de cat\u00e9gorie :<\/strong><\/p>\n\n\n\n<p><strong><strong>Lucas PEREIRA PEIXOTO \u2013 lucaspereirapeixoto@icloud.com \u2013 07 50 84 29 17<\/strong><\/strong><\/p>\n\n\n\n<figure class=\"wp-block-image size-large\"><img loading=\"lazy\" decoding=\"async\" width=\"820\" height=\"1024\" src=\"https:\/\/dijonuniversiteclub.fr\/football\/wp-content\/uploads\/2025\/06\/499951262_1261017752696909_1810406181767180871_n-820x1024.jpg\" alt=\"\" class=\"wp-image-891\" srcset=\"https:\/\/dijonuniversiteclub.fr\/football\/wp-content\/uploads\/2025\/06\/499951262_1261017752696909_1810406181767180871_n-820x1024.jpg 820w, https:\/\/dijonuniversiteclub.fr\/football\/wp-content\/uploads\/2025\/06\/499951262_1261017752696909_1810406181767180871_n-240x300.jpg 240w, https:\/\/dijonuniversiteclub.fr\/football\/wp-content\/uploads\/2025\/06\/499951262_1261017752696909_1810406181767180871_n-768x960.jpg 768w, https:\/\/dijonuniversiteclub.fr\/football\/wp-content\/uploads\/2025\/06\/499951262_1261017752696909_1810406181767180871_n-1229x1536.jpg 1229w, https:\/\/dijonuniversiteclub.fr\/football\/wp-content\/uploads\/2025\/06\/499951262_1261017752696909_1810406181767180871_n.jpg 1587w\" sizes=\"auto, (max-width: 820px) 100vw, 820px\" \/><\/figure>\n","protected":false},"excerpt":{"rendered":"<p>Apr\u00e8s une magnifique saison en D1F, nous acc\u00e9dons \u00e0 la R2F ! Avec des objectifs sportifs r\u00e9alisables et une bonne ambiance nous avons un p\u00f4le s\u00e9nior \u00e9largie cette ann\u00e9e avec deux \u00e9quipes \u00e0 11, une en R2 et une en D1F. Quel que soit votre niveau, vous \u00eates la bienvenue ! Responsable de cat\u00e9gorie : [&hellip;]<\/p>\n","protected":false},"author":1,"featured_media":0,"parent":0,"menu_order":0,"comment_status":"closed","ping_status":"closed","template":"","meta":{"footnotes":""},"class_list":["post-195","page","type-page","status-publish","hentry"],"yoast_head":"<!-- This site is optimized with the Yoast SEO plugin v27.5 - https:\/\/yoast.com\/product\/yoast-seo-wordpress\/ -->\n<title>F\u00e9minines Senior - Dijon Universit\u00e9 Club Section Football<\/title>\n<meta name=\"description\" content=\"Avec des objectifs sportifs r\u00e9alisables et une bonne ambiance nous avons un p\u00f4le s\u00e9nior \u00e9largie cette ann\u00e9e avec deux \u00e9quipes \u00e0 11. \u00e9voluant en championnat d\u00e9partemental. Quel que soit votre niveau, vous \u00eates la bienvenue.\" \/>\n<meta name=\"robots\" content=\"index, follow, max-snippet:-1, max-image-preview:large, max-video-preview:-1\" \/>\n<link rel=\"canonical\" href=\"https:\/\/dijonuniversiteclub.fr\/football\/feminines-senior\/\" \/>\n<meta property=\"og:locale\" content=\"fr_FR\" \/>\n<meta property=\"og:type\" content=\"article\" \/>\n<meta property=\"og:title\" content=\"F\u00e9minines Senior - Dijon Universit\u00e9 Club Section Football\" \/>\n<meta property=\"og:description\" content=\"Avec des objectifs sportifs r\u00e9alisables et une bonne ambiance nous avons un p\u00f4le s\u00e9nior \u00e9largie cette ann\u00e9e avec deux \u00e9quipes \u00e0 11. \u00e9voluant en championnat d\u00e9partemental. Quel que soit votre niveau, vous \u00eates la bienvenue.\" \/>\n<meta property=\"og:url\" content=\"https:\/\/dijonuniversiteclub.fr\/football\/feminines-senior\/\" \/>\n<meta property=\"og:site_name\" content=\"Dijon Universit\u00e9 Club Section Football\" \/>\n<meta property=\"article:publisher\" content=\"https:\/\/www.facebook.com\/ducfootball\" \/>\n<meta property=\"article:modified_time\" content=\"2025-06-19T19:05:36+00:00\" \/>\n<meta property=\"og:image\" content=\"https:\/\/dijonuniversiteclub.fr\/football\/wp-content\/uploads\/2025\/06\/499951262_1261017752696909_1810406181767180871_n-820x1024.jpg\" \/>\n<meta name=\"twitter:card\" content=\"summary_large_image\" \/>\n<meta name=\"twitter:label1\" content=\"Dur\u00e9e de lecture estim\u00e9e\" \/>\n\t<meta name=\"twitter:data1\" content=\"1 minute\" \/>\n<script type=\"application\/ld+json\" class=\"yoast-schema-graph\">{\"@context\":\"https:\\\/\\\/schema.org\",\"@graph\":[{\"@type\":\"WebPage\",\"@id\":\"https:\\\/\\\/dijonuniversiteclub.fr\\\/football\\\/feminines-senior\\\/\",\"url\":\"https:\\\/\\\/dijonuniversiteclub.fr\\\/football\\\/feminines-senior\\\/\",\"name\":\"F\u00e9minines Senior - Dijon Universit\u00e9 Club Section Football\",\"isPartOf\":{\"@id\":\"https:\\\/\\\/dijonuniversiteclub.fr\\\/football\\\/#website\"},\"primaryImageOfPage\":{\"@id\":\"https:\\\/\\\/dijonuniversiteclub.fr\\\/football\\\/feminines-senior\\\/#primaryimage\"},\"image\":{\"@id\":\"https:\\\/\\\/dijonuniversiteclub.fr\\\/football\\\/feminines-senior\\\/#primaryimage\"},\"thumbnailUrl\":\"https:\\\/\\\/dijonuniversiteclub.fr\\\/football\\\/wp-content\\\/uploads\\\/2025\\\/06\\\/499951262_1261017752696909_1810406181767180871_n-820x1024.jpg\",\"datePublished\":\"2022-09-01T14:06:00+00:00\",\"dateModified\":\"2025-06-19T19:05:36+00:00\",\"description\":\"Avec des objectifs sportifs r\u00e9alisables et une bonne ambiance nous avons un p\u00f4le s\u00e9nior \u00e9largie cette ann\u00e9e avec deux \u00e9quipes \u00e0 11. \u00e9voluant en championnat d\u00e9partemental. Quel que soit votre niveau, vous \u00eates la bienvenue.\",\"breadcrumb\":{\"@id\":\"https:\\\/\\\/dijonuniversiteclub.fr\\\/football\\\/feminines-senior\\\/#breadcrumb\"},\"inLanguage\":\"fr-FR\",\"potentialAction\":[{\"@type\":\"ReadAction\",\"target\":[\"https:\\\/\\\/dijonuniversiteclub.fr\\\/football\\\/feminines-senior\\\/\"]}]},{\"@type\":\"ImageObject\",\"inLanguage\":\"fr-FR\",\"@id\":\"https:\\\/\\\/dijonuniversiteclub.fr\\\/football\\\/feminines-senior\\\/#primaryimage\",\"url\":\"https:\\\/\\\/dijonuniversiteclub.fr\\\/football\\\/wp-content\\\/uploads\\\/2025\\\/06\\\/499951262_1261017752696909_1810406181767180871_n.jpg\",\"contentUrl\":\"https:\\\/\\\/dijonuniversiteclub.fr\\\/football\\\/wp-content\\\/uploads\\\/2025\\\/06\\\/499951262_1261017752696909_1810406181767180871_n.jpg\",\"width\":1587,\"height\":1983},{\"@type\":\"BreadcrumbList\",\"@id\":\"https:\\\/\\\/dijonuniversiteclub.fr\\\/football\\\/feminines-senior\\\/#breadcrumb\",\"itemListElement\":[{\"@type\":\"ListItem\",\"position\":1,\"name\":\"Accueil\",\"item\":\"https:\\\/\\\/dijonuniversiteclub.fr\\\/football\\\/\"},{\"@type\":\"ListItem\",\"position\":2,\"name\":\"F\u00e9minines Senior\"}]},{\"@type\":\"WebSite\",\"@id\":\"https:\\\/\\\/dijonuniversiteclub.fr\\\/football\\\/#website\",\"url\":\"https:\\\/\\\/dijonuniversiteclub.fr\\\/football\\\/\",\"name\":\"Dijon Universit\u00e9 Club Section Football\",\"description\":\"\",\"publisher\":{\"@id\":\"https:\\\/\\\/dijonuniversiteclub.fr\\\/football\\\/#organization\"},\"potentialAction\":[{\"@type\":\"SearchAction\",\"target\":{\"@type\":\"EntryPoint\",\"urlTemplate\":\"https:\\\/\\\/dijonuniversiteclub.fr\\\/football\\\/?s={search_term_string}\"},\"query-input\":{\"@type\":\"PropertyValueSpecification\",\"valueRequired\":true,\"valueName\":\"search_term_string\"}}],\"inLanguage\":\"fr-FR\"},{\"@type\":\"Organization\",\"@id\":\"https:\\\/\\\/dijonuniversiteclub.fr\\\/football\\\/#organization\",\"name\":\"Dijon Universit\u00e9 Club Section Football\",\"url\":\"https:\\\/\\\/dijonuniversiteclub.fr\\\/football\\\/\",\"logo\":{\"@type\":\"ImageObject\",\"inLanguage\":\"fr-FR\",\"@id\":\"https:\\\/\\\/dijonuniversiteclub.fr\\\/football\\\/#\\\/schema\\\/logo\\\/image\\\/\",\"url\":\"https:\\\/\\\/dijonuniversiteclub.fr\\\/football\\\/wp-content\\\/uploads\\\/2022\\\/09\\\/cropped-logo-transparent-Foot-Copie.png\",\"contentUrl\":\"https:\\\/\\\/dijonuniversiteclub.fr\\\/football\\\/wp-content\\\/uploads\\\/2022\\\/09\\\/cropped-logo-transparent-Foot-Copie.png\",\"width\":764,\"height\":912,\"caption\":\"Dijon Universit\u00e9 Club Section Football\"},\"image\":{\"@id\":\"https:\\\/\\\/dijonuniversiteclub.fr\\\/football\\\/#\\\/schema\\\/logo\\\/image\\\/\"},\"sameAs\":[\"https:\\\/\\\/www.facebook.com\\\/ducfootball\",\"https:\\\/\\\/www.instagram.com\\\/dijonuniversiteclub\"]}]}<\/script>\n<!-- \/ Yoast SEO plugin. -->","yoast_head_json":{"title":"F\u00e9minines Senior - Dijon Universit\u00e9 Club Section Football","description":"Avec des objectifs sportifs r\u00e9alisables et une bonne ambiance nous avons un p\u00f4le s\u00e9nior \u00e9largie cette ann\u00e9e avec deux \u00e9quipes \u00e0 11. \u00e9voluant en championnat d\u00e9partemental. Quel que soit votre niveau, vous \u00eates la bienvenue.","robots":{"index":"index","follow":"follow","max-snippet":"max-snippet:-1","max-image-preview":"max-image-preview:large","max-video-preview":"max-video-preview:-1"},"canonical":"https:\/\/dijonuniversiteclub.fr\/football\/feminines-senior\/","og_locale":"fr_FR","og_type":"article","og_title":"F\u00e9minines Senior - Dijon Universit\u00e9 Club Section Football","og_description":"Avec des objectifs sportifs r\u00e9alisables et une bonne ambiance nous avons un p\u00f4le s\u00e9nior \u00e9largie cette ann\u00e9e avec deux \u00e9quipes \u00e0 11. \u00e9voluant en championnat d\u00e9partemental. Quel que soit votre niveau, vous \u00eates la bienvenue.","og_url":"https:\/\/dijonuniversiteclub.fr\/football\/feminines-senior\/","og_site_name":"Dijon Universit\u00e9 Club Section Football","article_publisher":"https:\/\/www.facebook.com\/ducfootball","article_modified_time":"2025-06-19T19:05:36+00:00","og_image":[{"url":"https:\/\/dijonuniversiteclub.fr\/football\/wp-content\/uploads\/2025\/06\/499951262_1261017752696909_1810406181767180871_n-820x1024.jpg","type":"","width":"","height":""}],"twitter_card":"summary_large_image","twitter_misc":{"Dur\u00e9e de lecture estim\u00e9e":"1 minute"},"schema":{"@context":"https:\/\/schema.org","@graph":[{"@type":"WebPage","@id":"https:\/\/dijonuniversiteclub.fr\/football\/feminines-senior\/","url":"https:\/\/dijonuniversiteclub.fr\/football\/feminines-senior\/","name":"F\u00e9minines Senior - Dijon Universit\u00e9 Club Section Football","isPartOf":{"@id":"https:\/\/dijonuniversiteclub.fr\/football\/#website"},"primaryImageOfPage":{"@id":"https:\/\/dijonuniversiteclub.fr\/football\/feminines-senior\/#primaryimage"},"image":{"@id":"https:\/\/dijonuniversiteclub.fr\/football\/feminines-senior\/#primaryimage"},"thumbnailUrl":"https:\/\/dijonuniversiteclub.fr\/football\/wp-content\/uploads\/2025\/06\/499951262_1261017752696909_1810406181767180871_n-820x1024.jpg","datePublished":"2022-09-01T14:06:00+00:00","dateModified":"2025-06-19T19:05:36+00:00","description":"Avec des objectifs sportifs r\u00e9alisables et une bonne ambiance nous avons un p\u00f4le s\u00e9nior \u00e9largie cette ann\u00e9e avec deux \u00e9quipes \u00e0 11. \u00e9voluant en championnat d\u00e9partemental. Quel que soit votre niveau, vous \u00eates la bienvenue.","breadcrumb":{"@id":"https:\/\/dijonuniversiteclub.fr\/football\/feminines-senior\/#breadcrumb"},"inLanguage":"fr-FR","potentialAction":[{"@type":"ReadAction","target":["https:\/\/dijonuniversiteclub.fr\/football\/feminines-senior\/"]}]},{"@type":"ImageObject","inLanguage":"fr-FR","@id":"https:\/\/dijonuniversiteclub.fr\/football\/feminines-senior\/#primaryimage","url":"https:\/\/dijonuniversiteclub.fr\/football\/wp-content\/uploads\/2025\/06\/499951262_1261017752696909_1810406181767180871_n.jpg","contentUrl":"https:\/\/dijonuniversiteclub.fr\/football\/wp-content\/uploads\/2025\/06\/499951262_1261017752696909_1810406181767180871_n.jpg","width":1587,"height":1983},{"@type":"BreadcrumbList","@id":"https:\/\/dijonuniversiteclub.fr\/football\/feminines-senior\/#breadcrumb","itemListElement":[{"@type":"ListItem","position":1,"name":"Accueil","item":"https:\/\/dijonuniversiteclub.fr\/football\/"},{"@type":"ListItem","position":2,"name":"F\u00e9minines Senior"}]},{"@type":"WebSite","@id":"https:\/\/dijonuniversiteclub.fr\/football\/#website","url":"https:\/\/dijonuniversiteclub.fr\/football\/","name":"Dijon Universit\u00e9 Club Section Football","description":"","publisher":{"@id":"https:\/\/dijonuniversiteclub.fr\/football\/#organization"},"potentialAction":[{"@type":"SearchAction","target":{"@type":"EntryPoint","urlTemplate":"https:\/\/dijonuniversiteclub.fr\/football\/?s={search_term_string}"},"query-input":{"@type":"PropertyValueSpecification","valueRequired":true,"valueName":"search_term_string"}}],"inLanguage":"fr-FR"},{"@type":"Organization","@id":"https:\/\/dijonuniversiteclub.fr\/football\/#organization","name":"Dijon Universit\u00e9 Club Section Football","url":"https:\/\/dijonuniversiteclub.fr\/football\/","logo":{"@type":"ImageObject","inLanguage":"fr-FR","@id":"https:\/\/dijonuniversiteclub.fr\/football\/#\/schema\/logo\/image\/","url":"https:\/\/dijonuniversiteclub.fr\/football\/wp-content\/uploads\/2022\/09\/cropped-logo-transparent-Foot-Copie.png","contentUrl":"https:\/\/dijonuniversiteclub.fr\/football\/wp-content\/uploads\/2022\/09\/cropped-logo-transparent-Foot-Copie.png","width":764,"height":912,"caption":"Dijon Universit\u00e9 Club Section Football"},"image":{"@id":"https:\/\/dijonuniversiteclub.fr\/football\/#\/schema\/logo\/image\/"},"sameAs":["https:\/\/www.facebook.com\/ducfootball","https:\/\/www.instagram.com\/dijonuniversiteclub"]}]}},"_links":{"self":[{"href":"https:\/\/dijonuniversiteclub.fr\/football\/wp-json\/wp\/v2\/pages\/195","targetHints":{"allow":["GET"]}}],"collection":[{"href":"https:\/\/dijonuniversiteclub.fr\/football\/wp-json\/wp\/v2\/pages"}],"about":[{"href":"https:\/\/dijonuniversiteclub.fr\/football\/wp-json\/wp\/v2\/types\/page"}],"author":[{"embeddable":true,"href":"https:\/\/dijonuniversiteclub.fr\/football\/wp-json\/wp\/v2\/users\/1"}],"replies":[{"embeddable":true,"href":"https:\/\/dijonuniversiteclub.fr\/football\/wp-json\/wp\/v2\/comments?post=195"}],"version-history":[{"count":7,"href":"https:\/\/dijonuniversiteclub.fr\/football\/wp-json\/wp\/v2\/pages\/195\/revisions"}],"predecessor-version":[{"id":893,"href":"https:\/\/dijonuniversiteclub.fr\/football\/wp-json\/wp\/v2\/pages\/195\/revisions\/893"}],"wp:attachment":[{"href":"https:\/\/dijonuniversiteclub.fr\/football\/wp-json\/wp\/v2\/media?parent=195"}],"curies":[{"name":"wp","href":"https:\/\/api.w.org\/{rel}","templated":true}]}}