{"id":203,"date":"2022-09-01T16:13:47","date_gmt":"2022-09-01T14:13:47","guid":{"rendered":"https:\/\/dijonuniversiteclub.fr\/football\/?page_id=203"},"modified":"2025-06-19T21:06:32","modified_gmt":"2025-06-19T19:06:32","slug":"ecole-de-football","status":"publish","type":"page","link":"https:\/\/dijonuniversiteclub.fr\/football\/ecole-de-football\/","title":{"rendered":"\u00c9cole de football"},"content":{"rendered":"\n<p>L&rsquo;\u00e9cole de football est en reconstruction au Dijon Universit\u00e9 Club apr\u00e8s le d\u00e9part de plusieurs \u00e9ducateurs. Nous recherchons \u00e9ducateurs et dirigeants pour venir compl\u00e9ter les effectifs de b\u00e9n\u00e9voles. Contactez-nous !<\/p>\n\n\n\n<p><strong>Contact pour toutes les cat\u00e9gories jeunes : Lucas PEREIRA-PEIXOTO 07 50 84 29 17<\/strong><\/p>\n\n\n\n<p>Cette saison, nous ouvrons aux cat\u00e9gories :<\/p>\n\n\n\n<p><strong>U6 U7 U8 Mixit\u00e9<\/strong> : Samedi matin<\/p>\n\n\n\n<p>Complet chez les gar\u00e7ons, les filles sont les bienvenues !<\/p>\n\n\n\n<p><\/p>\n\n\n\n<p><strong>U10-U11 Mixit\u00e9 :<\/strong> Mercredi apr\u00e8s-midi et vendredi fin d&rsquo;apr\u00e8s-midi.<\/p>\n\n\n\n<p>Complet chez les gar\u00e7ons, les filles sont les bienvenues !<\/p>\n\n\n\n<p><\/p>\n\n\n\n<p><strong>Cat\u00e9gorie U13 Mixit\u00e9 : <\/strong>Mercredi apr\u00e8s-midi et vendredi fin d&rsquo;apr\u00e8s-midi.<\/p>\n\n\n\n<p>Complet chez les gar\u00e7ons, les filles sont les bienvenues !<\/p>\n\n\n\n<figure class=\"wp-block-image size-full\"><img loading=\"lazy\" decoding=\"async\" width=\"910\" height=\"910\" src=\"https:\/\/dijonuniversiteclub.fr\/football\/wp-content\/uploads\/2025\/06\/forfait-10-seances-ze.jpg\" alt=\"\" class=\"wp-image-894\" srcset=\"https:\/\/dijonuniversiteclub.fr\/football\/wp-content\/uploads\/2025\/06\/forfait-10-seances-ze.jpg 910w, https:\/\/dijonuniversiteclub.fr\/football\/wp-content\/uploads\/2025\/06\/forfait-10-seances-ze-300x300.jpg 300w, https:\/\/dijonuniversiteclub.fr\/football\/wp-content\/uploads\/2025\/06\/forfait-10-seances-ze-150x150.jpg 150w, https:\/\/dijonuniversiteclub.fr\/football\/wp-content\/uploads\/2025\/06\/forfait-10-seances-ze-768x768.jpg 768w\" sizes=\"auto, (max-width: 910px) 100vw, 910px\" \/><\/figure>\n\n\n\n<p><\/p>\n","protected":false},"excerpt":{"rendered":"<p>L&rsquo;\u00e9cole de football est en reconstruction au Dijon Universit\u00e9 Club apr\u00e8s le d\u00e9part de plusieurs \u00e9ducateurs. Nous recherchons \u00e9ducateurs et dirigeants pour venir compl\u00e9ter les effectifs de b\u00e9n\u00e9voles. Contactez-nous ! Contact pour toutes les cat\u00e9gories jeunes : Lucas PEREIRA-PEIXOTO 07 50 84 29 17 Cette saison, nous ouvrons aux cat\u00e9gories : U6 U7 U8 Mixit\u00e9 [&hellip;]<\/p>\n","protected":false},"author":1,"featured_media":0,"parent":0,"menu_order":0,"comment_status":"closed","ping_status":"closed","template":"","meta":{"footnotes":""},"class_list":["post-203","page","type-page","status-publish","hentry"],"yoast_head":"<!-- This site is optimized with the Yoast SEO plugin v27.5 - https:\/\/yoast.com\/product\/yoast-seo-wordpress\/ -->\n<title>\u00c9cole de football - Dijon Universit\u00e9 Club Section Football<\/title>\n<meta name=\"description\" content=\"\u00c9cole de football du Dijon Universit\u00e9 Club. A partir de 6 ans jusqu&#039;\u00e0 11 ans, nous accueillons les filles et gar\u00e7ons. Contactez-nous !\" \/>\n<meta name=\"robots\" content=\"index, follow, max-snippet:-1, max-image-preview:large, max-video-preview:-1\" \/>\n<link rel=\"canonical\" href=\"https:\/\/dijonuniversiteclub.fr\/football\/ecole-de-football\/\" \/>\n<meta property=\"og:locale\" content=\"fr_FR\" \/>\n<meta property=\"og:type\" content=\"article\" \/>\n<meta property=\"og:title\" content=\"\u00c9cole de football - Dijon Universit\u00e9 Club Section Football\" \/>\n<meta property=\"og:description\" content=\"\u00c9cole de football du Dijon Universit\u00e9 Club. A partir de 6 ans jusqu&#039;\u00e0 11 ans, nous accueillons les filles et gar\u00e7ons. Contactez-nous !\" \/>\n<meta property=\"og:url\" content=\"https:\/\/dijonuniversiteclub.fr\/football\/ecole-de-football\/\" \/>\n<meta property=\"og:site_name\" content=\"Dijon Universit\u00e9 Club Section Football\" \/>\n<meta property=\"article:publisher\" content=\"https:\/\/www.facebook.com\/ducfootball\" \/>\n<meta property=\"article:modified_time\" content=\"2025-06-19T19:06:32+00:00\" \/>\n<meta property=\"og:image\" content=\"https:\/\/dijonuniversiteclub.fr\/football\/wp-content\/uploads\/2025\/06\/forfait-10-seances-ze.jpg\" \/>\n<meta name=\"twitter:card\" content=\"summary_large_image\" \/>\n<meta name=\"twitter:label1\" content=\"Dur\u00e9e de lecture estim\u00e9e\" \/>\n\t<meta name=\"twitter:data1\" content=\"1 minute\" \/>\n<script type=\"application\/ld+json\" class=\"yoast-schema-graph\">{\"@context\":\"https:\\\/\\\/schema.org\",\"@graph\":[{\"@type\":\"WebPage\",\"@id\":\"https:\\\/\\\/dijonuniversiteclub.fr\\\/football\\\/ecole-de-football\\\/\",\"url\":\"https:\\\/\\\/dijonuniversiteclub.fr\\\/football\\\/ecole-de-football\\\/\",\"name\":\"\u00c9cole de football - Dijon Universit\u00e9 Club Section Football\",\"isPartOf\":{\"@id\":\"https:\\\/\\\/dijonuniversiteclub.fr\\\/football\\\/#website\"},\"primaryImageOfPage\":{\"@id\":\"https:\\\/\\\/dijonuniversiteclub.fr\\\/football\\\/ecole-de-football\\\/#primaryimage\"},\"image\":{\"@id\":\"https:\\\/\\\/dijonuniversiteclub.fr\\\/football\\\/ecole-de-football\\\/#primaryimage\"},\"thumbnailUrl\":\"https:\\\/\\\/dijonuniversiteclub.fr\\\/football\\\/wp-content\\\/uploads\\\/2025\\\/06\\\/forfait-10-seances-ze.jpg\",\"datePublished\":\"2022-09-01T14:13:47+00:00\",\"dateModified\":\"2025-06-19T19:06:32+00:00\",\"description\":\"\u00c9cole de football du Dijon Universit\u00e9 Club. A partir de 6 ans jusqu'\u00e0 11 ans, nous accueillons les filles et gar\u00e7ons. Contactez-nous !\",\"breadcrumb\":{\"@id\":\"https:\\\/\\\/dijonuniversiteclub.fr\\\/football\\\/ecole-de-football\\\/#breadcrumb\"},\"inLanguage\":\"fr-FR\",\"potentialAction\":[{\"@type\":\"ReadAction\",\"target\":[\"https:\\\/\\\/dijonuniversiteclub.fr\\\/football\\\/ecole-de-football\\\/\"]}]},{\"@type\":\"ImageObject\",\"inLanguage\":\"fr-FR\",\"@id\":\"https:\\\/\\\/dijonuniversiteclub.fr\\\/football\\\/ecole-de-football\\\/#primaryimage\",\"url\":\"https:\\\/\\\/dijonuniversiteclub.fr\\\/football\\\/wp-content\\\/uploads\\\/2025\\\/06\\\/forfait-10-seances-ze.jpg\",\"contentUrl\":\"https:\\\/\\\/dijonuniversiteclub.fr\\\/football\\\/wp-content\\\/uploads\\\/2025\\\/06\\\/forfait-10-seances-ze.jpg\",\"width\":910,\"height\":910},{\"@type\":\"BreadcrumbList\",\"@id\":\"https:\\\/\\\/dijonuniversiteclub.fr\\\/football\\\/ecole-de-football\\\/#breadcrumb\",\"itemListElement\":[{\"@type\":\"ListItem\",\"position\":1,\"name\":\"Accueil\",\"item\":\"https:\\\/\\\/dijonuniversiteclub.fr\\\/football\\\/\"},{\"@type\":\"ListItem\",\"position\":2,\"name\":\"\u00c9cole de football\"}]},{\"@type\":\"WebSite\",\"@id\":\"https:\\\/\\\/dijonuniversiteclub.fr\\\/football\\\/#website\",\"url\":\"https:\\\/\\\/dijonuniversiteclub.fr\\\/football\\\/\",\"name\":\"Dijon Universit\u00e9 Club Section Football\",\"description\":\"\",\"publisher\":{\"@id\":\"https:\\\/\\\/dijonuniversiteclub.fr\\\/football\\\/#organization\"},\"potentialAction\":[{\"@type\":\"SearchAction\",\"target\":{\"@type\":\"EntryPoint\",\"urlTemplate\":\"https:\\\/\\\/dijonuniversiteclub.fr\\\/football\\\/?s={search_term_string}\"},\"query-input\":{\"@type\":\"PropertyValueSpecification\",\"valueRequired\":true,\"valueName\":\"search_term_string\"}}],\"inLanguage\":\"fr-FR\"},{\"@type\":\"Organization\",\"@id\":\"https:\\\/\\\/dijonuniversiteclub.fr\\\/football\\\/#organization\",\"name\":\"Dijon Universit\u00e9 Club Section Football\",\"url\":\"https:\\\/\\\/dijonuniversiteclub.fr\\\/football\\\/\",\"logo\":{\"@type\":\"ImageObject\",\"inLanguage\":\"fr-FR\",\"@id\":\"https:\\\/\\\/dijonuniversiteclub.fr\\\/football\\\/#\\\/schema\\\/logo\\\/image\\\/\",\"url\":\"https:\\\/\\\/dijonuniversiteclub.fr\\\/football\\\/wp-content\\\/uploads\\\/2022\\\/09\\\/cropped-logo-transparent-Foot-Copie.png\",\"contentUrl\":\"https:\\\/\\\/dijonuniversiteclub.fr\\\/football\\\/wp-content\\\/uploads\\\/2022\\\/09\\\/cropped-logo-transparent-Foot-Copie.png\",\"width\":764,\"height\":912,\"caption\":\"Dijon Universit\u00e9 Club Section Football\"},\"image\":{\"@id\":\"https:\\\/\\\/dijonuniversiteclub.fr\\\/football\\\/#\\\/schema\\\/logo\\\/image\\\/\"},\"sameAs\":[\"https:\\\/\\\/www.facebook.com\\\/ducfootball\",\"https:\\\/\\\/www.instagram.com\\\/dijonuniversiteclub\"]}]}<\/script>\n<!-- \/ Yoast SEO plugin. -->","yoast_head_json":{"title":"\u00c9cole de football - Dijon Universit\u00e9 Club Section Football","description":"\u00c9cole de football du Dijon Universit\u00e9 Club. A partir de 6 ans jusqu'\u00e0 11 ans, nous accueillons les filles et gar\u00e7ons. Contactez-nous !","robots":{"index":"index","follow":"follow","max-snippet":"max-snippet:-1","max-image-preview":"max-image-preview:large","max-video-preview":"max-video-preview:-1"},"canonical":"https:\/\/dijonuniversiteclub.fr\/football\/ecole-de-football\/","og_locale":"fr_FR","og_type":"article","og_title":"\u00c9cole de football - Dijon Universit\u00e9 Club Section Football","og_description":"\u00c9cole de football du Dijon Universit\u00e9 Club. A partir de 6 ans jusqu'\u00e0 11 ans, nous accueillons les filles et gar\u00e7ons. Contactez-nous !","og_url":"https:\/\/dijonuniversiteclub.fr\/football\/ecole-de-football\/","og_site_name":"Dijon Universit\u00e9 Club Section Football","article_publisher":"https:\/\/www.facebook.com\/ducfootball","article_modified_time":"2025-06-19T19:06:32+00:00","og_image":[{"url":"https:\/\/dijonuniversiteclub.fr\/football\/wp-content\/uploads\/2025\/06\/forfait-10-seances-ze.jpg","type":"","width":"","height":""}],"twitter_card":"summary_large_image","twitter_misc":{"Dur\u00e9e de lecture estim\u00e9e":"1 minute"},"schema":{"@context":"https:\/\/schema.org","@graph":[{"@type":"WebPage","@id":"https:\/\/dijonuniversiteclub.fr\/football\/ecole-de-football\/","url":"https:\/\/dijonuniversiteclub.fr\/football\/ecole-de-football\/","name":"\u00c9cole de football - Dijon Universit\u00e9 Club Section Football","isPartOf":{"@id":"https:\/\/dijonuniversiteclub.fr\/football\/#website"},"primaryImageOfPage":{"@id":"https:\/\/dijonuniversiteclub.fr\/football\/ecole-de-football\/#primaryimage"},"image":{"@id":"https:\/\/dijonuniversiteclub.fr\/football\/ecole-de-football\/#primaryimage"},"thumbnailUrl":"https:\/\/dijonuniversiteclub.fr\/football\/wp-content\/uploads\/2025\/06\/forfait-10-seances-ze.jpg","datePublished":"2022-09-01T14:13:47+00:00","dateModified":"2025-06-19T19:06:32+00:00","description":"\u00c9cole de football du Dijon Universit\u00e9 Club. A partir de 6 ans jusqu'\u00e0 11 ans, nous accueillons les filles et gar\u00e7ons. Contactez-nous !","breadcrumb":{"@id":"https:\/\/dijonuniversiteclub.fr\/football\/ecole-de-football\/#breadcrumb"},"inLanguage":"fr-FR","potentialAction":[{"@type":"ReadAction","target":["https:\/\/dijonuniversiteclub.fr\/football\/ecole-de-football\/"]}]},{"@type":"ImageObject","inLanguage":"fr-FR","@id":"https:\/\/dijonuniversiteclub.fr\/football\/ecole-de-football\/#primaryimage","url":"https:\/\/dijonuniversiteclub.fr\/football\/wp-content\/uploads\/2025\/06\/forfait-10-seances-ze.jpg","contentUrl":"https:\/\/dijonuniversiteclub.fr\/football\/wp-content\/uploads\/2025\/06\/forfait-10-seances-ze.jpg","width":910,"height":910},{"@type":"BreadcrumbList","@id":"https:\/\/dijonuniversiteclub.fr\/football\/ecole-de-football\/#breadcrumb","itemListElement":[{"@type":"ListItem","position":1,"name":"Accueil","item":"https:\/\/dijonuniversiteclub.fr\/football\/"},{"@type":"ListItem","position":2,"name":"\u00c9cole de football"}]},{"@type":"WebSite","@id":"https:\/\/dijonuniversiteclub.fr\/football\/#website","url":"https:\/\/dijonuniversiteclub.fr\/football\/","name":"Dijon Universit\u00e9 Club Section Football","description":"","publisher":{"@id":"https:\/\/dijonuniversiteclub.fr\/football\/#organization"},"potentialAction":[{"@type":"SearchAction","target":{"@type":"EntryPoint","urlTemplate":"https:\/\/dijonuniversiteclub.fr\/football\/?s={search_term_string}"},"query-input":{"@type":"PropertyValueSpecification","valueRequired":true,"valueName":"search_term_string"}}],"inLanguage":"fr-FR"},{"@type":"Organization","@id":"https:\/\/dijonuniversiteclub.fr\/football\/#organization","name":"Dijon Universit\u00e9 Club Section Football","url":"https:\/\/dijonuniversiteclub.fr\/football\/","logo":{"@type":"ImageObject","inLanguage":"fr-FR","@id":"https:\/\/dijonuniversiteclub.fr\/football\/#\/schema\/logo\/image\/","url":"https:\/\/dijonuniversiteclub.fr\/football\/wp-content\/uploads\/2022\/09\/cropped-logo-transparent-Foot-Copie.png","contentUrl":"https:\/\/dijonuniversiteclub.fr\/football\/wp-content\/uploads\/2022\/09\/cropped-logo-transparent-Foot-Copie.png","width":764,"height":912,"caption":"Dijon Universit\u00e9 Club Section Football"},"image":{"@id":"https:\/\/dijonuniversiteclub.fr\/football\/#\/schema\/logo\/image\/"},"sameAs":["https:\/\/www.facebook.com\/ducfootball","https:\/\/www.instagram.com\/dijonuniversiteclub"]}]}},"_links":{"self":[{"href":"https:\/\/dijonuniversiteclub.fr\/football\/wp-json\/wp\/v2\/pages\/203","targetHints":{"allow":["GET"]}}],"collection":[{"href":"https:\/\/dijonuniversiteclub.fr\/football\/wp-json\/wp\/v2\/pages"}],"about":[{"href":"https:\/\/dijonuniversiteclub.fr\/football\/wp-json\/wp\/v2\/types\/page"}],"author":[{"embeddable":true,"href":"https:\/\/dijonuniversiteclub.fr\/football\/wp-json\/wp\/v2\/users\/1"}],"replies":[{"embeddable":true,"href":"https:\/\/dijonuniversiteclub.fr\/football\/wp-json\/wp\/v2\/comments?post=203"}],"version-history":[{"count":13,"href":"https:\/\/dijonuniversiteclub.fr\/football\/wp-json\/wp\/v2\/pages\/203\/revisions"}],"predecessor-version":[{"id":895,"href":"https:\/\/dijonuniversiteclub.fr\/football\/wp-json\/wp\/v2\/pages\/203\/revisions\/895"}],"wp:attachment":[{"href":"https:\/\/dijonuniversiteclub.fr\/football\/wp-json\/wp\/v2\/media?parent=203"}],"curies":[{"name":"wp","href":"https:\/\/api.w.org\/{rel}","templated":true}]}}