{"id":280,"date":"2022-09-01T17:28:53","date_gmt":"2022-09-01T15:28:53","guid":{"rendered":"https:\/\/dijonuniversiteclub.fr\/football\/?page_id=280"},"modified":"2025-09-01T14:49:44","modified_gmt":"2025-09-01T12:49:44","slug":"les-dirigeants-du-club","status":"publish","type":"page","link":"https:\/\/dijonuniversiteclub.fr\/football\/les-dirigeants-du-club\/","title":{"rendered":"Les dirigeant\u00b7e\u00b7s du club 2025-2029"},"content":{"rendered":"\n<h1 class=\"wp-block-heading\">Membres du Comit\u00e9s Directeur 2025-2029<\/h1>\n\n\n\n<p><strong>Constituants le Bureau :<\/strong><\/p>\n\n\n\n<p>Denis GUVENATAM &#8211; Pr\u00e9sident<\/p>\n\n\n\n<p>Christine MENIN \u2013 Tr\u00e9sori\u00e8re<\/p>\n\n\n\n<p>Francesco PANICO \u2013 Pr\u00e9sident d\u00e9l\u00e9gu\u00e9 et secr\u00e9taire g\u00e9n\u00e9ral<\/p>\n\n\n\n<p>Alije SALIHU \u2013 Vice-pr\u00e9sidente<\/p>\n\n\n\n<p>J\u00e9r\u00f4me SEGUIN \u2013 Vice-Pr\u00e9sident<\/p>\n\n\n\n<p><strong>Constituants les autres membres du Comit\u00e9 Directeur :<\/strong><\/p>\n\n\n\n<p>Mathieu BRUOT \u2013 Membre du Comit\u00e9 Directeur<\/p>\n\n\n\n<p>Houssouna SENA \u2013 Membre du Comit\u00e9 Directeur<\/p>\n\n\n\n<p>Sylvain RONGET \u2013 Membre du Comit\u00e9 Directeur<\/p>\n\n\n\n<p>C\u00e9lestine ARAMBOURG \u2013 Membre du Comit\u00e9 Directeur<\/p>\n\n\n\n<p>No\u00e9mie CHARROIN \u2013 Membre du Comit\u00e9 Directeur<\/p>\n\n\n\n<p>Mathilde CHARLET \u2013 Membre du Comit\u00e9 Directeur<\/p>\n\n\n\n<p>Ad\u00e9la\u00efde WILLEM \u2013 Membre du Comit\u00e9 Directeur<\/p>\n\n\n\n<p>Elodie SEGUIN \u2013 Membre du Comit\u00e9 Directeur<\/p>\n\n\n\n<p>Mahamoud ZARNADJI \u2013 Membre du Comit\u00e9 Directeur<\/p>\n","protected":false},"excerpt":{"rendered":"<p>Membres du Comit\u00e9s Directeur 2025-2029 Constituants le Bureau : Denis GUVENATAM &#8211; Pr\u00e9sident Christine MENIN \u2013 Tr\u00e9sori\u00e8re Francesco PANICO \u2013 Pr\u00e9sident d\u00e9l\u00e9gu\u00e9 et secr\u00e9taire g\u00e9n\u00e9ral Alije SALIHU \u2013 Vice-pr\u00e9sidente J\u00e9r\u00f4me SEGUIN \u2013 Vice-Pr\u00e9sident Constituants les autres membres du Comit\u00e9 Directeur : Mathieu BRUOT \u2013 Membre du Comit\u00e9 Directeur Houssouna SENA \u2013 Membre du Comit\u00e9 Directeur [&hellip;]<\/p>\n","protected":false},"author":1,"featured_media":0,"parent":0,"menu_order":0,"comment_status":"closed","ping_status":"closed","template":"","meta":{"footnotes":""},"class_list":["post-280","page","type-page","status-publish","hentry"],"yoast_head":"<!-- This site is optimized with the Yoast SEO plugin v27.5 - https:\/\/yoast.com\/product\/yoast-seo-wordpress\/ -->\n<title>Les dirigeant\u00b7e\u00b7s du club 2025-2029 - Dijon Universit\u00e9 Club Section Football<\/title>\n<meta name=\"robots\" content=\"index, follow, max-snippet:-1, max-image-preview:large, max-video-preview:-1\" \/>\n<link rel=\"canonical\" href=\"https:\/\/dijonuniversiteclub.fr\/football\/les-dirigeants-du-club\/\" \/>\n<meta property=\"og:locale\" content=\"fr_FR\" \/>\n<meta property=\"og:type\" content=\"article\" \/>\n<meta property=\"og:title\" content=\"Les dirigeant\u00b7e\u00b7s du club 2025-2029 - Dijon Universit\u00e9 Club Section Football\" \/>\n<meta property=\"og:description\" content=\"Membres du Comit\u00e9s Directeur 2025-2029 Constituants le Bureau : Denis GUVENATAM &#8211; Pr\u00e9sident Christine MENIN \u2013 Tr\u00e9sori\u00e8re Francesco PANICO \u2013 Pr\u00e9sident d\u00e9l\u00e9gu\u00e9 et secr\u00e9taire g\u00e9n\u00e9ral Alije SALIHU \u2013 Vice-pr\u00e9sidente J\u00e9r\u00f4me SEGUIN \u2013 Vice-Pr\u00e9sident Constituants les autres membres du Comit\u00e9 Directeur : Mathieu BRUOT \u2013 Membre du Comit\u00e9 Directeur Houssouna SENA \u2013 Membre du Comit\u00e9 Directeur [&hellip;]\" \/>\n<meta property=\"og:url\" content=\"https:\/\/dijonuniversiteclub.fr\/football\/les-dirigeants-du-club\/\" \/>\n<meta property=\"og:site_name\" content=\"Dijon Universit\u00e9 Club Section Football\" \/>\n<meta property=\"article:publisher\" content=\"https:\/\/www.facebook.com\/ducfootball\" \/>\n<meta property=\"article:modified_time\" content=\"2025-09-01T12:49:44+00:00\" \/>\n<meta name=\"twitter:card\" content=\"summary_large_image\" \/>\n<meta name=\"twitter:label1\" content=\"Dur\u00e9e de lecture estim\u00e9e\" \/>\n\t<meta name=\"twitter:data1\" content=\"1 minute\" \/>\n<script type=\"application\/ld+json\" class=\"yoast-schema-graph\">{\"@context\":\"https:\\\/\\\/schema.org\",\"@graph\":[{\"@type\":\"WebPage\",\"@id\":\"https:\\\/\\\/dijonuniversiteclub.fr\\\/football\\\/les-dirigeants-du-club\\\/\",\"url\":\"https:\\\/\\\/dijonuniversiteclub.fr\\\/football\\\/les-dirigeants-du-club\\\/\",\"name\":\"Les dirigeant\u00b7e\u00b7s du club 2025-2029 - Dijon Universit\u00e9 Club Section Football\",\"isPartOf\":{\"@id\":\"https:\\\/\\\/dijonuniversiteclub.fr\\\/football\\\/#website\"},\"datePublished\":\"2022-09-01T15:28:53+00:00\",\"dateModified\":\"2025-09-01T12:49:44+00:00\",\"breadcrumb\":{\"@id\":\"https:\\\/\\\/dijonuniversiteclub.fr\\\/football\\\/les-dirigeants-du-club\\\/#breadcrumb\"},\"inLanguage\":\"fr-FR\",\"potentialAction\":[{\"@type\":\"ReadAction\",\"target\":[\"https:\\\/\\\/dijonuniversiteclub.fr\\\/football\\\/les-dirigeants-du-club\\\/\"]}]},{\"@type\":\"BreadcrumbList\",\"@id\":\"https:\\\/\\\/dijonuniversiteclub.fr\\\/football\\\/les-dirigeants-du-club\\\/#breadcrumb\",\"itemListElement\":[{\"@type\":\"ListItem\",\"position\":1,\"name\":\"Accueil\",\"item\":\"https:\\\/\\\/dijonuniversiteclub.fr\\\/football\\\/\"},{\"@type\":\"ListItem\",\"position\":2,\"name\":\"Les dirigeant\u00b7e\u00b7s du club 2025-2029\"}]},{\"@type\":\"WebSite\",\"@id\":\"https:\\\/\\\/dijonuniversiteclub.fr\\\/football\\\/#website\",\"url\":\"https:\\\/\\\/dijonuniversiteclub.fr\\\/football\\\/\",\"name\":\"Dijon Universit\u00e9 Club Section Football\",\"description\":\"\",\"publisher\":{\"@id\":\"https:\\\/\\\/dijonuniversiteclub.fr\\\/football\\\/#organization\"},\"potentialAction\":[{\"@type\":\"SearchAction\",\"target\":{\"@type\":\"EntryPoint\",\"urlTemplate\":\"https:\\\/\\\/dijonuniversiteclub.fr\\\/football\\\/?s={search_term_string}\"},\"query-input\":{\"@type\":\"PropertyValueSpecification\",\"valueRequired\":true,\"valueName\":\"search_term_string\"}}],\"inLanguage\":\"fr-FR\"},{\"@type\":\"Organization\",\"@id\":\"https:\\\/\\\/dijonuniversiteclub.fr\\\/football\\\/#organization\",\"name\":\"Dijon Universit\u00e9 Club Section Football\",\"url\":\"https:\\\/\\\/dijonuniversiteclub.fr\\\/football\\\/\",\"logo\":{\"@type\":\"ImageObject\",\"inLanguage\":\"fr-FR\",\"@id\":\"https:\\\/\\\/dijonuniversiteclub.fr\\\/football\\\/#\\\/schema\\\/logo\\\/image\\\/\",\"url\":\"https:\\\/\\\/dijonuniversiteclub.fr\\\/football\\\/wp-content\\\/uploads\\\/2022\\\/09\\\/cropped-logo-transparent-Foot-Copie.png\",\"contentUrl\":\"https:\\\/\\\/dijonuniversiteclub.fr\\\/football\\\/wp-content\\\/uploads\\\/2022\\\/09\\\/cropped-logo-transparent-Foot-Copie.png\",\"width\":764,\"height\":912,\"caption\":\"Dijon Universit\u00e9 Club Section Football\"},\"image\":{\"@id\":\"https:\\\/\\\/dijonuniversiteclub.fr\\\/football\\\/#\\\/schema\\\/logo\\\/image\\\/\"},\"sameAs\":[\"https:\\\/\\\/www.facebook.com\\\/ducfootball\",\"https:\\\/\\\/www.instagram.com\\\/dijonuniversiteclub\"]}]}<\/script>\n<!-- \/ Yoast SEO plugin. -->","yoast_head_json":{"title":"Les dirigeant\u00b7e\u00b7s du club 2025-2029 - Dijon Universit\u00e9 Club Section Football","robots":{"index":"index","follow":"follow","max-snippet":"max-snippet:-1","max-image-preview":"max-image-preview:large","max-video-preview":"max-video-preview:-1"},"canonical":"https:\/\/dijonuniversiteclub.fr\/football\/les-dirigeants-du-club\/","og_locale":"fr_FR","og_type":"article","og_title":"Les dirigeant\u00b7e\u00b7s du club 2025-2029 - Dijon Universit\u00e9 Club Section Football","og_description":"Membres du Comit\u00e9s Directeur 2025-2029 Constituants le Bureau : Denis GUVENATAM &#8211; Pr\u00e9sident Christine MENIN \u2013 Tr\u00e9sori\u00e8re Francesco PANICO \u2013 Pr\u00e9sident d\u00e9l\u00e9gu\u00e9 et secr\u00e9taire g\u00e9n\u00e9ral Alije SALIHU \u2013 Vice-pr\u00e9sidente J\u00e9r\u00f4me SEGUIN \u2013 Vice-Pr\u00e9sident Constituants les autres membres du Comit\u00e9 Directeur : Mathieu BRUOT \u2013 Membre du Comit\u00e9 Directeur Houssouna SENA \u2013 Membre du Comit\u00e9 Directeur [&hellip;]","og_url":"https:\/\/dijonuniversiteclub.fr\/football\/les-dirigeants-du-club\/","og_site_name":"Dijon Universit\u00e9 Club Section Football","article_publisher":"https:\/\/www.facebook.com\/ducfootball","article_modified_time":"2025-09-01T12:49:44+00:00","twitter_card":"summary_large_image","twitter_misc":{"Dur\u00e9e de lecture estim\u00e9e":"1 minute"},"schema":{"@context":"https:\/\/schema.org","@graph":[{"@type":"WebPage","@id":"https:\/\/dijonuniversiteclub.fr\/football\/les-dirigeants-du-club\/","url":"https:\/\/dijonuniversiteclub.fr\/football\/les-dirigeants-du-club\/","name":"Les dirigeant\u00b7e\u00b7s du club 2025-2029 - Dijon Universit\u00e9 Club Section Football","isPartOf":{"@id":"https:\/\/dijonuniversiteclub.fr\/football\/#website"},"datePublished":"2022-09-01T15:28:53+00:00","dateModified":"2025-09-01T12:49:44+00:00","breadcrumb":{"@id":"https:\/\/dijonuniversiteclub.fr\/football\/les-dirigeants-du-club\/#breadcrumb"},"inLanguage":"fr-FR","potentialAction":[{"@type":"ReadAction","target":["https:\/\/dijonuniversiteclub.fr\/football\/les-dirigeants-du-club\/"]}]},{"@type":"BreadcrumbList","@id":"https:\/\/dijonuniversiteclub.fr\/football\/les-dirigeants-du-club\/#breadcrumb","itemListElement":[{"@type":"ListItem","position":1,"name":"Accueil","item":"https:\/\/dijonuniversiteclub.fr\/football\/"},{"@type":"ListItem","position":2,"name":"Les dirigeant\u00b7e\u00b7s du club 2025-2029"}]},{"@type":"WebSite","@id":"https:\/\/dijonuniversiteclub.fr\/football\/#website","url":"https:\/\/dijonuniversiteclub.fr\/football\/","name":"Dijon Universit\u00e9 Club Section Football","description":"","publisher":{"@id":"https:\/\/dijonuniversiteclub.fr\/football\/#organization"},"potentialAction":[{"@type":"SearchAction","target":{"@type":"EntryPoint","urlTemplate":"https:\/\/dijonuniversiteclub.fr\/football\/?s={search_term_string}"},"query-input":{"@type":"PropertyValueSpecification","valueRequired":true,"valueName":"search_term_string"}}],"inLanguage":"fr-FR"},{"@type":"Organization","@id":"https:\/\/dijonuniversiteclub.fr\/football\/#organization","name":"Dijon Universit\u00e9 Club Section Football","url":"https:\/\/dijonuniversiteclub.fr\/football\/","logo":{"@type":"ImageObject","inLanguage":"fr-FR","@id":"https:\/\/dijonuniversiteclub.fr\/football\/#\/schema\/logo\/image\/","url":"https:\/\/dijonuniversiteclub.fr\/football\/wp-content\/uploads\/2022\/09\/cropped-logo-transparent-Foot-Copie.png","contentUrl":"https:\/\/dijonuniversiteclub.fr\/football\/wp-content\/uploads\/2022\/09\/cropped-logo-transparent-Foot-Copie.png","width":764,"height":912,"caption":"Dijon Universit\u00e9 Club Section Football"},"image":{"@id":"https:\/\/dijonuniversiteclub.fr\/football\/#\/schema\/logo\/image\/"},"sameAs":["https:\/\/www.facebook.com\/ducfootball","https:\/\/www.instagram.com\/dijonuniversiteclub"]}]}},"_links":{"self":[{"href":"https:\/\/dijonuniversiteclub.fr\/football\/wp-json\/wp\/v2\/pages\/280","targetHints":{"allow":["GET"]}}],"collection":[{"href":"https:\/\/dijonuniversiteclub.fr\/football\/wp-json\/wp\/v2\/pages"}],"about":[{"href":"https:\/\/dijonuniversiteclub.fr\/football\/wp-json\/wp\/v2\/types\/page"}],"author":[{"embeddable":true,"href":"https:\/\/dijonuniversiteclub.fr\/football\/wp-json\/wp\/v2\/users\/1"}],"replies":[{"embeddable":true,"href":"https:\/\/dijonuniversiteclub.fr\/football\/wp-json\/wp\/v2\/comments?post=280"}],"version-history":[{"count":6,"href":"https:\/\/dijonuniversiteclub.fr\/football\/wp-json\/wp\/v2\/pages\/280\/revisions"}],"predecessor-version":[{"id":930,"href":"https:\/\/dijonuniversiteclub.fr\/football\/wp-json\/wp\/v2\/pages\/280\/revisions\/930"}],"wp:attachment":[{"href":"https:\/\/dijonuniversiteclub.fr\/football\/wp-json\/wp\/v2\/media?parent=280"}],"curies":[{"name":"wp","href":"https:\/\/api.w.org\/{rel}","templated":true}]}}