{"id":288,"date":"2022-09-01T17:31:21","date_gmt":"2022-09-01T15:31:21","guid":{"rendered":"https:\/\/dijonuniversiteclub.fr\/football\/?page_id=288"},"modified":"2025-10-07T18:57:08","modified_gmt":"2025-10-07T16:57:08","slug":"la-boutique","status":"publish","type":"page","link":"https:\/\/dijonuniversiteclub.fr\/football\/la-boutique\/","title":{"rendered":"La boutique"},"content":{"rendered":"\n<p>D\u00e9couvrez l\u2019univers du <strong>Duc Football<\/strong> \u00e0 travers nos deux espaces d\u00e9di\u00e9s \u00e0 tous les passionn\u00e9s !<\/p>\n\n\n\n<p><br>\ud83d\udc49 <strong>Le Stock Privil\u00e9gi\u00e9<\/strong> rassemble nos <strong>anciennes collections<\/strong>, toujours actuelles et de <strong>qualit\u00e9<\/strong>, propos\u00e9es en <strong>quantit\u00e9s limit\u00e9es<\/strong>. <\/p>\n\n\n\n<div class=\"wp-block-buttons is-layout-flex wp-block-buttons-is-layout-flex\">\n<div class=\"wp-block-button\"><a class=\"wp-block-button__link has-text-align-center wp-element-button\" href=\"https:\/\/www.helloasso.com\/associations\/dijon-universite-club-section-football\/boutiques\/boutique-textile\" target=\"_blank\" rel=\"noreferrer noopener\">Boutique Stock Privil\u00e9gi\u00e9 DUC FOOTBALL<\/a><\/div>\n<\/div>\n\n\n\n<p><br>\ud83d\udc49 <strong>Le Comptoir du Duc<\/strong>, c\u2019est la <strong>nouvelle collection 2025-2026<\/strong> : un univers moderne, \u00e9l\u00e9gant et 100 % football, avec des <strong>pi\u00e8ces in\u00e9dites<\/strong> et disponibles d\u00e8s maintenant. <br><\/p>\n\n\n\n<div class=\"wp-block-buttons is-layout-flex wp-block-buttons-is-layout-flex\">\n<div class=\"wp-block-button\"><a class=\"wp-block-button__link wp-element-button\" href=\"https:\/\/www.helloasso.com\/associations\/dijon-universite-club-section-football\/boutiques\/le-comptoir-du-duc\" target=\"_blank\" rel=\"noreferrer noopener\">Le comptoir du DUC FOOTBALL 2025-2026<\/a><\/div>\n<\/div>\n\n\n\n<p><\/p>\n\n\n\n<p><strong>ATTENTION<\/strong><\/p>\n\n\n\n<p>\ud83d\uded2 <strong>Informations sur les commandes \u2013 Boutique du Duc Football<\/strong><\/p>\n\n\n\n<p>Pour garantir la meilleure organisation et un suivi pr\u00e9cis, les <strong>commandes pass\u00e9es sur nos boutiques<\/strong> (\ud83d\udce6 <em>Le Stock Privil\u00e9gi\u00e9<\/em> et \ud83c\udff0 <em>Le Comptoir du Duc<\/em>) sont <strong>centralis\u00e9es chaque 15 de chaque mois<\/strong>. Cela nous permet de regrouper les demandes et d\u2019assurer une livraison optimale.<\/p>\n\n\n\n<p>\u23f3 <strong>D\u00e9lais de r\u00e9ception :<\/strong> une fois la commande valid\u00e9e le 15, la livraison intervient <strong>dans un d\u00e9lai moyen de 3 semaines<\/strong>. Vous \u00eates ensuite inform\u00e9\u00b7e par mail ou message d\u00e8s que votre commande est disponible au retrait.<\/p>\n\n\n\n<p>\ud83d\udca1 <strong>Conseil :<\/strong> pensez \u00e0 anticiper vos besoins avant le 15 de chaque mois pour recevoir vos articles \u00e0 temps \u2014 que ce soit pour un match, un cadeau ou un nouvel \u00e9quipement !<\/p>\n\n\n\n<p><\/p>\n","protected":false},"excerpt":{"rendered":"<p>D\u00e9couvrez l\u2019univers du Duc Football \u00e0 travers nos deux espaces d\u00e9di\u00e9s \u00e0 tous les passionn\u00e9s ! \ud83d\udc49 Le Stock Privil\u00e9gi\u00e9 rassemble nos anciennes collections, toujours actuelles et de qualit\u00e9, propos\u00e9es en quantit\u00e9s limit\u00e9es. \ud83d\udc49 Le Comptoir du Duc, c\u2019est la nouvelle collection 2025-2026 : un univers moderne, \u00e9l\u00e9gant et 100 % football, avec des pi\u00e8ces [&hellip;]<\/p>\n","protected":false},"author":1,"featured_media":0,"parent":0,"menu_order":0,"comment_status":"closed","ping_status":"closed","template":"","meta":{"footnotes":""},"class_list":["post-288","page","type-page","status-publish","hentry"],"yoast_head":"<!-- This site is optimized with the Yoast SEO plugin v27.5 - https:\/\/yoast.com\/product\/yoast-seo-wordpress\/ -->\n<title>La boutique - Dijon Universit\u00e9 Club Section Football<\/title>\n<meta name=\"description\" content=\"D\u00e9couvrez Le Stock Privil\u00e9gi\u00e9 et Le Comptoir du Duc : anciennes collections limit\u00e9es et nouvelle collection 2025-2026 du Duc Football.\" \/>\n<meta name=\"robots\" content=\"index, follow, max-snippet:-1, max-image-preview:large, max-video-preview:-1\" \/>\n<link rel=\"canonical\" href=\"https:\/\/dijonuniversiteclub.fr\/football\/la-boutique\/\" \/>\n<meta property=\"og:locale\" content=\"fr_FR\" \/>\n<meta property=\"og:type\" content=\"article\" \/>\n<meta property=\"og:title\" content=\"La boutique - Dijon Universit\u00e9 Club Section Football\" \/>\n<meta property=\"og:description\" content=\"D\u00e9couvrez Le Stock Privil\u00e9gi\u00e9 et Le Comptoir du Duc : anciennes collections limit\u00e9es et nouvelle collection 2025-2026 du Duc Football.\" \/>\n<meta property=\"og:url\" content=\"https:\/\/dijonuniversiteclub.fr\/football\/la-boutique\/\" \/>\n<meta property=\"og:site_name\" content=\"Dijon Universit\u00e9 Club Section Football\" \/>\n<meta property=\"article:publisher\" content=\"https:\/\/www.facebook.com\/ducfootball\" \/>\n<meta property=\"article:modified_time\" content=\"2025-10-07T16:57:08+00:00\" \/>\n<meta name=\"twitter:card\" content=\"summary_large_image\" \/>\n<meta name=\"twitter:label1\" content=\"Dur\u00e9e de lecture estim\u00e9e\" \/>\n\t<meta name=\"twitter:data1\" content=\"1 minute\" \/>\n<script type=\"application\/ld+json\" class=\"yoast-schema-graph\">{\"@context\":\"https:\\\/\\\/schema.org\",\"@graph\":[{\"@type\":\"WebPage\",\"@id\":\"https:\\\/\\\/dijonuniversiteclub.fr\\\/football\\\/la-boutique\\\/\",\"url\":\"https:\\\/\\\/dijonuniversiteclub.fr\\\/football\\\/la-boutique\\\/\",\"name\":\"La boutique - Dijon Universit\u00e9 Club Section Football\",\"isPartOf\":{\"@id\":\"https:\\\/\\\/dijonuniversiteclub.fr\\\/football\\\/#website\"},\"datePublished\":\"2022-09-01T15:31:21+00:00\",\"dateModified\":\"2025-10-07T16:57:08+00:00\",\"description\":\"D\u00e9couvrez Le Stock Privil\u00e9gi\u00e9 et Le Comptoir du Duc : anciennes collections limit\u00e9es et nouvelle collection 2025-2026 du Duc Football.\",\"breadcrumb\":{\"@id\":\"https:\\\/\\\/dijonuniversiteclub.fr\\\/football\\\/la-boutique\\\/#breadcrumb\"},\"inLanguage\":\"fr-FR\",\"potentialAction\":[{\"@type\":\"ReadAction\",\"target\":[\"https:\\\/\\\/dijonuniversiteclub.fr\\\/football\\\/la-boutique\\\/\"]}]},{\"@type\":\"BreadcrumbList\",\"@id\":\"https:\\\/\\\/dijonuniversiteclub.fr\\\/football\\\/la-boutique\\\/#breadcrumb\",\"itemListElement\":[{\"@type\":\"ListItem\",\"position\":1,\"name\":\"Accueil\",\"item\":\"https:\\\/\\\/dijonuniversiteclub.fr\\\/football\\\/\"},{\"@type\":\"ListItem\",\"position\":2,\"name\":\"La boutique\"}]},{\"@type\":\"WebSite\",\"@id\":\"https:\\\/\\\/dijonuniversiteclub.fr\\\/football\\\/#website\",\"url\":\"https:\\\/\\\/dijonuniversiteclub.fr\\\/football\\\/\",\"name\":\"Dijon Universit\u00e9 Club Section Football\",\"description\":\"\",\"publisher\":{\"@id\":\"https:\\\/\\\/dijonuniversiteclub.fr\\\/football\\\/#organization\"},\"potentialAction\":[{\"@type\":\"SearchAction\",\"target\":{\"@type\":\"EntryPoint\",\"urlTemplate\":\"https:\\\/\\\/dijonuniversiteclub.fr\\\/football\\\/?s={search_term_string}\"},\"query-input\":{\"@type\":\"PropertyValueSpecification\",\"valueRequired\":true,\"valueName\":\"search_term_string\"}}],\"inLanguage\":\"fr-FR\"},{\"@type\":\"Organization\",\"@id\":\"https:\\\/\\\/dijonuniversiteclub.fr\\\/football\\\/#organization\",\"name\":\"Dijon Universit\u00e9 Club Section Football\",\"url\":\"https:\\\/\\\/dijonuniversiteclub.fr\\\/football\\\/\",\"logo\":{\"@type\":\"ImageObject\",\"inLanguage\":\"fr-FR\",\"@id\":\"https:\\\/\\\/dijonuniversiteclub.fr\\\/football\\\/#\\\/schema\\\/logo\\\/image\\\/\",\"url\":\"https:\\\/\\\/dijonuniversiteclub.fr\\\/football\\\/wp-content\\\/uploads\\\/2022\\\/09\\\/cropped-logo-transparent-Foot-Copie.png\",\"contentUrl\":\"https:\\\/\\\/dijonuniversiteclub.fr\\\/football\\\/wp-content\\\/uploads\\\/2022\\\/09\\\/cropped-logo-transparent-Foot-Copie.png\",\"width\":764,\"height\":912,\"caption\":\"Dijon Universit\u00e9 Club Section Football\"},\"image\":{\"@id\":\"https:\\\/\\\/dijonuniversiteclub.fr\\\/football\\\/#\\\/schema\\\/logo\\\/image\\\/\"},\"sameAs\":[\"https:\\\/\\\/www.facebook.com\\\/ducfootball\",\"https:\\\/\\\/www.instagram.com\\\/dijonuniversiteclub\"]}]}<\/script>\n<!-- \/ Yoast SEO plugin. -->","yoast_head_json":{"title":"La boutique - Dijon Universit\u00e9 Club Section Football","description":"D\u00e9couvrez Le Stock Privil\u00e9gi\u00e9 et Le Comptoir du Duc : anciennes collections limit\u00e9es et nouvelle collection 2025-2026 du Duc Football.","robots":{"index":"index","follow":"follow","max-snippet":"max-snippet:-1","max-image-preview":"max-image-preview:large","max-video-preview":"max-video-preview:-1"},"canonical":"https:\/\/dijonuniversiteclub.fr\/football\/la-boutique\/","og_locale":"fr_FR","og_type":"article","og_title":"La boutique - Dijon Universit\u00e9 Club Section Football","og_description":"D\u00e9couvrez Le Stock Privil\u00e9gi\u00e9 et Le Comptoir du Duc : anciennes collections limit\u00e9es et nouvelle collection 2025-2026 du Duc Football.","og_url":"https:\/\/dijonuniversiteclub.fr\/football\/la-boutique\/","og_site_name":"Dijon Universit\u00e9 Club Section Football","article_publisher":"https:\/\/www.facebook.com\/ducfootball","article_modified_time":"2025-10-07T16:57:08+00:00","twitter_card":"summary_large_image","twitter_misc":{"Dur\u00e9e de lecture estim\u00e9e":"1 minute"},"schema":{"@context":"https:\/\/schema.org","@graph":[{"@type":"WebPage","@id":"https:\/\/dijonuniversiteclub.fr\/football\/la-boutique\/","url":"https:\/\/dijonuniversiteclub.fr\/football\/la-boutique\/","name":"La boutique - Dijon Universit\u00e9 Club Section Football","isPartOf":{"@id":"https:\/\/dijonuniversiteclub.fr\/football\/#website"},"datePublished":"2022-09-01T15:31:21+00:00","dateModified":"2025-10-07T16:57:08+00:00","description":"D\u00e9couvrez Le Stock Privil\u00e9gi\u00e9 et Le Comptoir du Duc : anciennes collections limit\u00e9es et nouvelle collection 2025-2026 du Duc Football.","breadcrumb":{"@id":"https:\/\/dijonuniversiteclub.fr\/football\/la-boutique\/#breadcrumb"},"inLanguage":"fr-FR","potentialAction":[{"@type":"ReadAction","target":["https:\/\/dijonuniversiteclub.fr\/football\/la-boutique\/"]}]},{"@type":"BreadcrumbList","@id":"https:\/\/dijonuniversiteclub.fr\/football\/la-boutique\/#breadcrumb","itemListElement":[{"@type":"ListItem","position":1,"name":"Accueil","item":"https:\/\/dijonuniversiteclub.fr\/football\/"},{"@type":"ListItem","position":2,"name":"La boutique"}]},{"@type":"WebSite","@id":"https:\/\/dijonuniversiteclub.fr\/football\/#website","url":"https:\/\/dijonuniversiteclub.fr\/football\/","name":"Dijon Universit\u00e9 Club Section Football","description":"","publisher":{"@id":"https:\/\/dijonuniversiteclub.fr\/football\/#organization"},"potentialAction":[{"@type":"SearchAction","target":{"@type":"EntryPoint","urlTemplate":"https:\/\/dijonuniversiteclub.fr\/football\/?s={search_term_string}"},"query-input":{"@type":"PropertyValueSpecification","valueRequired":true,"valueName":"search_term_string"}}],"inLanguage":"fr-FR"},{"@type":"Organization","@id":"https:\/\/dijonuniversiteclub.fr\/football\/#organization","name":"Dijon Universit\u00e9 Club Section Football","url":"https:\/\/dijonuniversiteclub.fr\/football\/","logo":{"@type":"ImageObject","inLanguage":"fr-FR","@id":"https:\/\/dijonuniversiteclub.fr\/football\/#\/schema\/logo\/image\/","url":"https:\/\/dijonuniversiteclub.fr\/football\/wp-content\/uploads\/2022\/09\/cropped-logo-transparent-Foot-Copie.png","contentUrl":"https:\/\/dijonuniversiteclub.fr\/football\/wp-content\/uploads\/2022\/09\/cropped-logo-transparent-Foot-Copie.png","width":764,"height":912,"caption":"Dijon Universit\u00e9 Club Section Football"},"image":{"@id":"https:\/\/dijonuniversiteclub.fr\/football\/#\/schema\/logo\/image\/"},"sameAs":["https:\/\/www.facebook.com\/ducfootball","https:\/\/www.instagram.com\/dijonuniversiteclub"]}]}},"_links":{"self":[{"href":"https:\/\/dijonuniversiteclub.fr\/football\/wp-json\/wp\/v2\/pages\/288","targetHints":{"allow":["GET"]}}],"collection":[{"href":"https:\/\/dijonuniversiteclub.fr\/football\/wp-json\/wp\/v2\/pages"}],"about":[{"href":"https:\/\/dijonuniversiteclub.fr\/football\/wp-json\/wp\/v2\/types\/page"}],"author":[{"embeddable":true,"href":"https:\/\/dijonuniversiteclub.fr\/football\/wp-json\/wp\/v2\/users\/1"}],"replies":[{"embeddable":true,"href":"https:\/\/dijonuniversiteclub.fr\/football\/wp-json\/wp\/v2\/comments?post=288"}],"version-history":[{"count":7,"href":"https:\/\/dijonuniversiteclub.fr\/football\/wp-json\/wp\/v2\/pages\/288\/revisions"}],"predecessor-version":[{"id":951,"href":"https:\/\/dijonuniversiteclub.fr\/football\/wp-json\/wp\/v2\/pages\/288\/revisions\/951"}],"wp:attachment":[{"href":"https:\/\/dijonuniversiteclub.fr\/football\/wp-json\/wp\/v2\/media?parent=288"}],"curies":[{"name":"wp","href":"https:\/\/api.w.org\/{rel}","templated":true}]}}