{"id":435,"date":"2023-06-04T18:07:28","date_gmt":"2023-06-04T16:07:28","guid":{"rendered":"https:\/\/dijonuniversiteclub.fr\/football\/?page_id=435"},"modified":"2025-07-29T23:15:49","modified_gmt":"2025-07-29T21:15:49","slug":"baby-foot","status":"publish","type":"page","link":"https:\/\/dijonuniversiteclub.fr\/football\/baby-foot\/","title":{"rendered":"Baby-Foot"},"content":{"rendered":"\n<p>Le DUC Football accueillera vos enfants <strong>en mixit\u00e9 \u00e0 partir de 4 ans jusqu&rsquo;\u00e0 6 ans <\/strong>dans les ateliers Baby-Foot.<\/p>\n\n\n\n<p>Alije SALIHU aura la charge de l&rsquo;animation de cette cat\u00e9gorie les samedis matins.<\/p>\n\n\n\n<p><strong>Contact : Alije SALIHU 07 58 26 04 87<\/strong><\/p>\n\n\n\n<p>Une s\u00e9ance de Baby-Foot<strong> devra imp\u00e9rativement se faire en pr\u00e9sence d&rsquo;un des parents<\/strong>. Cette s\u00e9ance d&rsquo;une heure chaque semaine sera un moment privil\u00e9gi\u00e9 o\u00f9 vous et votre enfant allez apprendre plein d&rsquo;activit\u00e9s permettant de d\u00e9velopper leur motricit\u00e9, la pr\u00e9hension de l&rsquo;espace et le collectif.<\/p>\n\n\n\n<p><strong>Vous devrez \u00eatre autant actrice ou acteur avec enfant.<\/strong><\/p>\n\n\n\n<p><\/p>\n\n\n<div class=\"wp-block-image\">\n<figure class=\"aligncenter size-full\"><img loading=\"lazy\" decoding=\"async\" width=\"512\" height=\"346\" src=\"https:\/\/dijonuniversiteclub.fr\/football\/wp-content\/uploads\/2023\/06\/image.png\" alt=\"\" class=\"wp-image-436\" srcset=\"https:\/\/dijonuniversiteclub.fr\/football\/wp-content\/uploads\/2023\/06\/image.png 512w, https:\/\/dijonuniversiteclub.fr\/football\/wp-content\/uploads\/2023\/06\/image-300x203.png 300w\" sizes=\"auto, (max-width: 512px) 100vw, 512px\" \/><\/figure>\n<\/div>","protected":false},"excerpt":{"rendered":"<p>Le DUC Football accueillera vos enfants en mixit\u00e9 \u00e0 partir de 4 ans jusqu&rsquo;\u00e0 6 ans dans les ateliers Baby-Foot. Alije SALIHU aura la charge de l&rsquo;animation de cette cat\u00e9gorie les samedis matins. Contact : Alije SALIHU 07 58 26 04 87 Une s\u00e9ance de Baby-Foot devra imp\u00e9rativement se faire en pr\u00e9sence d&rsquo;un des parents. [&hellip;]<\/p>\n","protected":false},"author":1,"featured_media":0,"parent":0,"menu_order":0,"comment_status":"closed","ping_status":"closed","template":"","meta":{"footnotes":""},"class_list":["post-435","page","type-page","status-publish","hentry"],"yoast_head":"<!-- This site is optimized with the Yoast SEO plugin v27.4 - https:\/\/yoast.com\/product\/yoast-seo-wordpress\/ -->\n<title>Baby-Foot - Dijon Universit\u00e9 Club Section Football<\/title>\n<meta name=\"description\" content=\"Accueil de 3 \u00e0 6 ans en mixit\u00e9 pour apprendre le football avec les parents. Des moments avec votre enfant pour appr\u00e9hender la motricit\u00e9.\" \/>\n<meta name=\"robots\" content=\"index, follow, max-snippet:-1, max-image-preview:large, max-video-preview:-1\" \/>\n<link rel=\"canonical\" href=\"https:\/\/dijonuniversiteclub.fr\/football\/baby-foot\/\" \/>\n<meta property=\"og:locale\" content=\"fr_FR\" \/>\n<meta property=\"og:type\" content=\"article\" \/>\n<meta property=\"og:title\" content=\"Baby-Foot - Dijon Universit\u00e9 Club Section Football\" \/>\n<meta property=\"og:description\" content=\"Accueil de 3 \u00e0 6 ans en mixit\u00e9 pour apprendre le football avec les parents. Des moments avec votre enfant pour appr\u00e9hender la motricit\u00e9.\" \/>\n<meta property=\"og:url\" content=\"https:\/\/dijonuniversiteclub.fr\/football\/baby-foot\/\" \/>\n<meta property=\"og:site_name\" content=\"Dijon Universit\u00e9 Club Section Football\" \/>\n<meta property=\"article:publisher\" content=\"https:\/\/www.facebook.com\/ducfootball\" \/>\n<meta property=\"article:modified_time\" content=\"2025-07-29T21:15:49+00:00\" \/>\n<meta property=\"og:image\" content=\"https:\/\/dijonuniversiteclub.fr\/football\/wp-content\/uploads\/2023\/06\/image.png\" \/>\n<meta name=\"twitter:card\" content=\"summary_large_image\" \/>\n<meta name=\"twitter:label1\" content=\"Dur\u00e9e de lecture estim\u00e9e\" \/>\n\t<meta name=\"twitter:data1\" content=\"1 minute\" \/>\n<script type=\"application\/ld+json\" class=\"yoast-schema-graph\">{\"@context\":\"https:\\\/\\\/schema.org\",\"@graph\":[{\"@type\":\"WebPage\",\"@id\":\"https:\\\/\\\/dijonuniversiteclub.fr\\\/football\\\/baby-foot\\\/\",\"url\":\"https:\\\/\\\/dijonuniversiteclub.fr\\\/football\\\/baby-foot\\\/\",\"name\":\"Baby-Foot - Dijon Universit\u00e9 Club Section Football\",\"isPartOf\":{\"@id\":\"https:\\\/\\\/dijonuniversiteclub.fr\\\/football\\\/#website\"},\"primaryImageOfPage\":{\"@id\":\"https:\\\/\\\/dijonuniversiteclub.fr\\\/football\\\/baby-foot\\\/#primaryimage\"},\"image\":{\"@id\":\"https:\\\/\\\/dijonuniversiteclub.fr\\\/football\\\/baby-foot\\\/#primaryimage\"},\"thumbnailUrl\":\"https:\\\/\\\/dijonuniversiteclub.fr\\\/football\\\/wp-content\\\/uploads\\\/2023\\\/06\\\/image.png\",\"datePublished\":\"2023-06-04T16:07:28+00:00\",\"dateModified\":\"2025-07-29T21:15:49+00:00\",\"description\":\"Accueil de 3 \u00e0 6 ans en mixit\u00e9 pour apprendre le football avec les parents. Des moments avec votre enfant pour appr\u00e9hender la motricit\u00e9.\",\"breadcrumb\":{\"@id\":\"https:\\\/\\\/dijonuniversiteclub.fr\\\/football\\\/baby-foot\\\/#breadcrumb\"},\"inLanguage\":\"fr-FR\",\"potentialAction\":[{\"@type\":\"ReadAction\",\"target\":[\"https:\\\/\\\/dijonuniversiteclub.fr\\\/football\\\/baby-foot\\\/\"]}]},{\"@type\":\"ImageObject\",\"inLanguage\":\"fr-FR\",\"@id\":\"https:\\\/\\\/dijonuniversiteclub.fr\\\/football\\\/baby-foot\\\/#primaryimage\",\"url\":\"https:\\\/\\\/dijonuniversiteclub.fr\\\/football\\\/wp-content\\\/uploads\\\/2023\\\/06\\\/image.png\",\"contentUrl\":\"https:\\\/\\\/dijonuniversiteclub.fr\\\/football\\\/wp-content\\\/uploads\\\/2023\\\/06\\\/image.png\"},{\"@type\":\"BreadcrumbList\",\"@id\":\"https:\\\/\\\/dijonuniversiteclub.fr\\\/football\\\/baby-foot\\\/#breadcrumb\",\"itemListElement\":[{\"@type\":\"ListItem\",\"position\":1,\"name\":\"Accueil\",\"item\":\"https:\\\/\\\/dijonuniversiteclub.fr\\\/football\\\/\"},{\"@type\":\"ListItem\",\"position\":2,\"name\":\"Baby-Foot\"}]},{\"@type\":\"WebSite\",\"@id\":\"https:\\\/\\\/dijonuniversiteclub.fr\\\/football\\\/#website\",\"url\":\"https:\\\/\\\/dijonuniversiteclub.fr\\\/football\\\/\",\"name\":\"Dijon Universit\u00e9 Club Section Football\",\"description\":\"\",\"publisher\":{\"@id\":\"https:\\\/\\\/dijonuniversiteclub.fr\\\/football\\\/#organization\"},\"potentialAction\":[{\"@type\":\"SearchAction\",\"target\":{\"@type\":\"EntryPoint\",\"urlTemplate\":\"https:\\\/\\\/dijonuniversiteclub.fr\\\/football\\\/?s={search_term_string}\"},\"query-input\":{\"@type\":\"PropertyValueSpecification\",\"valueRequired\":true,\"valueName\":\"search_term_string\"}}],\"inLanguage\":\"fr-FR\"},{\"@type\":\"Organization\",\"@id\":\"https:\\\/\\\/dijonuniversiteclub.fr\\\/football\\\/#organization\",\"name\":\"Dijon Universit\u00e9 Club Section Football\",\"url\":\"https:\\\/\\\/dijonuniversiteclub.fr\\\/football\\\/\",\"logo\":{\"@type\":\"ImageObject\",\"inLanguage\":\"fr-FR\",\"@id\":\"https:\\\/\\\/dijonuniversiteclub.fr\\\/football\\\/#\\\/schema\\\/logo\\\/image\\\/\",\"url\":\"https:\\\/\\\/dijonuniversiteclub.fr\\\/football\\\/wp-content\\\/uploads\\\/2022\\\/09\\\/cropped-logo-transparent-Foot-Copie.png\",\"contentUrl\":\"https:\\\/\\\/dijonuniversiteclub.fr\\\/football\\\/wp-content\\\/uploads\\\/2022\\\/09\\\/cropped-logo-transparent-Foot-Copie.png\",\"width\":764,\"height\":912,\"caption\":\"Dijon Universit\u00e9 Club Section Football\"},\"image\":{\"@id\":\"https:\\\/\\\/dijonuniversiteclub.fr\\\/football\\\/#\\\/schema\\\/logo\\\/image\\\/\"},\"sameAs\":[\"https:\\\/\\\/www.facebook.com\\\/ducfootball\",\"https:\\\/\\\/www.instagram.com\\\/dijonuniversiteclub\"]}]}<\/script>\n<!-- \/ Yoast SEO plugin. -->","yoast_head_json":{"title":"Baby-Foot - Dijon Universit\u00e9 Club Section Football","description":"Accueil de 3 \u00e0 6 ans en mixit\u00e9 pour apprendre le football avec les parents. Des moments avec votre enfant pour appr\u00e9hender la motricit\u00e9.","robots":{"index":"index","follow":"follow","max-snippet":"max-snippet:-1","max-image-preview":"max-image-preview:large","max-video-preview":"max-video-preview:-1"},"canonical":"https:\/\/dijonuniversiteclub.fr\/football\/baby-foot\/","og_locale":"fr_FR","og_type":"article","og_title":"Baby-Foot - Dijon Universit\u00e9 Club Section Football","og_description":"Accueil de 3 \u00e0 6 ans en mixit\u00e9 pour apprendre le football avec les parents. Des moments avec votre enfant pour appr\u00e9hender la motricit\u00e9.","og_url":"https:\/\/dijonuniversiteclub.fr\/football\/baby-foot\/","og_site_name":"Dijon Universit\u00e9 Club Section Football","article_publisher":"https:\/\/www.facebook.com\/ducfootball","article_modified_time":"2025-07-29T21:15:49+00:00","og_image":[{"url":"https:\/\/dijonuniversiteclub.fr\/football\/wp-content\/uploads\/2023\/06\/image.png","type":"","width":"","height":""}],"twitter_card":"summary_large_image","twitter_misc":{"Dur\u00e9e de lecture estim\u00e9e":"1 minute"},"schema":{"@context":"https:\/\/schema.org","@graph":[{"@type":"WebPage","@id":"https:\/\/dijonuniversiteclub.fr\/football\/baby-foot\/","url":"https:\/\/dijonuniversiteclub.fr\/football\/baby-foot\/","name":"Baby-Foot - Dijon Universit\u00e9 Club Section Football","isPartOf":{"@id":"https:\/\/dijonuniversiteclub.fr\/football\/#website"},"primaryImageOfPage":{"@id":"https:\/\/dijonuniversiteclub.fr\/football\/baby-foot\/#primaryimage"},"image":{"@id":"https:\/\/dijonuniversiteclub.fr\/football\/baby-foot\/#primaryimage"},"thumbnailUrl":"https:\/\/dijonuniversiteclub.fr\/football\/wp-content\/uploads\/2023\/06\/image.png","datePublished":"2023-06-04T16:07:28+00:00","dateModified":"2025-07-29T21:15:49+00:00","description":"Accueil de 3 \u00e0 6 ans en mixit\u00e9 pour apprendre le football avec les parents. Des moments avec votre enfant pour appr\u00e9hender la motricit\u00e9.","breadcrumb":{"@id":"https:\/\/dijonuniversiteclub.fr\/football\/baby-foot\/#breadcrumb"},"inLanguage":"fr-FR","potentialAction":[{"@type":"ReadAction","target":["https:\/\/dijonuniversiteclub.fr\/football\/baby-foot\/"]}]},{"@type":"ImageObject","inLanguage":"fr-FR","@id":"https:\/\/dijonuniversiteclub.fr\/football\/baby-foot\/#primaryimage","url":"https:\/\/dijonuniversiteclub.fr\/football\/wp-content\/uploads\/2023\/06\/image.png","contentUrl":"https:\/\/dijonuniversiteclub.fr\/football\/wp-content\/uploads\/2023\/06\/image.png"},{"@type":"BreadcrumbList","@id":"https:\/\/dijonuniversiteclub.fr\/football\/baby-foot\/#breadcrumb","itemListElement":[{"@type":"ListItem","position":1,"name":"Accueil","item":"https:\/\/dijonuniversiteclub.fr\/football\/"},{"@type":"ListItem","position":2,"name":"Baby-Foot"}]},{"@type":"WebSite","@id":"https:\/\/dijonuniversiteclub.fr\/football\/#website","url":"https:\/\/dijonuniversiteclub.fr\/football\/","name":"Dijon Universit\u00e9 Club Section Football","description":"","publisher":{"@id":"https:\/\/dijonuniversiteclub.fr\/football\/#organization"},"potentialAction":[{"@type":"SearchAction","target":{"@type":"EntryPoint","urlTemplate":"https:\/\/dijonuniversiteclub.fr\/football\/?s={search_term_string}"},"query-input":{"@type":"PropertyValueSpecification","valueRequired":true,"valueName":"search_term_string"}}],"inLanguage":"fr-FR"},{"@type":"Organization","@id":"https:\/\/dijonuniversiteclub.fr\/football\/#organization","name":"Dijon Universit\u00e9 Club Section Football","url":"https:\/\/dijonuniversiteclub.fr\/football\/","logo":{"@type":"ImageObject","inLanguage":"fr-FR","@id":"https:\/\/dijonuniversiteclub.fr\/football\/#\/schema\/logo\/image\/","url":"https:\/\/dijonuniversiteclub.fr\/football\/wp-content\/uploads\/2022\/09\/cropped-logo-transparent-Foot-Copie.png","contentUrl":"https:\/\/dijonuniversiteclub.fr\/football\/wp-content\/uploads\/2022\/09\/cropped-logo-transparent-Foot-Copie.png","width":764,"height":912,"caption":"Dijon Universit\u00e9 Club Section Football"},"image":{"@id":"https:\/\/dijonuniversiteclub.fr\/football\/#\/schema\/logo\/image\/"},"sameAs":["https:\/\/www.facebook.com\/ducfootball","https:\/\/www.instagram.com\/dijonuniversiteclub"]}]}},"_links":{"self":[{"href":"https:\/\/dijonuniversiteclub.fr\/football\/wp-json\/wp\/v2\/pages\/435","targetHints":{"allow":["GET"]}}],"collection":[{"href":"https:\/\/dijonuniversiteclub.fr\/football\/wp-json\/wp\/v2\/pages"}],"about":[{"href":"https:\/\/dijonuniversiteclub.fr\/football\/wp-json\/wp\/v2\/types\/page"}],"author":[{"embeddable":true,"href":"https:\/\/dijonuniversiteclub.fr\/football\/wp-json\/wp\/v2\/users\/1"}],"replies":[{"embeddable":true,"href":"https:\/\/dijonuniversiteclub.fr\/football\/wp-json\/wp\/v2\/comments?post=435"}],"version-history":[{"count":8,"href":"https:\/\/dijonuniversiteclub.fr\/football\/wp-json\/wp\/v2\/pages\/435\/revisions"}],"predecessor-version":[{"id":919,"href":"https:\/\/dijonuniversiteclub.fr\/football\/wp-json\/wp\/v2\/pages\/435\/revisions\/919"}],"wp:attachment":[{"href":"https:\/\/dijonuniversiteclub.fr\/football\/wp-json\/wp\/v2\/media?parent=435"}],"curies":[{"name":"wp","href":"https:\/\/api.w.org\/{rel}","templated":true}]}}