{"id":523,"date":"2025-06-21T12:00:00","date_gmt":"2025-06-21T10:00:00","guid":{"rendered":"https:\/\/dijonuniversiteclub.fr\/football\/?page_id=523"},"modified":"2025-06-19T20:58:28","modified_gmt":"2025-06-19T18:58:28","slug":"cotisation","status":"publish","type":"page","link":"https:\/\/dijonuniversiteclub.fr\/football\/cotisation\/","title":{"rendered":"Cotisation"},"content":{"rendered":"\n<p>Selon nos statuts et notre r\u00e8glement int\u00e9rieur, chaque licenci\u00e9\u00b7e du Dijon Universit\u00e9 Club Section Football se doit de r\u00e9gler sa cotisation annuellement. <\/p>\n\n\n\n<p>Lorsque votre licence a \u00e9t\u00e9 valid\u00e9e par le responsable de cat\u00e9gorie, vous pouvez r\u00e9gler votre cotisation.<\/p>\n\n\n\n<p><strong>Si vous \u00eates b\u00e9n\u00e9ficiaires d&rsquo;Aides : <\/strong><\/p>\n\n\n\n<ul class=\"wp-block-list\">\n<li>Pass&rsquo;Sport,<\/li>\n\n\n\n<li>Aide \u00e0 la prise licence Ville de Dijon, <\/li>\n<\/ul>\n\n\n\n<p><strong>Ou vous souhaitez r\u00e9gler par Ch\u00e8ques-Vacances ANCV ou Coupons Sport ANCV, veuillez vous mettre en relation avec votre responsable de cat\u00e9gorie.<\/strong><\/p>\n\n\n\n<p>Si vous avez plusieurs enfants, vous pouvez b\u00e9n\u00e9ficier de r\u00e9ductions. Veuillez contacter le secr\u00e9taire G\u00e9n\u00e9ral : M. Francesco PANICO.<\/p>\n\n\n\n<p><strong>Les r\u00e8glements en num\u00e9raire ou en esp\u00e8ces doivent s&rsquo;effectuer en une seule fois.<\/strong><\/p>\n\n\n\n<p>Vous pouvez payez par ch\u00e8que en plusieurs fois en les donnant \u00e0 votre responsable de cat\u00e9gorie et en indiquant les dates d&rsquo;encaissement au dos avec le Pr\u00e9nom Nom et cat\u00e9gorie de votre enfant.<\/p>\n\n\n\n<p><strong>Nous vous proposons aussi un paiement en ligne par CB avec possibilit\u00e9 de payer en plusieurs fois avec notre partenaire Hello Asso.<\/strong><\/p>\n\n\n\n<div class=\"wp-block-buttons is-content-justification-center is-layout-flex wp-container-core-buttons-is-layout-16018d1d wp-block-buttons-is-layout-flex\">\n<div class=\"wp-block-button\"><a class=\"wp-block-button__link wp-element-button\" href=\"https:\/\/www.helloasso.com\/associations\/dijon-universite-club-section-football\/adhesions\/paiement-cotisation-2025-2026\" target=\"_blank\" rel=\"noreferrer noopener\">Payez en ligne<\/a><\/div>\n<\/div>\n\n\n\n<p><\/p>\n\n\n\n<p><\/p>\n","protected":false},"excerpt":{"rendered":"<p>Selon nos statuts et notre r\u00e8glement int\u00e9rieur, chaque licenci\u00e9\u00b7e du Dijon Universit\u00e9 Club Section Football se doit de r\u00e9gler sa cotisation annuellement. Lorsque votre licence a \u00e9t\u00e9 valid\u00e9e par le responsable de cat\u00e9gorie, vous pouvez r\u00e9gler votre cotisation. Si vous \u00eates b\u00e9n\u00e9ficiaires d&rsquo;Aides : Ou vous souhaitez r\u00e9gler par Ch\u00e8ques-Vacances ANCV ou Coupons Sport ANCV, [&hellip;]<\/p>\n","protected":false},"author":1,"featured_media":0,"parent":0,"menu_order":0,"comment_status":"closed","ping_status":"closed","template":"","meta":{"footnotes":""},"class_list":["post-523","page","type-page","status-publish","hentry"],"yoast_head":"<!-- This site is optimized with the Yoast SEO plugin v27.5 - https:\/\/yoast.com\/product\/yoast-seo-wordpress\/ -->\n<title>Cotisation - Dijon Universit\u00e9 Club Section Football<\/title>\n<meta name=\"robots\" content=\"index, follow, max-snippet:-1, max-image-preview:large, max-video-preview:-1\" \/>\n<link rel=\"canonical\" href=\"https:\/\/dijonuniversiteclub.fr\/football\/cotisation\/\" \/>\n<meta property=\"og:locale\" content=\"fr_FR\" \/>\n<meta property=\"og:type\" content=\"article\" \/>\n<meta property=\"og:title\" content=\"Cotisation - Dijon Universit\u00e9 Club Section Football\" \/>\n<meta property=\"og:description\" content=\"Selon nos statuts et notre r\u00e8glement int\u00e9rieur, chaque licenci\u00e9\u00b7e du Dijon Universit\u00e9 Club Section Football se doit de r\u00e9gler sa cotisation annuellement. Lorsque votre licence a \u00e9t\u00e9 valid\u00e9e par le responsable de cat\u00e9gorie, vous pouvez r\u00e9gler votre cotisation. Si vous \u00eates b\u00e9n\u00e9ficiaires d&rsquo;Aides : Ou vous souhaitez r\u00e9gler par Ch\u00e8ques-Vacances ANCV ou Coupons Sport ANCV, [&hellip;]\" \/>\n<meta property=\"og:url\" content=\"https:\/\/dijonuniversiteclub.fr\/football\/cotisation\/\" \/>\n<meta property=\"og:site_name\" content=\"Dijon Universit\u00e9 Club Section Football\" \/>\n<meta property=\"article:publisher\" content=\"https:\/\/www.facebook.com\/ducfootball\" \/>\n<meta name=\"twitter:card\" content=\"summary_large_image\" \/>\n<meta name=\"twitter:label1\" content=\"Dur\u00e9e de lecture estim\u00e9e\" \/>\n\t<meta name=\"twitter:data1\" content=\"1 minute\" \/>\n<script type=\"application\/ld+json\" class=\"yoast-schema-graph\">{\"@context\":\"https:\\\/\\\/schema.org\",\"@graph\":[{\"@type\":\"WebPage\",\"@id\":\"https:\\\/\\\/dijonuniversiteclub.fr\\\/football\\\/cotisation\\\/\",\"url\":\"https:\\\/\\\/dijonuniversiteclub.fr\\\/football\\\/cotisation\\\/\",\"name\":\"Cotisation - Dijon Universit\u00e9 Club Section Football\",\"isPartOf\":{\"@id\":\"https:\\\/\\\/dijonuniversiteclub.fr\\\/football\\\/#website\"},\"datePublished\":\"2025-06-21T10:00:00+00:00\",\"breadcrumb\":{\"@id\":\"https:\\\/\\\/dijonuniversiteclub.fr\\\/football\\\/cotisation\\\/#breadcrumb\"},\"inLanguage\":\"fr-FR\",\"potentialAction\":[{\"@type\":\"ReadAction\",\"target\":[\"https:\\\/\\\/dijonuniversiteclub.fr\\\/football\\\/cotisation\\\/\"]}]},{\"@type\":\"BreadcrumbList\",\"@id\":\"https:\\\/\\\/dijonuniversiteclub.fr\\\/football\\\/cotisation\\\/#breadcrumb\",\"itemListElement\":[{\"@type\":\"ListItem\",\"position\":1,\"name\":\"Accueil\",\"item\":\"https:\\\/\\\/dijonuniversiteclub.fr\\\/football\\\/\"},{\"@type\":\"ListItem\",\"position\":2,\"name\":\"Cotisation\"}]},{\"@type\":\"WebSite\",\"@id\":\"https:\\\/\\\/dijonuniversiteclub.fr\\\/football\\\/#website\",\"url\":\"https:\\\/\\\/dijonuniversiteclub.fr\\\/football\\\/\",\"name\":\"Dijon Universit\u00e9 Club Section Football\",\"description\":\"\",\"publisher\":{\"@id\":\"https:\\\/\\\/dijonuniversiteclub.fr\\\/football\\\/#organization\"},\"potentialAction\":[{\"@type\":\"SearchAction\",\"target\":{\"@type\":\"EntryPoint\",\"urlTemplate\":\"https:\\\/\\\/dijonuniversiteclub.fr\\\/football\\\/?s={search_term_string}\"},\"query-input\":{\"@type\":\"PropertyValueSpecification\",\"valueRequired\":true,\"valueName\":\"search_term_string\"}}],\"inLanguage\":\"fr-FR\"},{\"@type\":\"Organization\",\"@id\":\"https:\\\/\\\/dijonuniversiteclub.fr\\\/football\\\/#organization\",\"name\":\"Dijon Universit\u00e9 Club Section Football\",\"url\":\"https:\\\/\\\/dijonuniversiteclub.fr\\\/football\\\/\",\"logo\":{\"@type\":\"ImageObject\",\"inLanguage\":\"fr-FR\",\"@id\":\"https:\\\/\\\/dijonuniversiteclub.fr\\\/football\\\/#\\\/schema\\\/logo\\\/image\\\/\",\"url\":\"https:\\\/\\\/dijonuniversiteclub.fr\\\/football\\\/wp-content\\\/uploads\\\/2022\\\/09\\\/cropped-logo-transparent-Foot-Copie.png\",\"contentUrl\":\"https:\\\/\\\/dijonuniversiteclub.fr\\\/football\\\/wp-content\\\/uploads\\\/2022\\\/09\\\/cropped-logo-transparent-Foot-Copie.png\",\"width\":764,\"height\":912,\"caption\":\"Dijon Universit\u00e9 Club Section Football\"},\"image\":{\"@id\":\"https:\\\/\\\/dijonuniversiteclub.fr\\\/football\\\/#\\\/schema\\\/logo\\\/image\\\/\"},\"sameAs\":[\"https:\\\/\\\/www.facebook.com\\\/ducfootball\",\"https:\\\/\\\/www.instagram.com\\\/dijonuniversiteclub\"]}]}<\/script>\n<!-- \/ Yoast SEO plugin. -->","yoast_head_json":{"title":"Cotisation - Dijon Universit\u00e9 Club Section Football","robots":{"index":"index","follow":"follow","max-snippet":"max-snippet:-1","max-image-preview":"max-image-preview:large","max-video-preview":"max-video-preview:-1"},"canonical":"https:\/\/dijonuniversiteclub.fr\/football\/cotisation\/","og_locale":"fr_FR","og_type":"article","og_title":"Cotisation - Dijon Universit\u00e9 Club Section Football","og_description":"Selon nos statuts et notre r\u00e8glement int\u00e9rieur, chaque licenci\u00e9\u00b7e du Dijon Universit\u00e9 Club Section Football se doit de r\u00e9gler sa cotisation annuellement. Lorsque votre licence a \u00e9t\u00e9 valid\u00e9e par le responsable de cat\u00e9gorie, vous pouvez r\u00e9gler votre cotisation. Si vous \u00eates b\u00e9n\u00e9ficiaires d&rsquo;Aides : Ou vous souhaitez r\u00e9gler par Ch\u00e8ques-Vacances ANCV ou Coupons Sport ANCV, [&hellip;]","og_url":"https:\/\/dijonuniversiteclub.fr\/football\/cotisation\/","og_site_name":"Dijon Universit\u00e9 Club Section Football","article_publisher":"https:\/\/www.facebook.com\/ducfootball","twitter_card":"summary_large_image","twitter_misc":{"Dur\u00e9e de lecture estim\u00e9e":"1 minute"},"schema":{"@context":"https:\/\/schema.org","@graph":[{"@type":"WebPage","@id":"https:\/\/dijonuniversiteclub.fr\/football\/cotisation\/","url":"https:\/\/dijonuniversiteclub.fr\/football\/cotisation\/","name":"Cotisation - Dijon Universit\u00e9 Club Section Football","isPartOf":{"@id":"https:\/\/dijonuniversiteclub.fr\/football\/#website"},"datePublished":"2025-06-21T10:00:00+00:00","breadcrumb":{"@id":"https:\/\/dijonuniversiteclub.fr\/football\/cotisation\/#breadcrumb"},"inLanguage":"fr-FR","potentialAction":[{"@type":"ReadAction","target":["https:\/\/dijonuniversiteclub.fr\/football\/cotisation\/"]}]},{"@type":"BreadcrumbList","@id":"https:\/\/dijonuniversiteclub.fr\/football\/cotisation\/#breadcrumb","itemListElement":[{"@type":"ListItem","position":1,"name":"Accueil","item":"https:\/\/dijonuniversiteclub.fr\/football\/"},{"@type":"ListItem","position":2,"name":"Cotisation"}]},{"@type":"WebSite","@id":"https:\/\/dijonuniversiteclub.fr\/football\/#website","url":"https:\/\/dijonuniversiteclub.fr\/football\/","name":"Dijon Universit\u00e9 Club Section Football","description":"","publisher":{"@id":"https:\/\/dijonuniversiteclub.fr\/football\/#organization"},"potentialAction":[{"@type":"SearchAction","target":{"@type":"EntryPoint","urlTemplate":"https:\/\/dijonuniversiteclub.fr\/football\/?s={search_term_string}"},"query-input":{"@type":"PropertyValueSpecification","valueRequired":true,"valueName":"search_term_string"}}],"inLanguage":"fr-FR"},{"@type":"Organization","@id":"https:\/\/dijonuniversiteclub.fr\/football\/#organization","name":"Dijon Universit\u00e9 Club Section Football","url":"https:\/\/dijonuniversiteclub.fr\/football\/","logo":{"@type":"ImageObject","inLanguage":"fr-FR","@id":"https:\/\/dijonuniversiteclub.fr\/football\/#\/schema\/logo\/image\/","url":"https:\/\/dijonuniversiteclub.fr\/football\/wp-content\/uploads\/2022\/09\/cropped-logo-transparent-Foot-Copie.png","contentUrl":"https:\/\/dijonuniversiteclub.fr\/football\/wp-content\/uploads\/2022\/09\/cropped-logo-transparent-Foot-Copie.png","width":764,"height":912,"caption":"Dijon Universit\u00e9 Club Section Football"},"image":{"@id":"https:\/\/dijonuniversiteclub.fr\/football\/#\/schema\/logo\/image\/"},"sameAs":["https:\/\/www.facebook.com\/ducfootball","https:\/\/www.instagram.com\/dijonuniversiteclub"]}]}},"_links":{"self":[{"href":"https:\/\/dijonuniversiteclub.fr\/football\/wp-json\/wp\/v2\/pages\/523","targetHints":{"allow":["GET"]}}],"collection":[{"href":"https:\/\/dijonuniversiteclub.fr\/football\/wp-json\/wp\/v2\/pages"}],"about":[{"href":"https:\/\/dijonuniversiteclub.fr\/football\/wp-json\/wp\/v2\/types\/page"}],"author":[{"embeddable":true,"href":"https:\/\/dijonuniversiteclub.fr\/football\/wp-json\/wp\/v2\/users\/1"}],"replies":[{"embeddable":true,"href":"https:\/\/dijonuniversiteclub.fr\/football\/wp-json\/wp\/v2\/comments?post=523"}],"version-history":[{"count":7,"href":"https:\/\/dijonuniversiteclub.fr\/football\/wp-json\/wp\/v2\/pages\/523\/revisions"}],"predecessor-version":[{"id":884,"href":"https:\/\/dijonuniversiteclub.fr\/football\/wp-json\/wp\/v2\/pages\/523\/revisions\/884"}],"wp:attachment":[{"href":"https:\/\/dijonuniversiteclub.fr\/football\/wp-json\/wp\/v2\/media?parent=523"}],"curies":[{"name":"wp","href":"https:\/\/api.w.org\/{rel}","templated":true}]}}