{"id":618,"date":"2026-02-15T23:46:00","date_gmt":"2026-02-15T22:46:00","guid":{"rendered":"https:\/\/dijonuniversiteclub.fr\/football\/?page_id=618"},"modified":"2026-02-16T13:37:05","modified_gmt":"2026-02-16T12:37:05","slug":"tournoi-national-football-feminin-jeunes-dijon-universite-club","status":"publish","type":"page","link":"https:\/\/dijonuniversiteclub.fr\/football\/tournoi-national-football-feminin-jeunes-dijon-universite-club\/","title":{"rendered":"Tournoi Football 100% F\u00e9minin Dijon Universit\u00e9 Club 31 mai 2026"},"content":{"rendered":"\n<p><\/p>\n\n\n\n<h1 class=\"wp-block-heading has-text-align-center\">Tournoi Football 100% Dijon Universit\u00e9 Club<\/h1>\n\n\n\n<p class=\"has-text-align-center\">Nouvelle \u00e9dition du Tournoi National Football F\u00e9minin :<\/p>\n\n\n\n<p class=\"has-text-align-center\"><strong>Dimanche 31 mai 2026 : Tournoi 100% f\u00e9minin Foot \u00e0 8 U13F, U15F, U18F et S\u00e9nior F<\/strong><\/p>\n\n\n\n<h2 class=\"wp-block-heading\">Inscription :<\/h2>\n\n\n\n<p><img decoding=\"async\" alt=\"\ud83d\udc49\" src=\"https:\/\/fonts.gstatic.com\/s\/e\/notoemoji\/16.0\/1f449\/32.png\">&nbsp;Pour s&rsquo;inscrire ?&nbsp;<a href=\"https:\/\/docs.google.com\/forms\/d\/e\/1FAIpQLSeBPgYORbvUboYfAqFNFJZnXtpwsvF5ZiesUj0ipVcLKwSxLw\/viewform?usp=dialog\" target=\"_blank\" rel=\"noreferrer noopener\">https:\/\/docs.google.com\/forms\/d\/e\/1FAIpQLSeBPgYORbvUboYfAqFNFJZnXtpwsvF5ZiesUj0ipVcLKwSxLw\/viewform?usp=dialog<\/a><\/p>\n\n\n\n<p><strong>Frais d\u2019inscription<\/strong> : 25 \u20ac par \u00e9quipe (foot \u00e0 8 : 8 joueuses + 4 rempla\u00e7antes)<\/p>\n\n\n\n<p><strong>R\u00e8glement :<\/strong> par ch\u00e8que uniquement, \u00e0 envoyer avant le 10 Mai.<\/p>\n\n\n\n<p><strong>Adresse de l&rsquo;envoi : Chez M. Denis GUVENATAM<\/strong> 8 rue Joachim Durandeau 21000 Dijon&nbsp;<\/p>\n\n\n\n<p><strong>Ordre des ch\u00e8ques :<\/strong> DUC Football<\/p>\n\n\n<div class=\"wp-block-image\">\n<figure class=\"aligncenter size-full\"><img loading=\"lazy\" decoding=\"async\" width=\"603\" height=\"858\" src=\"https:\/\/dijonuniversiteclub.fr\/football\/wp-content\/uploads\/2026\/02\/Tournoi-100-feminin-31-mai-2026.png\" alt=\"\" class=\"wp-image-983\" srcset=\"https:\/\/dijonuniversiteclub.fr\/football\/wp-content\/uploads\/2026\/02\/Tournoi-100-feminin-31-mai-2026.png 603w, https:\/\/dijonuniversiteclub.fr\/football\/wp-content\/uploads\/2026\/02\/Tournoi-100-feminin-31-mai-2026-211x300.png 211w\" sizes=\"auto, (max-width: 603px) 100vw, 603px\" \/><\/figure>\n<\/div>\n\n\n<p class=\"has-text-align-left\"><\/p>\n\n\n\n<p>Sur place, vous trouverez bien \u00e9videmment notre buvette et toutes les commodit\u00e9s sur un grand espace s\u00e9curis\u00e9 avec des animations.<\/p>\n\n\n\n<h2 class=\"wp-block-heading has-text-align-center\"><strong>Renseignements : dijon.universite@lbfc-foot.fr<\/strong><\/h2>\n\n\n\n<p class=\"has-text-align-center\"><strong>ou 06 68 75 25 38<\/strong><\/p>\n\n\n\n<p class=\"has-text-align-center\">Vous pouvez r\u00e9gler aussi par virement ou ch\u00e8que, veuillez nous contacter.<\/p>\n","protected":false},"excerpt":{"rendered":"<p>Tournoi Football 100% Dijon Universit\u00e9 Club Nouvelle \u00e9dition du Tournoi National Football F\u00e9minin : Dimanche 31 mai 2026 : Tournoi 100% f\u00e9minin Foot \u00e0 8 U13F, U15F, U18F et S\u00e9nior F Inscription : &nbsp;Pour s&rsquo;inscrire ?&nbsp;https:\/\/docs.google.com\/forms\/d\/e\/1FAIpQLSeBPgYORbvUboYfAqFNFJZnXtpwsvF5ZiesUj0ipVcLKwSxLw\/viewform?usp=dialog Frais d\u2019inscription : 25 \u20ac par \u00e9quipe (foot \u00e0 8 : 8 joueuses + 4 rempla\u00e7antes) R\u00e8glement : par [&hellip;]<\/p>\n","protected":false},"author":1,"featured_media":0,"parent":0,"menu_order":0,"comment_status":"closed","ping_status":"closed","template":"","meta":{"footnotes":""},"class_list":["post-618","page","type-page","status-publish","hentry"],"yoast_head":"<!-- This site is optimized with the Yoast SEO plugin v27.4 - https:\/\/yoast.com\/product\/yoast-seo-wordpress\/ -->\n<title>Tournoi Football 100% F\u00e9minin Dijon Universit\u00e9 Club 31 mai 2026 - Dijon Universit\u00e9 Club Section Football<\/title>\n<meta name=\"description\" content=\"Tournoi National football 100% F\u00e9minin dimanche 31 mai 2026 \u00e0 Dijon sur le Campus Universitaire. INSCRIPTIONS ET RENSEIGNEMENTS\" \/>\n<meta name=\"robots\" content=\"index, follow, max-snippet:-1, max-image-preview:large, max-video-preview:-1\" \/>\n<link rel=\"canonical\" href=\"https:\/\/dijonuniversiteclub.fr\/football\/tournoi-national-football-feminin-jeunes-dijon-universite-club\/\" \/>\n<meta property=\"og:locale\" content=\"fr_FR\" \/>\n<meta property=\"og:type\" content=\"article\" \/>\n<meta property=\"og:title\" content=\"Tournoi Football 100% F\u00e9minin Dijon Universit\u00e9 Club 31 mai 2026 - Dijon Universit\u00e9 Club Section Football\" \/>\n<meta property=\"og:description\" content=\"Tournoi National football 100% F\u00e9minin dimanche 31 mai 2026 \u00e0 Dijon sur le Campus Universitaire. INSCRIPTIONS ET RENSEIGNEMENTS\" \/>\n<meta property=\"og:url\" content=\"https:\/\/dijonuniversiteclub.fr\/football\/tournoi-national-football-feminin-jeunes-dijon-universite-club\/\" \/>\n<meta property=\"og:site_name\" content=\"Dijon Universit\u00e9 Club Section Football\" \/>\n<meta property=\"article:publisher\" content=\"https:\/\/www.facebook.com\/ducfootball\" \/>\n<meta property=\"article:modified_time\" content=\"2026-02-16T12:37:05+00:00\" \/>\n<meta property=\"og:image\" content=\"https:\/\/fonts.gstatic.com\/s\/e\/notoemoji\/16.0\/1f449\/32.png\" \/>\n<meta name=\"twitter:card\" content=\"summary_large_image\" \/>\n<meta name=\"twitter:label1\" content=\"Dur\u00e9e de lecture estim\u00e9e\" \/>\n\t<meta name=\"twitter:data1\" content=\"1 minute\" \/>\n<script type=\"application\/ld+json\" class=\"yoast-schema-graph\">{\"@context\":\"https:\\\/\\\/schema.org\",\"@graph\":[{\"@type\":\"WebPage\",\"@id\":\"https:\\\/\\\/dijonuniversiteclub.fr\\\/football\\\/tournoi-national-football-feminin-jeunes-dijon-universite-club\\\/\",\"url\":\"https:\\\/\\\/dijonuniversiteclub.fr\\\/football\\\/tournoi-national-football-feminin-jeunes-dijon-universite-club\\\/\",\"name\":\"Tournoi Football 100% F\u00e9minin Dijon Universit\u00e9 Club 31 mai 2026 - Dijon Universit\u00e9 Club Section Football\",\"isPartOf\":{\"@id\":\"https:\\\/\\\/dijonuniversiteclub.fr\\\/football\\\/#website\"},\"primaryImageOfPage\":{\"@id\":\"https:\\\/\\\/dijonuniversiteclub.fr\\\/football\\\/tournoi-national-football-feminin-jeunes-dijon-universite-club\\\/#primaryimage\"},\"image\":{\"@id\":\"https:\\\/\\\/dijonuniversiteclub.fr\\\/football\\\/tournoi-national-football-feminin-jeunes-dijon-universite-club\\\/#primaryimage\"},\"thumbnailUrl\":\"https:\\\/\\\/fonts.gstatic.com\\\/s\\\/e\\\/notoemoji\\\/16.0\\\/1f449\\\/32.png\",\"datePublished\":\"2026-02-15T22:46:00+00:00\",\"dateModified\":\"2026-02-16T12:37:05+00:00\",\"description\":\"Tournoi National football 100% F\u00e9minin dimanche 31 mai 2026 \u00e0 Dijon sur le Campus Universitaire. INSCRIPTIONS ET RENSEIGNEMENTS\",\"breadcrumb\":{\"@id\":\"https:\\\/\\\/dijonuniversiteclub.fr\\\/football\\\/tournoi-national-football-feminin-jeunes-dijon-universite-club\\\/#breadcrumb\"},\"inLanguage\":\"fr-FR\",\"potentialAction\":[{\"@type\":\"ReadAction\",\"target\":[\"https:\\\/\\\/dijonuniversiteclub.fr\\\/football\\\/tournoi-national-football-feminin-jeunes-dijon-universite-club\\\/\"]}]},{\"@type\":\"ImageObject\",\"inLanguage\":\"fr-FR\",\"@id\":\"https:\\\/\\\/dijonuniversiteclub.fr\\\/football\\\/tournoi-national-football-feminin-jeunes-dijon-universite-club\\\/#primaryimage\",\"url\":\"https:\\\/\\\/fonts.gstatic.com\\\/s\\\/e\\\/notoemoji\\\/16.0\\\/1f449\\\/32.png\",\"contentUrl\":\"https:\\\/\\\/fonts.gstatic.com\\\/s\\\/e\\\/notoemoji\\\/16.0\\\/1f449\\\/32.png\"},{\"@type\":\"BreadcrumbList\",\"@id\":\"https:\\\/\\\/dijonuniversiteclub.fr\\\/football\\\/tournoi-national-football-feminin-jeunes-dijon-universite-club\\\/#breadcrumb\",\"itemListElement\":[{\"@type\":\"ListItem\",\"position\":1,\"name\":\"Accueil\",\"item\":\"https:\\\/\\\/dijonuniversiteclub.fr\\\/football\\\/\"},{\"@type\":\"ListItem\",\"position\":2,\"name\":\"Tournoi Football 100% F\u00e9minin Dijon Universit\u00e9 Club 31 mai 2026\"}]},{\"@type\":\"WebSite\",\"@id\":\"https:\\\/\\\/dijonuniversiteclub.fr\\\/football\\\/#website\",\"url\":\"https:\\\/\\\/dijonuniversiteclub.fr\\\/football\\\/\",\"name\":\"Dijon Universit\u00e9 Club Section Football\",\"description\":\"\",\"publisher\":{\"@id\":\"https:\\\/\\\/dijonuniversiteclub.fr\\\/football\\\/#organization\"},\"potentialAction\":[{\"@type\":\"SearchAction\",\"target\":{\"@type\":\"EntryPoint\",\"urlTemplate\":\"https:\\\/\\\/dijonuniversiteclub.fr\\\/football\\\/?s={search_term_string}\"},\"query-input\":{\"@type\":\"PropertyValueSpecification\",\"valueRequired\":true,\"valueName\":\"search_term_string\"}}],\"inLanguage\":\"fr-FR\"},{\"@type\":\"Organization\",\"@id\":\"https:\\\/\\\/dijonuniversiteclub.fr\\\/football\\\/#organization\",\"name\":\"Dijon Universit\u00e9 Club Section Football\",\"url\":\"https:\\\/\\\/dijonuniversiteclub.fr\\\/football\\\/\",\"logo\":{\"@type\":\"ImageObject\",\"inLanguage\":\"fr-FR\",\"@id\":\"https:\\\/\\\/dijonuniversiteclub.fr\\\/football\\\/#\\\/schema\\\/logo\\\/image\\\/\",\"url\":\"https:\\\/\\\/dijonuniversiteclub.fr\\\/football\\\/wp-content\\\/uploads\\\/2022\\\/09\\\/cropped-logo-transparent-Foot-Copie.png\",\"contentUrl\":\"https:\\\/\\\/dijonuniversiteclub.fr\\\/football\\\/wp-content\\\/uploads\\\/2022\\\/09\\\/cropped-logo-transparent-Foot-Copie.png\",\"width\":764,\"height\":912,\"caption\":\"Dijon Universit\u00e9 Club Section Football\"},\"image\":{\"@id\":\"https:\\\/\\\/dijonuniversiteclub.fr\\\/football\\\/#\\\/schema\\\/logo\\\/image\\\/\"},\"sameAs\":[\"https:\\\/\\\/www.facebook.com\\\/ducfootball\",\"https:\\\/\\\/www.instagram.com\\\/dijonuniversiteclub\"]}]}<\/script>\n<!-- \/ Yoast SEO plugin. -->","yoast_head_json":{"title":"Tournoi Football 100% F\u00e9minin Dijon Universit\u00e9 Club 31 mai 2026 - Dijon Universit\u00e9 Club Section Football","description":"Tournoi National football 100% F\u00e9minin dimanche 31 mai 2026 \u00e0 Dijon sur le Campus Universitaire. INSCRIPTIONS ET RENSEIGNEMENTS","robots":{"index":"index","follow":"follow","max-snippet":"max-snippet:-1","max-image-preview":"max-image-preview:large","max-video-preview":"max-video-preview:-1"},"canonical":"https:\/\/dijonuniversiteclub.fr\/football\/tournoi-national-football-feminin-jeunes-dijon-universite-club\/","og_locale":"fr_FR","og_type":"article","og_title":"Tournoi Football 100% F\u00e9minin Dijon Universit\u00e9 Club 31 mai 2026 - Dijon Universit\u00e9 Club Section Football","og_description":"Tournoi National football 100% F\u00e9minin dimanche 31 mai 2026 \u00e0 Dijon sur le Campus Universitaire. INSCRIPTIONS ET RENSEIGNEMENTS","og_url":"https:\/\/dijonuniversiteclub.fr\/football\/tournoi-national-football-feminin-jeunes-dijon-universite-club\/","og_site_name":"Dijon Universit\u00e9 Club Section Football","article_publisher":"https:\/\/www.facebook.com\/ducfootball","article_modified_time":"2026-02-16T12:37:05+00:00","og_image":[{"url":"https:\/\/fonts.gstatic.com\/s\/e\/notoemoji\/16.0\/1f449\/32.png","type":"","width":"","height":""}],"twitter_card":"summary_large_image","twitter_misc":{"Dur\u00e9e de lecture estim\u00e9e":"1 minute"},"schema":{"@context":"https:\/\/schema.org","@graph":[{"@type":"WebPage","@id":"https:\/\/dijonuniversiteclub.fr\/football\/tournoi-national-football-feminin-jeunes-dijon-universite-club\/","url":"https:\/\/dijonuniversiteclub.fr\/football\/tournoi-national-football-feminin-jeunes-dijon-universite-club\/","name":"Tournoi Football 100% F\u00e9minin Dijon Universit\u00e9 Club 31 mai 2026 - Dijon Universit\u00e9 Club Section Football","isPartOf":{"@id":"https:\/\/dijonuniversiteclub.fr\/football\/#website"},"primaryImageOfPage":{"@id":"https:\/\/dijonuniversiteclub.fr\/football\/tournoi-national-football-feminin-jeunes-dijon-universite-club\/#primaryimage"},"image":{"@id":"https:\/\/dijonuniversiteclub.fr\/football\/tournoi-national-football-feminin-jeunes-dijon-universite-club\/#primaryimage"},"thumbnailUrl":"https:\/\/fonts.gstatic.com\/s\/e\/notoemoji\/16.0\/1f449\/32.png","datePublished":"2026-02-15T22:46:00+00:00","dateModified":"2026-02-16T12:37:05+00:00","description":"Tournoi National football 100% F\u00e9minin dimanche 31 mai 2026 \u00e0 Dijon sur le Campus Universitaire. INSCRIPTIONS ET RENSEIGNEMENTS","breadcrumb":{"@id":"https:\/\/dijonuniversiteclub.fr\/football\/tournoi-national-football-feminin-jeunes-dijon-universite-club\/#breadcrumb"},"inLanguage":"fr-FR","potentialAction":[{"@type":"ReadAction","target":["https:\/\/dijonuniversiteclub.fr\/football\/tournoi-national-football-feminin-jeunes-dijon-universite-club\/"]}]},{"@type":"ImageObject","inLanguage":"fr-FR","@id":"https:\/\/dijonuniversiteclub.fr\/football\/tournoi-national-football-feminin-jeunes-dijon-universite-club\/#primaryimage","url":"https:\/\/fonts.gstatic.com\/s\/e\/notoemoji\/16.0\/1f449\/32.png","contentUrl":"https:\/\/fonts.gstatic.com\/s\/e\/notoemoji\/16.0\/1f449\/32.png"},{"@type":"BreadcrumbList","@id":"https:\/\/dijonuniversiteclub.fr\/football\/tournoi-national-football-feminin-jeunes-dijon-universite-club\/#breadcrumb","itemListElement":[{"@type":"ListItem","position":1,"name":"Accueil","item":"https:\/\/dijonuniversiteclub.fr\/football\/"},{"@type":"ListItem","position":2,"name":"Tournoi Football 100% F\u00e9minin Dijon Universit\u00e9 Club 31 mai 2026"}]},{"@type":"WebSite","@id":"https:\/\/dijonuniversiteclub.fr\/football\/#website","url":"https:\/\/dijonuniversiteclub.fr\/football\/","name":"Dijon Universit\u00e9 Club Section Football","description":"","publisher":{"@id":"https:\/\/dijonuniversiteclub.fr\/football\/#organization"},"potentialAction":[{"@type":"SearchAction","target":{"@type":"EntryPoint","urlTemplate":"https:\/\/dijonuniversiteclub.fr\/football\/?s={search_term_string}"},"query-input":{"@type":"PropertyValueSpecification","valueRequired":true,"valueName":"search_term_string"}}],"inLanguage":"fr-FR"},{"@type":"Organization","@id":"https:\/\/dijonuniversiteclub.fr\/football\/#organization","name":"Dijon Universit\u00e9 Club Section Football","url":"https:\/\/dijonuniversiteclub.fr\/football\/","logo":{"@type":"ImageObject","inLanguage":"fr-FR","@id":"https:\/\/dijonuniversiteclub.fr\/football\/#\/schema\/logo\/image\/","url":"https:\/\/dijonuniversiteclub.fr\/football\/wp-content\/uploads\/2022\/09\/cropped-logo-transparent-Foot-Copie.png","contentUrl":"https:\/\/dijonuniversiteclub.fr\/football\/wp-content\/uploads\/2022\/09\/cropped-logo-transparent-Foot-Copie.png","width":764,"height":912,"caption":"Dijon Universit\u00e9 Club Section Football"},"image":{"@id":"https:\/\/dijonuniversiteclub.fr\/football\/#\/schema\/logo\/image\/"},"sameAs":["https:\/\/www.facebook.com\/ducfootball","https:\/\/www.instagram.com\/dijonuniversiteclub"]}]}},"_links":{"self":[{"href":"https:\/\/dijonuniversiteclub.fr\/football\/wp-json\/wp\/v2\/pages\/618","targetHints":{"allow":["GET"]}}],"collection":[{"href":"https:\/\/dijonuniversiteclub.fr\/football\/wp-json\/wp\/v2\/pages"}],"about":[{"href":"https:\/\/dijonuniversiteclub.fr\/football\/wp-json\/wp\/v2\/types\/page"}],"author":[{"embeddable":true,"href":"https:\/\/dijonuniversiteclub.fr\/football\/wp-json\/wp\/v2\/users\/1"}],"replies":[{"embeddable":true,"href":"https:\/\/dijonuniversiteclub.fr\/football\/wp-json\/wp\/v2\/comments?post=618"}],"version-history":[{"count":17,"href":"https:\/\/dijonuniversiteclub.fr\/football\/wp-json\/wp\/v2\/pages\/618\/revisions"}],"predecessor-version":[{"id":984,"href":"https:\/\/dijonuniversiteclub.fr\/football\/wp-json\/wp\/v2\/pages\/618\/revisions\/984"}],"wp:attachment":[{"href":"https:\/\/dijonuniversiteclub.fr\/football\/wp-json\/wp\/v2\/media?parent=618"}],"curies":[{"name":"wp","href":"https:\/\/api.w.org\/{rel}","templated":true}]}}