{"id":749,"date":"2024-09-29T23:26:20","date_gmt":"2024-09-29T21:26:20","guid":{"rendered":"https:\/\/dijonuniversiteclub.fr\/football\/?page_id=749"},"modified":"2025-09-29T11:31:02","modified_gmt":"2025-09-29T09:31:02","slug":"stages-vacances","status":"publish","type":"page","link":"https:\/\/dijonuniversiteclub.fr\/football\/stages-vacances\/","title":{"rendered":"Stages vacances"},"content":{"rendered":"\n<p>A chaque vacances scolaires, nous organisons des stages de football et d&rsquo;autres activit\u00e9s.<\/p>\n\n\n\n<p><a href=\"https:\/\/www.helloasso.com\/associations\/dijon-universite-club-section-football\/evenements\/stage-de-la-toussaint-duc-football-2025\"><strong>Stage de la Toussaint<\/strong> <strong>2025<\/strong><\/a><\/p>\n\n\n\n<p>Du lundi 27 octobre au vendredi 31 octobre 2025<\/p>\n\n\n\n<p>Cliquez sur l&rsquo;image pour vous inscrire :<\/p>\n\n\n\n<figure class=\"wp-block-image size-full is-resized\"><a href=\"https:\/\/www.helloasso.com\/associations\/dijon-universite-club-section-football\/evenements\/stage-de-la-toussaint-duc-football-2025\" target=\"_blank\" rel=\" noreferrer noopener\"><img loading=\"lazy\" decoding=\"async\" width=\"573\" height=\"159\" src=\"https:\/\/dijonuniversiteclub.fr\/football\/wp-content\/uploads\/2024\/09\/stage-toussaint-vacances.jpg\" alt=\"\" class=\"wp-image-750\" style=\"width:842px;height:auto\" srcset=\"https:\/\/dijonuniversiteclub.fr\/football\/wp-content\/uploads\/2024\/09\/stage-toussaint-vacances.jpg 573w, https:\/\/dijonuniversiteclub.fr\/football\/wp-content\/uploads\/2024\/09\/stage-toussaint-vacances-300x83.jpg 300w\" sizes=\"auto, (max-width: 573px) 100vw, 573px\" \/><\/a><\/figure>\n\n\n\n<p><\/p>\n\n\n\n<p><a href=\"https:\/\/www.helloasso.com\/associations\/dijon-universite-club-section-football\/evenements\/stage-vacances-de-fevrier-duc-football-du-16-au-20-fevrier-2026\"><strong>Stage d&rsquo;hiver<\/strong> <strong>2026<\/strong><\/a><\/p>\n\n\n\n<p>Du lundi 16 f\u00e9vrier au vendredi 20 f\u00e9vrier 2026<\/p>\n\n\n\n<p>Cliquez sur l&rsquo;image pour vous inscrire :<\/p>\n\n\n\n<figure class=\"wp-block-image size-large\"><a href=\"https:\/\/www.helloasso.com\/associations\/dijon-universite-club-section-football\/evenements\/stage-vacances-de-fevrier-duc-football-du-16-au-20-fevrier-2026\" target=\"_blank\" rel=\" noreferrer noopener\"><img loading=\"lazy\" decoding=\"async\" width=\"1024\" height=\"342\" src=\"https:\/\/dijonuniversiteclub.fr\/football\/wp-content\/uploads\/2025\/01\/Image4-1024x342.png\" alt=\"\" class=\"wp-image-767\" srcset=\"https:\/\/dijonuniversiteclub.fr\/football\/wp-content\/uploads\/2025\/01\/Image4-1024x342.png 1024w, https:\/\/dijonuniversiteclub.fr\/football\/wp-content\/uploads\/2025\/01\/Image4-300x100.png 300w, https:\/\/dijonuniversiteclub.fr\/football\/wp-content\/uploads\/2025\/01\/Image4-768x257.png 768w, https:\/\/dijonuniversiteclub.fr\/football\/wp-content\/uploads\/2025\/01\/Image4-1536x513.png 1536w, https:\/\/dijonuniversiteclub.fr\/football\/wp-content\/uploads\/2025\/01\/Image4-2048x684.png 2048w\" sizes=\"auto, (max-width: 1024px) 100vw, 1024px\" \/><\/a><\/figure>\n\n\n\n<p>Entr\u00e9e Halles des sports collectifs campus<\/p>\n\n\n\n<p>Lien google map : https:\/\/maps.app.goo.gl\/sVaNT2jttZxZkt2UA<\/p>\n\n\n\n<figure class=\"wp-block-image size-large\"><a href=\"https:\/\/maps.app.goo.gl\/sVaNT2jttZxZkt2UA\" target=\"_blank\" rel=\" noreferrer noopener\"><img loading=\"lazy\" decoding=\"async\" width=\"1024\" height=\"409\" src=\"https:\/\/dijonuniversiteclub.fr\/football\/wp-content\/uploads\/2025\/01\/Acces-Halles-des-Sports-Collectifs-1024x409.png\" alt=\"\" class=\"wp-image-771\" srcset=\"https:\/\/dijonuniversiteclub.fr\/football\/wp-content\/uploads\/2025\/01\/Acces-Halles-des-Sports-Collectifs-1024x409.png 1024w, https:\/\/dijonuniversiteclub.fr\/football\/wp-content\/uploads\/2025\/01\/Acces-Halles-des-Sports-Collectifs-300x120.png 300w, https:\/\/dijonuniversiteclub.fr\/football\/wp-content\/uploads\/2025\/01\/Acces-Halles-des-Sports-Collectifs-768x307.png 768w, https:\/\/dijonuniversiteclub.fr\/football\/wp-content\/uploads\/2025\/01\/Acces-Halles-des-Sports-Collectifs-1536x613.png 1536w, https:\/\/dijonuniversiteclub.fr\/football\/wp-content\/uploads\/2025\/01\/Acces-Halles-des-Sports-Collectifs-2048x818.png 2048w\" sizes=\"auto, (max-width: 1024px) 100vw, 1024px\" \/><\/a><\/figure>\n\n\n\n<p><\/p>\n\n\n\n<p><strong><a href=\"https:\/\/www.helloasso.com\/associations\/dijon-universite-club-section-football\/evenements\/stage-vacances-de-printemps-2026\">Stage de Printemps 2026<\/a><\/strong><\/p>\n\n\n\n<p>du lundi 13 avril au 17 avril 2026<\/p>\n\n\n\n<p>Cliquez sur l&rsquo;image pour vous inscrire :<\/p>\n\n\n\n<figure class=\"wp-block-image size-large\"><a href=\"https:\/\/www.helloasso.com\/associations\/dijon-universite-club-section-football\/evenements\/stage-vacances-de-printemps-2026\" target=\"_blank\" rel=\" noreferrer noopener\"><img loading=\"lazy\" decoding=\"async\" width=\"1024\" height=\"317\" src=\"https:\/\/dijonuniversiteclub.fr\/football\/wp-content\/uploads\/2025\/01\/Image5-1024x317.png\" alt=\"\" class=\"wp-image-768\" srcset=\"https:\/\/dijonuniversiteclub.fr\/football\/wp-content\/uploads\/2025\/01\/Image5-1024x317.png 1024w, https:\/\/dijonuniversiteclub.fr\/football\/wp-content\/uploads\/2025\/01\/Image5-300x93.png 300w, https:\/\/dijonuniversiteclub.fr\/football\/wp-content\/uploads\/2025\/01\/Image5-768x238.png 768w, https:\/\/dijonuniversiteclub.fr\/football\/wp-content\/uploads\/2025\/01\/Image5-1536x475.png 1536w, https:\/\/dijonuniversiteclub.fr\/football\/wp-content\/uploads\/2025\/01\/Image5-2048x634.png 2048w\" sizes=\"auto, (max-width: 1024px) 100vw, 1024px\" \/><\/a><\/figure>\n\n\n\n<p><strong>Stage d&rsquo;\u00e9t\u00e9 2026<\/strong><\/p>\n\n\n\n<p>Dates \u00e0 d\u00e9finir<\/p>\n\n\n\n<figure class=\"wp-block-image size-large\"><img loading=\"lazy\" decoding=\"async\" width=\"1024\" height=\"291\" src=\"https:\/\/dijonuniversiteclub.fr\/football\/wp-content\/uploads\/2025\/06\/Stage-ete-1024x291.jpg\" alt=\"\" class=\"wp-image-899\" srcset=\"https:\/\/dijonuniversiteclub.fr\/football\/wp-content\/uploads\/2025\/06\/Stage-ete-1024x291.jpg 1024w, https:\/\/dijonuniversiteclub.fr\/football\/wp-content\/uploads\/2025\/06\/Stage-ete-300x85.jpg 300w, https:\/\/dijonuniversiteclub.fr\/football\/wp-content\/uploads\/2025\/06\/Stage-ete-768x218.jpg 768w, https:\/\/dijonuniversiteclub.fr\/football\/wp-content\/uploads\/2025\/06\/Stage-ete-1536x436.jpg 1536w, https:\/\/dijonuniversiteclub.fr\/football\/wp-content\/uploads\/2025\/06\/Stage-ete-2048x581.jpg 2048w\" sizes=\"auto, (max-width: 1024px) 100vw, 1024px\" \/><\/figure>\n","protected":false},"excerpt":{"rendered":"<p>A chaque vacances scolaires, nous organisons des stages de football et d&rsquo;autres activit\u00e9s. Stage de la Toussaint 2025 Du lundi 27 octobre au vendredi 31 octobre 2025 Cliquez sur l&rsquo;image pour vous inscrire : Stage d&rsquo;hiver 2026 Du lundi 16 f\u00e9vrier au vendredi 20 f\u00e9vrier 2026 Cliquez sur l&rsquo;image pour vous inscrire : Entr\u00e9e Halles [&hellip;]<\/p>\n","protected":false},"author":1,"featured_media":0,"parent":0,"menu_order":0,"comment_status":"closed","ping_status":"closed","template":"","meta":{"footnotes":""},"class_list":["post-749","page","type-page","status-publish","hentry"],"yoast_head":"<!-- This site is optimized with the Yoast SEO plugin v27.5 - https:\/\/yoast.com\/product\/yoast-seo-wordpress\/ -->\n<title>Stages vacances - Dijon Universit\u00e9 Club Section Football<\/title>\n<meta name=\"robots\" content=\"index, follow, max-snippet:-1, max-image-preview:large, max-video-preview:-1\" \/>\n<link rel=\"canonical\" href=\"https:\/\/dijonuniversiteclub.fr\/football\/stages-vacances\/\" \/>\n<meta property=\"og:locale\" content=\"fr_FR\" \/>\n<meta property=\"og:type\" content=\"article\" \/>\n<meta property=\"og:title\" content=\"Stages vacances - Dijon Universit\u00e9 Club Section Football\" \/>\n<meta property=\"og:description\" content=\"A chaque vacances scolaires, nous organisons des stages de football et d&rsquo;autres activit\u00e9s. Stage de la Toussaint 2025 Du lundi 27 octobre au vendredi 31 octobre 2025 Cliquez sur l&rsquo;image pour vous inscrire : Stage d&rsquo;hiver 2026 Du lundi 16 f\u00e9vrier au vendredi 20 f\u00e9vrier 2026 Cliquez sur l&rsquo;image pour vous inscrire : Entr\u00e9e Halles [&hellip;]\" \/>\n<meta property=\"og:url\" content=\"https:\/\/dijonuniversiteclub.fr\/football\/stages-vacances\/\" \/>\n<meta property=\"og:site_name\" content=\"Dijon Universit\u00e9 Club Section Football\" \/>\n<meta property=\"article:publisher\" content=\"https:\/\/www.facebook.com\/ducfootball\" \/>\n<meta property=\"article:modified_time\" content=\"2025-09-29T09:31:02+00:00\" \/>\n<meta property=\"og:image\" content=\"https:\/\/dijonuniversiteclub.fr\/football\/wp-content\/uploads\/2024\/09\/stage-toussaint-vacances.jpg\" \/>\n\t<meta property=\"og:image:width\" content=\"573\" \/>\n\t<meta property=\"og:image:height\" content=\"159\" \/>\n\t<meta property=\"og:image:type\" content=\"image\/jpeg\" \/>\n<meta name=\"twitter:card\" content=\"summary_large_image\" \/>\n<meta name=\"twitter:label1\" content=\"Dur\u00e9e de lecture estim\u00e9e\" \/>\n\t<meta name=\"twitter:data1\" content=\"2 minutes\" \/>\n<script type=\"application\/ld+json\" class=\"yoast-schema-graph\">{\"@context\":\"https:\\\/\\\/schema.org\",\"@graph\":[{\"@type\":\"WebPage\",\"@id\":\"https:\\\/\\\/dijonuniversiteclub.fr\\\/football\\\/stages-vacances\\\/\",\"url\":\"https:\\\/\\\/dijonuniversiteclub.fr\\\/football\\\/stages-vacances\\\/\",\"name\":\"Stages vacances - Dijon Universit\u00e9 Club Section Football\",\"isPartOf\":{\"@id\":\"https:\\\/\\\/dijonuniversiteclub.fr\\\/football\\\/#website\"},\"primaryImageOfPage\":{\"@id\":\"https:\\\/\\\/dijonuniversiteclub.fr\\\/football\\\/stages-vacances\\\/#primaryimage\"},\"image\":{\"@id\":\"https:\\\/\\\/dijonuniversiteclub.fr\\\/football\\\/stages-vacances\\\/#primaryimage\"},\"thumbnailUrl\":\"https:\\\/\\\/dijonuniversiteclub.fr\\\/football\\\/wp-content\\\/uploads\\\/2024\\\/09\\\/stage-toussaint-vacances.jpg\",\"datePublished\":\"2024-09-29T21:26:20+00:00\",\"dateModified\":\"2025-09-29T09:31:02+00:00\",\"breadcrumb\":{\"@id\":\"https:\\\/\\\/dijonuniversiteclub.fr\\\/football\\\/stages-vacances\\\/#breadcrumb\"},\"inLanguage\":\"fr-FR\",\"potentialAction\":[{\"@type\":\"ReadAction\",\"target\":[\"https:\\\/\\\/dijonuniversiteclub.fr\\\/football\\\/stages-vacances\\\/\"]}]},{\"@type\":\"ImageObject\",\"inLanguage\":\"fr-FR\",\"@id\":\"https:\\\/\\\/dijonuniversiteclub.fr\\\/football\\\/stages-vacances\\\/#primaryimage\",\"url\":\"https:\\\/\\\/dijonuniversiteclub.fr\\\/football\\\/wp-content\\\/uploads\\\/2024\\\/09\\\/stage-toussaint-vacances.jpg\",\"contentUrl\":\"https:\\\/\\\/dijonuniversiteclub.fr\\\/football\\\/wp-content\\\/uploads\\\/2024\\\/09\\\/stage-toussaint-vacances.jpg\",\"width\":573,\"height\":159},{\"@type\":\"BreadcrumbList\",\"@id\":\"https:\\\/\\\/dijonuniversiteclub.fr\\\/football\\\/stages-vacances\\\/#breadcrumb\",\"itemListElement\":[{\"@type\":\"ListItem\",\"position\":1,\"name\":\"Accueil\",\"item\":\"https:\\\/\\\/dijonuniversiteclub.fr\\\/football\\\/\"},{\"@type\":\"ListItem\",\"position\":2,\"name\":\"Stages vacances\"}]},{\"@type\":\"WebSite\",\"@id\":\"https:\\\/\\\/dijonuniversiteclub.fr\\\/football\\\/#website\",\"url\":\"https:\\\/\\\/dijonuniversiteclub.fr\\\/football\\\/\",\"name\":\"Dijon Universit\u00e9 Club Section Football\",\"description\":\"\",\"publisher\":{\"@id\":\"https:\\\/\\\/dijonuniversiteclub.fr\\\/football\\\/#organization\"},\"potentialAction\":[{\"@type\":\"SearchAction\",\"target\":{\"@type\":\"EntryPoint\",\"urlTemplate\":\"https:\\\/\\\/dijonuniversiteclub.fr\\\/football\\\/?s={search_term_string}\"},\"query-input\":{\"@type\":\"PropertyValueSpecification\",\"valueRequired\":true,\"valueName\":\"search_term_string\"}}],\"inLanguage\":\"fr-FR\"},{\"@type\":\"Organization\",\"@id\":\"https:\\\/\\\/dijonuniversiteclub.fr\\\/football\\\/#organization\",\"name\":\"Dijon Universit\u00e9 Club Section Football\",\"url\":\"https:\\\/\\\/dijonuniversiteclub.fr\\\/football\\\/\",\"logo\":{\"@type\":\"ImageObject\",\"inLanguage\":\"fr-FR\",\"@id\":\"https:\\\/\\\/dijonuniversiteclub.fr\\\/football\\\/#\\\/schema\\\/logo\\\/image\\\/\",\"url\":\"https:\\\/\\\/dijonuniversiteclub.fr\\\/football\\\/wp-content\\\/uploads\\\/2022\\\/09\\\/cropped-logo-transparent-Foot-Copie.png\",\"contentUrl\":\"https:\\\/\\\/dijonuniversiteclub.fr\\\/football\\\/wp-content\\\/uploads\\\/2022\\\/09\\\/cropped-logo-transparent-Foot-Copie.png\",\"width\":764,\"height\":912,\"caption\":\"Dijon Universit\u00e9 Club Section Football\"},\"image\":{\"@id\":\"https:\\\/\\\/dijonuniversiteclub.fr\\\/football\\\/#\\\/schema\\\/logo\\\/image\\\/\"},\"sameAs\":[\"https:\\\/\\\/www.facebook.com\\\/ducfootball\",\"https:\\\/\\\/www.instagram.com\\\/dijonuniversiteclub\"]}]}<\/script>\n<!-- \/ Yoast SEO plugin. -->","yoast_head_json":{"title":"Stages vacances - Dijon Universit\u00e9 Club Section Football","robots":{"index":"index","follow":"follow","max-snippet":"max-snippet:-1","max-image-preview":"max-image-preview:large","max-video-preview":"max-video-preview:-1"},"canonical":"https:\/\/dijonuniversiteclub.fr\/football\/stages-vacances\/","og_locale":"fr_FR","og_type":"article","og_title":"Stages vacances - Dijon Universit\u00e9 Club Section Football","og_description":"A chaque vacances scolaires, nous organisons des stages de football et d&rsquo;autres activit\u00e9s. Stage de la Toussaint 2025 Du lundi 27 octobre au vendredi 31 octobre 2025 Cliquez sur l&rsquo;image pour vous inscrire : Stage d&rsquo;hiver 2026 Du lundi 16 f\u00e9vrier au vendredi 20 f\u00e9vrier 2026 Cliquez sur l&rsquo;image pour vous inscrire : Entr\u00e9e Halles [&hellip;]","og_url":"https:\/\/dijonuniversiteclub.fr\/football\/stages-vacances\/","og_site_name":"Dijon Universit\u00e9 Club Section Football","article_publisher":"https:\/\/www.facebook.com\/ducfootball","article_modified_time":"2025-09-29T09:31:02+00:00","og_image":[{"width":573,"height":159,"url":"https:\/\/dijonuniversiteclub.fr\/football\/wp-content\/uploads\/2024\/09\/stage-toussaint-vacances.jpg","type":"image\/jpeg"}],"twitter_card":"summary_large_image","twitter_misc":{"Dur\u00e9e de lecture estim\u00e9e":"2 minutes"},"schema":{"@context":"https:\/\/schema.org","@graph":[{"@type":"WebPage","@id":"https:\/\/dijonuniversiteclub.fr\/football\/stages-vacances\/","url":"https:\/\/dijonuniversiteclub.fr\/football\/stages-vacances\/","name":"Stages vacances - Dijon Universit\u00e9 Club Section Football","isPartOf":{"@id":"https:\/\/dijonuniversiteclub.fr\/football\/#website"},"primaryImageOfPage":{"@id":"https:\/\/dijonuniversiteclub.fr\/football\/stages-vacances\/#primaryimage"},"image":{"@id":"https:\/\/dijonuniversiteclub.fr\/football\/stages-vacances\/#primaryimage"},"thumbnailUrl":"https:\/\/dijonuniversiteclub.fr\/football\/wp-content\/uploads\/2024\/09\/stage-toussaint-vacances.jpg","datePublished":"2024-09-29T21:26:20+00:00","dateModified":"2025-09-29T09:31:02+00:00","breadcrumb":{"@id":"https:\/\/dijonuniversiteclub.fr\/football\/stages-vacances\/#breadcrumb"},"inLanguage":"fr-FR","potentialAction":[{"@type":"ReadAction","target":["https:\/\/dijonuniversiteclub.fr\/football\/stages-vacances\/"]}]},{"@type":"ImageObject","inLanguage":"fr-FR","@id":"https:\/\/dijonuniversiteclub.fr\/football\/stages-vacances\/#primaryimage","url":"https:\/\/dijonuniversiteclub.fr\/football\/wp-content\/uploads\/2024\/09\/stage-toussaint-vacances.jpg","contentUrl":"https:\/\/dijonuniversiteclub.fr\/football\/wp-content\/uploads\/2024\/09\/stage-toussaint-vacances.jpg","width":573,"height":159},{"@type":"BreadcrumbList","@id":"https:\/\/dijonuniversiteclub.fr\/football\/stages-vacances\/#breadcrumb","itemListElement":[{"@type":"ListItem","position":1,"name":"Accueil","item":"https:\/\/dijonuniversiteclub.fr\/football\/"},{"@type":"ListItem","position":2,"name":"Stages vacances"}]},{"@type":"WebSite","@id":"https:\/\/dijonuniversiteclub.fr\/football\/#website","url":"https:\/\/dijonuniversiteclub.fr\/football\/","name":"Dijon Universit\u00e9 Club Section Football","description":"","publisher":{"@id":"https:\/\/dijonuniversiteclub.fr\/football\/#organization"},"potentialAction":[{"@type":"SearchAction","target":{"@type":"EntryPoint","urlTemplate":"https:\/\/dijonuniversiteclub.fr\/football\/?s={search_term_string}"},"query-input":{"@type":"PropertyValueSpecification","valueRequired":true,"valueName":"search_term_string"}}],"inLanguage":"fr-FR"},{"@type":"Organization","@id":"https:\/\/dijonuniversiteclub.fr\/football\/#organization","name":"Dijon Universit\u00e9 Club Section Football","url":"https:\/\/dijonuniversiteclub.fr\/football\/","logo":{"@type":"ImageObject","inLanguage":"fr-FR","@id":"https:\/\/dijonuniversiteclub.fr\/football\/#\/schema\/logo\/image\/","url":"https:\/\/dijonuniversiteclub.fr\/football\/wp-content\/uploads\/2022\/09\/cropped-logo-transparent-Foot-Copie.png","contentUrl":"https:\/\/dijonuniversiteclub.fr\/football\/wp-content\/uploads\/2022\/09\/cropped-logo-transparent-Foot-Copie.png","width":764,"height":912,"caption":"Dijon Universit\u00e9 Club Section Football"},"image":{"@id":"https:\/\/dijonuniversiteclub.fr\/football\/#\/schema\/logo\/image\/"},"sameAs":["https:\/\/www.facebook.com\/ducfootball","https:\/\/www.instagram.com\/dijonuniversiteclub"]}]}},"_links":{"self":[{"href":"https:\/\/dijonuniversiteclub.fr\/football\/wp-json\/wp\/v2\/pages\/749","targetHints":{"allow":["GET"]}}],"collection":[{"href":"https:\/\/dijonuniversiteclub.fr\/football\/wp-json\/wp\/v2\/pages"}],"about":[{"href":"https:\/\/dijonuniversiteclub.fr\/football\/wp-json\/wp\/v2\/types\/page"}],"author":[{"embeddable":true,"href":"https:\/\/dijonuniversiteclub.fr\/football\/wp-json\/wp\/v2\/users\/1"}],"replies":[{"embeddable":true,"href":"https:\/\/dijonuniversiteclub.fr\/football\/wp-json\/wp\/v2\/comments?post=749"}],"version-history":[{"count":9,"href":"https:\/\/dijonuniversiteclub.fr\/football\/wp-json\/wp\/v2\/pages\/749\/revisions"}],"predecessor-version":[{"id":942,"href":"https:\/\/dijonuniversiteclub.fr\/football\/wp-json\/wp\/v2\/pages\/749\/revisions\/942"}],"wp:attachment":[{"href":"https:\/\/dijonuniversiteclub.fr\/football\/wp-json\/wp\/v2\/media?parent=749"}],"curies":[{"name":"wp","href":"https:\/\/api.w.org\/{rel}","templated":true}]}}