{"id":966,"date":"2025-11-17T15:15:52","date_gmt":"2025-11-17T14:15:52","guid":{"rendered":"https:\/\/dijonuniversiteclub.fr\/football\/?page_id=966"},"modified":"2025-11-17T15:48:38","modified_gmt":"2025-11-17T14:48:38","slug":"club-partenaires","status":"publish","type":"page","link":"https:\/\/dijonuniversiteclub.fr\/football\/club-partenaires\/","title":{"rendered":"Club Partenaires &amp; M\u00e9c\u00e9nat"},"content":{"rendered":"\n<h2 class=\"wp-block-heading\">Le Dijon Universit\u00e9 Club \u2013 Section Football est en pleine dynamique de d\u00e9veloppement. Pour accompagner nos ambitions sportives, \u00e9ducatives et citoyennes, nous sommes \u00e0 la recherche de partenaires et m\u00e9c\u00e8nes pr\u00eats \u00e0 s\u2019engager \u00e0 nos c\u00f4t\u00e9s.<\/h2>\n\n\n\n<figure class=\"wp-block-embed aligncenter is-type-video is-provider-youtube wp-block-embed-youtube wp-embed-aspect-9-16 wp-has-aspect-ratio\"><div class=\"wp-block-embed__wrapper\">\n<iframe loading=\"lazy\" title=\"Vid\u00e9o promotion Dijon Universit\u00e9 Club Section Football\" width=\"422\" height=\"750\" src=\"https:\/\/www.youtube.com\/embed\/D2q4OtI8nCI?feature=oembed\" frameborder=\"0\" allow=\"accelerometer; autoplay; clipboard-write; encrypted-media; gyroscope; picture-in-picture; web-share\" referrerpolicy=\"strict-origin-when-cross-origin\" allowfullscreen><\/iframe>\n<\/div><\/figure>\n\n\n\n<h3 class=\"wp-block-heading\">Pourquoi nous soutenir ?<\/h3>\n\n\n\n<p>Soutenir le DUC Football, c\u2019est :<\/p>\n\n\n\n<ul class=\"wp-block-list\">\n<li>Contribuer \u00e0 la formation de jeunes joueuses et joueurs en mixit\u00e9 dans un cadre structurant et bienveillant<\/li>\n\n\n\n<li>Promouvoir l&rsquo;engagement des femmes dans le sport et les amener \u00e0 prendre des responsabilit\u00e9s<\/li>\n\n\n\n<li>Promouvoir les valeurs du sport : respect, solidarit\u00e9, d\u00e9passement de soi<\/li>\n\n\n\n<li>Participer \u00e0 la vie associative locale et universitaire en accueillant les stagiaires de l&rsquo;universit\u00e9 de Bourgogne Europe<\/li>\n\n\n\n<li>B\u00e9n\u00e9ficier d\u2019une visibilit\u00e9 aupr\u00e8s d\u2019un public engag\u00e9 et diversifi\u00e9<\/li>\n<\/ul>\n\n\n\n<h3 class=\"wp-block-heading\">Ce que nous proposons<\/h3>\n\n\n\n<ul class=\"wp-block-list\">\n<li>Visibilit\u00e9 sur nos \u00e9quipements, nos supports de communication et nos \u00e9v\u00e9nements<\/li>\n\n\n\n<li>Partenariats personnalis\u00e9s selon vos objectifs (communication, RSE, ancrage territorial)<\/li>\n\n\n\n<li>Invitation \u00e0 nos matchs et \u00e9v\u00e9nements, club partenaires<\/li>\n\n\n\n<li>Collaboration avec un club s\u00e9rieux, reconnu et en pleine croissance<\/li>\n<\/ul>\n\n\n\n<h3 class=\"wp-block-heading\">Devenir m\u00e9c\u00e8ne<\/h3>\n\n\n\n<p>Le m\u00e9c\u00e9nat vous permet de soutenir notre projet tout en b\u00e9n\u00e9ficiant d\u2019avantages fiscaux. Chaque contribution, qu\u2019elle soit financi\u00e8re ou mat\u00e9rielle, est pr\u00e9cieuse pour faire vivre notre passion du football.<\/p>\n\n\n\n<h3 class=\"wp-block-heading\">Contactez-nous<\/h3>\n\n\n\n<p>\ud83d\udce7 Email : partenariat.section.football@dijonuniversiteclub.fr<br>\ud83d\udcde T\u00e9l\u00e9phone : J\u00e9r\u00f4me SEGUIN 06 73 89 11 95<\/p>\n\n\n\n<h1 class=\"wp-block-heading has-text-align-center\">Dossier Club partenaire Dijon Universit\u00e9 Club Section Football<\/h1>\n\n\n<div class=\"wp-block-image\">\n<figure class=\"aligncenter size-full\"><a href=\"https:\/\/dijonuniversiteclub.fr\/football\/wp-content\/uploads\/2025\/11\/Club_partenaires.pdf\" target=\"_blank\" rel=\" noreferrer noopener\"><img loading=\"lazy\" decoding=\"async\" width=\"500\" height=\"787\" src=\"https:\/\/dijonuniversiteclub.fr\/football\/wp-content\/uploads\/2025\/11\/dossier_partenaires.png\" alt=\"\" class=\"wp-image-976\" srcset=\"https:\/\/dijonuniversiteclub.fr\/football\/wp-content\/uploads\/2025\/11\/dossier_partenaires.png 500w, https:\/\/dijonuniversiteclub.fr\/football\/wp-content\/uploads\/2025\/11\/dossier_partenaires-191x300.png 191w\" sizes=\"auto, (max-width: 500px) 100vw, 500px\" \/><\/a><\/figure>\n<\/div>","protected":false},"excerpt":{"rendered":"<p>Le Dijon Universit\u00e9 Club \u2013 Section Football est en pleine dynamique de d\u00e9veloppement. Pour accompagner nos ambitions sportives, \u00e9ducatives et citoyennes, nous sommes \u00e0 la recherche de partenaires et m\u00e9c\u00e8nes pr\u00eats \u00e0 s\u2019engager \u00e0 nos c\u00f4t\u00e9s. Pourquoi nous soutenir ? Soutenir le DUC Football, c\u2019est : Ce que nous proposons Devenir m\u00e9c\u00e8ne Le m\u00e9c\u00e9nat vous [&hellip;]<\/p>\n","protected":false},"author":1,"featured_media":0,"parent":0,"menu_order":0,"comment_status":"closed","ping_status":"closed","template":"","meta":{"footnotes":""},"class_list":["post-966","page","type-page","status-publish","hentry"],"yoast_head":"<!-- This site is optimized with the Yoast SEO plugin v27.4 - https:\/\/yoast.com\/product\/yoast-seo-wordpress\/ -->\n<title>Club Partenaires &amp; M\u00e9c\u00e9nat - Dijon Universit\u00e9 Club Section Football<\/title>\n<meta name=\"description\" content=\"Le Dijon Universit\u00e9 Club Section Football recherche des partenaires et m\u00e9c\u00e8nes pour soutenir ses projets sportifs, \u00e9ducatifs et citoyens. Rejoignez-nous et valorisez votre engagement local.\" \/>\n<meta name=\"robots\" content=\"index, follow, max-snippet:-1, max-image-preview:large, max-video-preview:-1\" \/>\n<link rel=\"canonical\" href=\"https:\/\/dijonuniversiteclub.fr\/football\/club-partenaires\/\" \/>\n<meta property=\"og:locale\" content=\"fr_FR\" \/>\n<meta property=\"og:type\" content=\"article\" \/>\n<meta property=\"og:title\" content=\"Club Partenaires &amp; M\u00e9c\u00e9nat - Dijon Universit\u00e9 Club Section Football\" \/>\n<meta property=\"og:description\" content=\"Le Dijon Universit\u00e9 Club Section Football recherche des partenaires et m\u00e9c\u00e8nes pour soutenir ses projets sportifs, \u00e9ducatifs et citoyens. Rejoignez-nous et valorisez votre engagement local.\" \/>\n<meta property=\"og:url\" content=\"https:\/\/dijonuniversiteclub.fr\/football\/club-partenaires\/\" \/>\n<meta property=\"og:site_name\" content=\"Dijon Universit\u00e9 Club Section Football\" \/>\n<meta property=\"article:publisher\" content=\"https:\/\/www.facebook.com\/ducfootball\" \/>\n<meta property=\"article:modified_time\" content=\"2025-11-17T14:48:38+00:00\" \/>\n<meta property=\"og:image\" content=\"https:\/\/dijonuniversiteclub.fr\/football\/wp-content\/uploads\/2025\/11\/dossier_partenaires.png\" \/>\n\t<meta property=\"og:image:width\" content=\"500\" \/>\n\t<meta property=\"og:image:height\" content=\"787\" \/>\n\t<meta property=\"og:image:type\" content=\"image\/png\" \/>\n<meta name=\"twitter:card\" content=\"summary_large_image\" \/>\n<script type=\"application\/ld+json\" class=\"yoast-schema-graph\">{\"@context\":\"https:\\\/\\\/schema.org\",\"@graph\":[{\"@type\":\"WebPage\",\"@id\":\"https:\\\/\\\/dijonuniversiteclub.fr\\\/football\\\/club-partenaires\\\/\",\"url\":\"https:\\\/\\\/dijonuniversiteclub.fr\\\/football\\\/club-partenaires\\\/\",\"name\":\"Club Partenaires &amp; M\u00e9c\u00e9nat - Dijon Universit\u00e9 Club Section Football\",\"isPartOf\":{\"@id\":\"https:\\\/\\\/dijonuniversiteclub.fr\\\/football\\\/#website\"},\"primaryImageOfPage\":{\"@id\":\"https:\\\/\\\/dijonuniversiteclub.fr\\\/football\\\/club-partenaires\\\/#primaryimage\"},\"image\":{\"@id\":\"https:\\\/\\\/dijonuniversiteclub.fr\\\/football\\\/club-partenaires\\\/#primaryimage\"},\"thumbnailUrl\":\"https:\\\/\\\/dijonuniversiteclub.fr\\\/football\\\/wp-content\\\/uploads\\\/2025\\\/11\\\/dossier_partenaires.png\",\"datePublished\":\"2025-11-17T14:15:52+00:00\",\"dateModified\":\"2025-11-17T14:48:38+00:00\",\"description\":\"Le Dijon Universit\u00e9 Club Section Football recherche des partenaires et m\u00e9c\u00e8nes pour soutenir ses projets sportifs, \u00e9ducatifs et citoyens. Rejoignez-nous et valorisez votre engagement local.\",\"breadcrumb\":{\"@id\":\"https:\\\/\\\/dijonuniversiteclub.fr\\\/football\\\/club-partenaires\\\/#breadcrumb\"},\"inLanguage\":\"fr-FR\",\"potentialAction\":[{\"@type\":\"ReadAction\",\"target\":[\"https:\\\/\\\/dijonuniversiteclub.fr\\\/football\\\/club-partenaires\\\/\"]}]},{\"@type\":\"ImageObject\",\"inLanguage\":\"fr-FR\",\"@id\":\"https:\\\/\\\/dijonuniversiteclub.fr\\\/football\\\/club-partenaires\\\/#primaryimage\",\"url\":\"https:\\\/\\\/dijonuniversiteclub.fr\\\/football\\\/wp-content\\\/uploads\\\/2025\\\/11\\\/dossier_partenaires.png\",\"contentUrl\":\"https:\\\/\\\/dijonuniversiteclub.fr\\\/football\\\/wp-content\\\/uploads\\\/2025\\\/11\\\/dossier_partenaires.png\",\"width\":500,\"height\":787},{\"@type\":\"BreadcrumbList\",\"@id\":\"https:\\\/\\\/dijonuniversiteclub.fr\\\/football\\\/club-partenaires\\\/#breadcrumb\",\"itemListElement\":[{\"@type\":\"ListItem\",\"position\":1,\"name\":\"Accueil\",\"item\":\"https:\\\/\\\/dijonuniversiteclub.fr\\\/football\\\/\"},{\"@type\":\"ListItem\",\"position\":2,\"name\":\"Club Partenaires &amp; M\u00e9c\u00e9nat\"}]},{\"@type\":\"WebSite\",\"@id\":\"https:\\\/\\\/dijonuniversiteclub.fr\\\/football\\\/#website\",\"url\":\"https:\\\/\\\/dijonuniversiteclub.fr\\\/football\\\/\",\"name\":\"Dijon Universit\u00e9 Club Section Football\",\"description\":\"\",\"publisher\":{\"@id\":\"https:\\\/\\\/dijonuniversiteclub.fr\\\/football\\\/#organization\"},\"potentialAction\":[{\"@type\":\"SearchAction\",\"target\":{\"@type\":\"EntryPoint\",\"urlTemplate\":\"https:\\\/\\\/dijonuniversiteclub.fr\\\/football\\\/?s={search_term_string}\"},\"query-input\":{\"@type\":\"PropertyValueSpecification\",\"valueRequired\":true,\"valueName\":\"search_term_string\"}}],\"inLanguage\":\"fr-FR\"},{\"@type\":\"Organization\",\"@id\":\"https:\\\/\\\/dijonuniversiteclub.fr\\\/football\\\/#organization\",\"name\":\"Dijon Universit\u00e9 Club Section Football\",\"url\":\"https:\\\/\\\/dijonuniversiteclub.fr\\\/football\\\/\",\"logo\":{\"@type\":\"ImageObject\",\"inLanguage\":\"fr-FR\",\"@id\":\"https:\\\/\\\/dijonuniversiteclub.fr\\\/football\\\/#\\\/schema\\\/logo\\\/image\\\/\",\"url\":\"https:\\\/\\\/dijonuniversiteclub.fr\\\/football\\\/wp-content\\\/uploads\\\/2022\\\/09\\\/cropped-logo-transparent-Foot-Copie.png\",\"contentUrl\":\"https:\\\/\\\/dijonuniversiteclub.fr\\\/football\\\/wp-content\\\/uploads\\\/2022\\\/09\\\/cropped-logo-transparent-Foot-Copie.png\",\"width\":764,\"height\":912,\"caption\":\"Dijon Universit\u00e9 Club Section Football\"},\"image\":{\"@id\":\"https:\\\/\\\/dijonuniversiteclub.fr\\\/football\\\/#\\\/schema\\\/logo\\\/image\\\/\"},\"sameAs\":[\"https:\\\/\\\/www.facebook.com\\\/ducfootball\",\"https:\\\/\\\/www.instagram.com\\\/dijonuniversiteclub\"]}]}<\/script>\n<!-- \/ Yoast SEO plugin. -->","yoast_head_json":{"title":"Club Partenaires &amp; M\u00e9c\u00e9nat - Dijon Universit\u00e9 Club Section Football","description":"Le Dijon Universit\u00e9 Club Section Football recherche des partenaires et m\u00e9c\u00e8nes pour soutenir ses projets sportifs, \u00e9ducatifs et citoyens. Rejoignez-nous et valorisez votre engagement local.","robots":{"index":"index","follow":"follow","max-snippet":"max-snippet:-1","max-image-preview":"max-image-preview:large","max-video-preview":"max-video-preview:-1"},"canonical":"https:\/\/dijonuniversiteclub.fr\/football\/club-partenaires\/","og_locale":"fr_FR","og_type":"article","og_title":"Club Partenaires &amp; M\u00e9c\u00e9nat - Dijon Universit\u00e9 Club Section Football","og_description":"Le Dijon Universit\u00e9 Club Section Football recherche des partenaires et m\u00e9c\u00e8nes pour soutenir ses projets sportifs, \u00e9ducatifs et citoyens. Rejoignez-nous et valorisez votre engagement local.","og_url":"https:\/\/dijonuniversiteclub.fr\/football\/club-partenaires\/","og_site_name":"Dijon Universit\u00e9 Club Section Football","article_publisher":"https:\/\/www.facebook.com\/ducfootball","article_modified_time":"2025-11-17T14:48:38+00:00","og_image":[{"width":500,"height":787,"url":"https:\/\/dijonuniversiteclub.fr\/football\/wp-content\/uploads\/2025\/11\/dossier_partenaires.png","type":"image\/png"}],"twitter_card":"summary_large_image","schema":{"@context":"https:\/\/schema.org","@graph":[{"@type":"WebPage","@id":"https:\/\/dijonuniversiteclub.fr\/football\/club-partenaires\/","url":"https:\/\/dijonuniversiteclub.fr\/football\/club-partenaires\/","name":"Club Partenaires &amp; M\u00e9c\u00e9nat - Dijon Universit\u00e9 Club Section Football","isPartOf":{"@id":"https:\/\/dijonuniversiteclub.fr\/football\/#website"},"primaryImageOfPage":{"@id":"https:\/\/dijonuniversiteclub.fr\/football\/club-partenaires\/#primaryimage"},"image":{"@id":"https:\/\/dijonuniversiteclub.fr\/football\/club-partenaires\/#primaryimage"},"thumbnailUrl":"https:\/\/dijonuniversiteclub.fr\/football\/wp-content\/uploads\/2025\/11\/dossier_partenaires.png","datePublished":"2025-11-17T14:15:52+00:00","dateModified":"2025-11-17T14:48:38+00:00","description":"Le Dijon Universit\u00e9 Club Section Football recherche des partenaires et m\u00e9c\u00e8nes pour soutenir ses projets sportifs, \u00e9ducatifs et citoyens. Rejoignez-nous et valorisez votre engagement local.","breadcrumb":{"@id":"https:\/\/dijonuniversiteclub.fr\/football\/club-partenaires\/#breadcrumb"},"inLanguage":"fr-FR","potentialAction":[{"@type":"ReadAction","target":["https:\/\/dijonuniversiteclub.fr\/football\/club-partenaires\/"]}]},{"@type":"ImageObject","inLanguage":"fr-FR","@id":"https:\/\/dijonuniversiteclub.fr\/football\/club-partenaires\/#primaryimage","url":"https:\/\/dijonuniversiteclub.fr\/football\/wp-content\/uploads\/2025\/11\/dossier_partenaires.png","contentUrl":"https:\/\/dijonuniversiteclub.fr\/football\/wp-content\/uploads\/2025\/11\/dossier_partenaires.png","width":500,"height":787},{"@type":"BreadcrumbList","@id":"https:\/\/dijonuniversiteclub.fr\/football\/club-partenaires\/#breadcrumb","itemListElement":[{"@type":"ListItem","position":1,"name":"Accueil","item":"https:\/\/dijonuniversiteclub.fr\/football\/"},{"@type":"ListItem","position":2,"name":"Club Partenaires &amp; M\u00e9c\u00e9nat"}]},{"@type":"WebSite","@id":"https:\/\/dijonuniversiteclub.fr\/football\/#website","url":"https:\/\/dijonuniversiteclub.fr\/football\/","name":"Dijon Universit\u00e9 Club Section Football","description":"","publisher":{"@id":"https:\/\/dijonuniversiteclub.fr\/football\/#organization"},"potentialAction":[{"@type":"SearchAction","target":{"@type":"EntryPoint","urlTemplate":"https:\/\/dijonuniversiteclub.fr\/football\/?s={search_term_string}"},"query-input":{"@type":"PropertyValueSpecification","valueRequired":true,"valueName":"search_term_string"}}],"inLanguage":"fr-FR"},{"@type":"Organization","@id":"https:\/\/dijonuniversiteclub.fr\/football\/#organization","name":"Dijon Universit\u00e9 Club Section Football","url":"https:\/\/dijonuniversiteclub.fr\/football\/","logo":{"@type":"ImageObject","inLanguage":"fr-FR","@id":"https:\/\/dijonuniversiteclub.fr\/football\/#\/schema\/logo\/image\/","url":"https:\/\/dijonuniversiteclub.fr\/football\/wp-content\/uploads\/2022\/09\/cropped-logo-transparent-Foot-Copie.png","contentUrl":"https:\/\/dijonuniversiteclub.fr\/football\/wp-content\/uploads\/2022\/09\/cropped-logo-transparent-Foot-Copie.png","width":764,"height":912,"caption":"Dijon Universit\u00e9 Club Section Football"},"image":{"@id":"https:\/\/dijonuniversiteclub.fr\/football\/#\/schema\/logo\/image\/"},"sameAs":["https:\/\/www.facebook.com\/ducfootball","https:\/\/www.instagram.com\/dijonuniversiteclub"]}]}},"_links":{"self":[{"href":"https:\/\/dijonuniversiteclub.fr\/football\/wp-json\/wp\/v2\/pages\/966","targetHints":{"allow":["GET"]}}],"collection":[{"href":"https:\/\/dijonuniversiteclub.fr\/football\/wp-json\/wp\/v2\/pages"}],"about":[{"href":"https:\/\/dijonuniversiteclub.fr\/football\/wp-json\/wp\/v2\/types\/page"}],"author":[{"embeddable":true,"href":"https:\/\/dijonuniversiteclub.fr\/football\/wp-json\/wp\/v2\/users\/1"}],"replies":[{"embeddable":true,"href":"https:\/\/dijonuniversiteclub.fr\/football\/wp-json\/wp\/v2\/comments?post=966"}],"version-history":[{"count":6,"href":"https:\/\/dijonuniversiteclub.fr\/football\/wp-json\/wp\/v2\/pages\/966\/revisions"}],"predecessor-version":[{"id":980,"href":"https:\/\/dijonuniversiteclub.fr\/football\/wp-json\/wp\/v2\/pages\/966\/revisions\/980"}],"wp:attachment":[{"href":"https:\/\/dijonuniversiteclub.fr\/football\/wp-json\/wp\/v2\/media?parent=966"}],"curies":[{"name":"wp","href":"https:\/\/api.w.org\/{rel}","templated":true}]}}