{"id":119,"date":"2025-06-22T15:32:23","date_gmt":"2025-06-22T13:32:23","guid":{"rendered":"https:\/\/dijonuniversiteclub.fr\/tennis\/?page_id=119"},"modified":"2025-07-07T08:33:10","modified_gmt":"2025-07-07T06:33:10","slug":"tennis-jouer-dijon-tennis-dijon","status":"publish","type":"page","link":"https:\/\/dijonuniversiteclub.fr\/tennis\/tennis-jouer-dijon-tennis-dijon\/","title":{"rendered":"Jouer au DUC Tennis"},"content":{"rendered":"\n<p class=\"has-x-large-font-size\"><strong>Pourquoi jouer au DUC Tennis ?<\/strong><\/p>\n\n\n\n<p>Jouer au Dijon Universit\u00e9 Club \u2013 Section Tennis, c\u2019est bien plus qu\u2019une simple pratique sportive. C\u2019est rejoindre un club dynamique situ\u00e9 au c\u0153ur du campus universitaire, un lieu de vie et d\u2019\u00e9changes. Ouvert \u00e0 toutes et tous, \u00e9tudiant\u00b7e\u00b7s comme salari\u00e9\u00b7e\u00b7s, le DUC Tennis offre une ambiance conviviale, propice \u00e0 la progression et \u00e0 l\u2019\u00e9panouissement personnel. Les installations sont modernes, facilement accessibles, et permettent une pratique r\u00e9guli\u00e8re, que ce soit en loisir ou en comp\u00e9tition. L\u2019encadrement est de qualit\u00e9, avec des \u00e9ducateurs dipl\u00f4m\u00e9s \u00e0 l\u2019\u00e9coute des besoins de chacun. Int\u00e9grer un club universitaire, c\u2019est aussi concilier \u00e9tudes et sport dans un environnement stimulant, o\u00f9 l\u2019on d\u00e9veloppe esprit d\u2019\u00e9quipe, rigueur et pers\u00e9v\u00e9rance. C\u2019est enfin l\u2019opportunit\u00e9 de rencontrer des personnes venues de divers horizons et de construire un r\u00e9seau enrichissant, le tout dans un cadre verdoyant et central. Rejoindre le DUC Tennis, c\u2019est choisir un sport, un club, un esprit.<\/p>\n\n\n\n<figure class=\"wp-block-image size-large\"><img loading=\"lazy\" decoding=\"async\" width=\"1024\" height=\"683\" src=\"https:\/\/dijonuniversiteclub.fr\/tennis\/wp-content\/uploads\/2025\/07\/DUC-Tennis-1024x683.jpg\" alt=\"\" class=\"wp-image-370\" srcset=\"https:\/\/dijonuniversiteclub.fr\/tennis\/wp-content\/uploads\/2025\/07\/DUC-Tennis-1024x683.jpg 1024w, https:\/\/dijonuniversiteclub.fr\/tennis\/wp-content\/uploads\/2025\/07\/DUC-Tennis-300x200.jpg 300w, https:\/\/dijonuniversiteclub.fr\/tennis\/wp-content\/uploads\/2025\/07\/DUC-Tennis-768x512.jpg 768w, https:\/\/dijonuniversiteclub.fr\/tennis\/wp-content\/uploads\/2025\/07\/DUC-Tennis-1536x1024.jpg 1536w, https:\/\/dijonuniversiteclub.fr\/tennis\/wp-content\/uploads\/2025\/07\/DUC-Tennis-2048x1365.jpg 2048w\" sizes=\"auto, (max-width: 1024px) 100vw, 1024px\" \/><\/figure>\n","protected":false},"excerpt":{"rendered":"<p>Pourquoi jouer au DUC Tennis ? Jouer au Dijon Universit\u00e9 Club \u2013 Section Tennis, c\u2019est bien plus qu\u2019une simple pratique sportive. C\u2019est rejoindre un club dynamique situ\u00e9 au c\u0153ur du campus universitaire, un lieu de vie et d\u2019\u00e9changes. Ouvert \u00e0 toutes et tous, \u00e9tudiant\u00b7e\u00b7s comme salari\u00e9\u00b7e\u00b7s, le DUC Tennis offre une ambiance conviviale, propice \u00e0 [&hellip;]<\/p>\n","protected":false},"author":1,"featured_media":0,"parent":0,"menu_order":0,"comment_status":"closed","ping_status":"closed","template":"","meta":{"footnotes":""},"class_list":["post-119","page","type-page","status-publish","hentry"],"yoast_head":"<!-- This site is optimized with the Yoast SEO plugin v26.4 - https:\/\/yoast.com\/wordpress\/plugins\/seo\/ -->\n<title>Jouer au DUC Tennis - DUC Tennis<\/title>\n<meta name=\"description\" content=\"Tennis loisir ou comp\u00e9tition ? Int\u00e9grez le DUC Tennis \u00e0 Dijon et profitez d\u2019un encadrement de qualit\u00e9 pour tous les niveaux.\" \/>\n<meta name=\"robots\" content=\"index, follow, max-snippet:-1, max-image-preview:large, max-video-preview:-1\" \/>\n<link rel=\"canonical\" href=\"https:\/\/dijonuniversiteclub.fr\/tennis\/tennis-jouer-dijon-tennis-dijon\/\" \/>\n<meta property=\"og:locale\" content=\"fr_FR\" \/>\n<meta property=\"og:type\" content=\"article\" \/>\n<meta property=\"og:title\" content=\"Jouer au DUC Tennis - DUC Tennis\" \/>\n<meta property=\"og:description\" content=\"Tennis loisir ou comp\u00e9tition ? Int\u00e9grez le DUC Tennis \u00e0 Dijon et profitez d\u2019un encadrement de qualit\u00e9 pour tous les niveaux.\" \/>\n<meta property=\"og:url\" content=\"https:\/\/dijonuniversiteclub.fr\/tennis\/tennis-jouer-dijon-tennis-dijon\/\" \/>\n<meta property=\"og:site_name\" content=\"DUC Tennis\" \/>\n<meta property=\"article:modified_time\" content=\"2025-07-07T06:33:10+00:00\" \/>\n<meta property=\"og:image\" content=\"https:\/\/dijonuniversiteclub.fr\/tennis\/wp-content\/uploads\/2025\/07\/DUC-Tennis-scaled.jpg\" \/>\n\t<meta property=\"og:image:width\" content=\"2560\" \/>\n\t<meta property=\"og:image:height\" content=\"1707\" \/>\n\t<meta property=\"og:image:type\" content=\"image\/jpeg\" \/>\n<meta name=\"twitter:card\" content=\"summary_large_image\" \/>\n<meta name=\"twitter:label1\" content=\"Dur\u00e9e de lecture estim\u00e9e\" \/>\n\t<meta name=\"twitter:data1\" content=\"1 minute\" \/>\n<script type=\"application\/ld+json\" class=\"yoast-schema-graph\">{\"@context\":\"https:\/\/schema.org\",\"@graph\":[{\"@type\":\"WebPage\",\"@id\":\"https:\/\/dijonuniversiteclub.fr\/tennis\/tennis-jouer-dijon-tennis-dijon\/\",\"url\":\"https:\/\/dijonuniversiteclub.fr\/tennis\/tennis-jouer-dijon-tennis-dijon\/\",\"name\":\"Jouer au DUC Tennis - DUC Tennis\",\"isPartOf\":{\"@id\":\"https:\/\/dijonuniversiteclub.fr\/tennis\/#website\"},\"primaryImageOfPage\":{\"@id\":\"https:\/\/dijonuniversiteclub.fr\/tennis\/tennis-jouer-dijon-tennis-dijon\/#primaryimage\"},\"image\":{\"@id\":\"https:\/\/dijonuniversiteclub.fr\/tennis\/tennis-jouer-dijon-tennis-dijon\/#primaryimage\"},\"thumbnailUrl\":\"https:\/\/dijonuniversiteclub.fr\/tennis\/wp-content\/uploads\/2025\/07\/DUC-Tennis-1024x683.jpg\",\"datePublished\":\"2025-06-22T13:32:23+00:00\",\"dateModified\":\"2025-07-07T06:33:10+00:00\",\"description\":\"Tennis loisir ou comp\u00e9tition ? Int\u00e9grez le DUC Tennis \u00e0 Dijon et profitez d\u2019un encadrement de qualit\u00e9 pour tous les niveaux.\",\"breadcrumb\":{\"@id\":\"https:\/\/dijonuniversiteclub.fr\/tennis\/tennis-jouer-dijon-tennis-dijon\/#breadcrumb\"},\"inLanguage\":\"fr-FR\",\"potentialAction\":[{\"@type\":\"ReadAction\",\"target\":[\"https:\/\/dijonuniversiteclub.fr\/tennis\/tennis-jouer-dijon-tennis-dijon\/\"]}]},{\"@type\":\"ImageObject\",\"inLanguage\":\"fr-FR\",\"@id\":\"https:\/\/dijonuniversiteclub.fr\/tennis\/tennis-jouer-dijon-tennis-dijon\/#primaryimage\",\"url\":\"https:\/\/dijonuniversiteclub.fr\/tennis\/wp-content\/uploads\/2025\/07\/DUC-Tennis-scaled.jpg\",\"contentUrl\":\"https:\/\/dijonuniversiteclub.fr\/tennis\/wp-content\/uploads\/2025\/07\/DUC-Tennis-scaled.jpg\",\"width\":2560,\"height\":1707},{\"@type\":\"BreadcrumbList\",\"@id\":\"https:\/\/dijonuniversiteclub.fr\/tennis\/tennis-jouer-dijon-tennis-dijon\/#breadcrumb\",\"itemListElement\":[{\"@type\":\"ListItem\",\"position\":1,\"name\":\"Accueil\",\"item\":\"https:\/\/dijonuniversiteclub.fr\/tennis\/\"},{\"@type\":\"ListItem\",\"position\":2,\"name\":\"Jouer au DUC Tennis\"}]},{\"@type\":\"WebSite\",\"@id\":\"https:\/\/dijonuniversiteclub.fr\/tennis\/#website\",\"url\":\"https:\/\/dijonuniversiteclub.fr\/tennis\/\",\"name\":\"DUC Tennis\",\"description\":\"\",\"publisher\":{\"@id\":\"https:\/\/dijonuniversiteclub.fr\/tennis\/#organization\"},\"potentialAction\":[{\"@type\":\"SearchAction\",\"target\":{\"@type\":\"EntryPoint\",\"urlTemplate\":\"https:\/\/dijonuniversiteclub.fr\/tennis\/?s={search_term_string}\"},\"query-input\":{\"@type\":\"PropertyValueSpecification\",\"valueRequired\":true,\"valueName\":\"search_term_string\"}}],\"inLanguage\":\"fr-FR\"},{\"@type\":\"Organization\",\"@id\":\"https:\/\/dijonuniversiteclub.fr\/tennis\/#organization\",\"name\":\"DUC Tennis\",\"url\":\"https:\/\/dijonuniversiteclub.fr\/tennis\/\",\"logo\":{\"@type\":\"ImageObject\",\"inLanguage\":\"fr-FR\",\"@id\":\"https:\/\/dijonuniversiteclub.fr\/tennis\/#\/schema\/logo\/image\/\",\"url\":\"https:\/\/dijonuniversiteclub.fr\/tennis\/wp-content\/uploads\/2025\/06\/cropped-cropped-logo-transparent-DUC.png\",\"contentUrl\":\"https:\/\/dijonuniversiteclub.fr\/tennis\/wp-content\/uploads\/2025\/06\/cropped-cropped-logo-transparent-DUC.png\",\"width\":762,\"height\":912,\"caption\":\"DUC Tennis\"},\"image\":{\"@id\":\"https:\/\/dijonuniversiteclub.fr\/tennis\/#\/schema\/logo\/image\/\"}}]}<\/script>\n<!-- \/ Yoast SEO plugin. -->","yoast_head_json":{"title":"Jouer au DUC Tennis - DUC Tennis","description":"Tennis loisir ou comp\u00e9tition ? Int\u00e9grez le DUC Tennis \u00e0 Dijon et profitez d\u2019un encadrement de qualit\u00e9 pour tous les niveaux.","robots":{"index":"index","follow":"follow","max-snippet":"max-snippet:-1","max-image-preview":"max-image-preview:large","max-video-preview":"max-video-preview:-1"},"canonical":"https:\/\/dijonuniversiteclub.fr\/tennis\/tennis-jouer-dijon-tennis-dijon\/","og_locale":"fr_FR","og_type":"article","og_title":"Jouer au DUC Tennis - DUC Tennis","og_description":"Tennis loisir ou comp\u00e9tition ? Int\u00e9grez le DUC Tennis \u00e0 Dijon et profitez d\u2019un encadrement de qualit\u00e9 pour tous les niveaux.","og_url":"https:\/\/dijonuniversiteclub.fr\/tennis\/tennis-jouer-dijon-tennis-dijon\/","og_site_name":"DUC Tennis","article_modified_time":"2025-07-07T06:33:10+00:00","og_image":[{"width":2560,"height":1707,"url":"https:\/\/dijonuniversiteclub.fr\/tennis\/wp-content\/uploads\/2025\/07\/DUC-Tennis-scaled.jpg","type":"image\/jpeg"}],"twitter_card":"summary_large_image","twitter_misc":{"Dur\u00e9e de lecture estim\u00e9e":"1 minute"},"schema":{"@context":"https:\/\/schema.org","@graph":[{"@type":"WebPage","@id":"https:\/\/dijonuniversiteclub.fr\/tennis\/tennis-jouer-dijon-tennis-dijon\/","url":"https:\/\/dijonuniversiteclub.fr\/tennis\/tennis-jouer-dijon-tennis-dijon\/","name":"Jouer au DUC Tennis - DUC Tennis","isPartOf":{"@id":"https:\/\/dijonuniversiteclub.fr\/tennis\/#website"},"primaryImageOfPage":{"@id":"https:\/\/dijonuniversiteclub.fr\/tennis\/tennis-jouer-dijon-tennis-dijon\/#primaryimage"},"image":{"@id":"https:\/\/dijonuniversiteclub.fr\/tennis\/tennis-jouer-dijon-tennis-dijon\/#primaryimage"},"thumbnailUrl":"https:\/\/dijonuniversiteclub.fr\/tennis\/wp-content\/uploads\/2025\/07\/DUC-Tennis-1024x683.jpg","datePublished":"2025-06-22T13:32:23+00:00","dateModified":"2025-07-07T06:33:10+00:00","description":"Tennis loisir ou comp\u00e9tition ? Int\u00e9grez le DUC Tennis \u00e0 Dijon et profitez d\u2019un encadrement de qualit\u00e9 pour tous les niveaux.","breadcrumb":{"@id":"https:\/\/dijonuniversiteclub.fr\/tennis\/tennis-jouer-dijon-tennis-dijon\/#breadcrumb"},"inLanguage":"fr-FR","potentialAction":[{"@type":"ReadAction","target":["https:\/\/dijonuniversiteclub.fr\/tennis\/tennis-jouer-dijon-tennis-dijon\/"]}]},{"@type":"ImageObject","inLanguage":"fr-FR","@id":"https:\/\/dijonuniversiteclub.fr\/tennis\/tennis-jouer-dijon-tennis-dijon\/#primaryimage","url":"https:\/\/dijonuniversiteclub.fr\/tennis\/wp-content\/uploads\/2025\/07\/DUC-Tennis-scaled.jpg","contentUrl":"https:\/\/dijonuniversiteclub.fr\/tennis\/wp-content\/uploads\/2025\/07\/DUC-Tennis-scaled.jpg","width":2560,"height":1707},{"@type":"BreadcrumbList","@id":"https:\/\/dijonuniversiteclub.fr\/tennis\/tennis-jouer-dijon-tennis-dijon\/#breadcrumb","itemListElement":[{"@type":"ListItem","position":1,"name":"Accueil","item":"https:\/\/dijonuniversiteclub.fr\/tennis\/"},{"@type":"ListItem","position":2,"name":"Jouer au DUC Tennis"}]},{"@type":"WebSite","@id":"https:\/\/dijonuniversiteclub.fr\/tennis\/#website","url":"https:\/\/dijonuniversiteclub.fr\/tennis\/","name":"DUC Tennis","description":"","publisher":{"@id":"https:\/\/dijonuniversiteclub.fr\/tennis\/#organization"},"potentialAction":[{"@type":"SearchAction","target":{"@type":"EntryPoint","urlTemplate":"https:\/\/dijonuniversiteclub.fr\/tennis\/?s={search_term_string}"},"query-input":{"@type":"PropertyValueSpecification","valueRequired":true,"valueName":"search_term_string"}}],"inLanguage":"fr-FR"},{"@type":"Organization","@id":"https:\/\/dijonuniversiteclub.fr\/tennis\/#organization","name":"DUC Tennis","url":"https:\/\/dijonuniversiteclub.fr\/tennis\/","logo":{"@type":"ImageObject","inLanguage":"fr-FR","@id":"https:\/\/dijonuniversiteclub.fr\/tennis\/#\/schema\/logo\/image\/","url":"https:\/\/dijonuniversiteclub.fr\/tennis\/wp-content\/uploads\/2025\/06\/cropped-cropped-logo-transparent-DUC.png","contentUrl":"https:\/\/dijonuniversiteclub.fr\/tennis\/wp-content\/uploads\/2025\/06\/cropped-cropped-logo-transparent-DUC.png","width":762,"height":912,"caption":"DUC Tennis"},"image":{"@id":"https:\/\/dijonuniversiteclub.fr\/tennis\/#\/schema\/logo\/image\/"}}]}},"_links":{"self":[{"href":"https:\/\/dijonuniversiteclub.fr\/tennis\/wp-json\/wp\/v2\/pages\/119","targetHints":{"allow":["GET"]}}],"collection":[{"href":"https:\/\/dijonuniversiteclub.fr\/tennis\/wp-json\/wp\/v2\/pages"}],"about":[{"href":"https:\/\/dijonuniversiteclub.fr\/tennis\/wp-json\/wp\/v2\/types\/page"}],"author":[{"embeddable":true,"href":"https:\/\/dijonuniversiteclub.fr\/tennis\/wp-json\/wp\/v2\/users\/1"}],"replies":[{"embeddable":true,"href":"https:\/\/dijonuniversiteclub.fr\/tennis\/wp-json\/wp\/v2\/comments?post=119"}],"version-history":[{"count":4,"href":"https:\/\/dijonuniversiteclub.fr\/tennis\/wp-json\/wp\/v2\/pages\/119\/revisions"}],"predecessor-version":[{"id":377,"href":"https:\/\/dijonuniversiteclub.fr\/tennis\/wp-json\/wp\/v2\/pages\/119\/revisions\/377"}],"wp:attachment":[{"href":"https:\/\/dijonuniversiteclub.fr\/tennis\/wp-json\/wp\/v2\/media?parent=119"}],"curies":[{"name":"wp","href":"https:\/\/api.w.org\/{rel}","templated":true}]}}