{"id":133,"date":"2025-06-22T15:35:08","date_gmt":"2025-06-22T13:35:08","guid":{"rendered":"https:\/\/dijonuniversiteclub.fr\/tennis\/?page_id=133"},"modified":"2025-07-06T22:48:46","modified_gmt":"2025-07-06T20:48:46","slug":"enseignement-cours-tennis-planning-annuel","status":"publish","type":"page","link":"https:\/\/dijonuniversiteclub.fr\/tennis\/enseignement-cours-tennis-planning-annuel\/","title":{"rendered":"Planning annuel"},"content":{"rendered":"<div class=\"wp-block-image\">\n<figure class=\"aligncenter size-full\"><img loading=\"lazy\" decoding=\"async\" width=\"1024\" height=\"1024\" src=\"https:\/\/dijonuniversiteclub.fr\/tennis\/wp-content\/uploads\/2025\/07\/freepik__the-style-is-candid-image-photography-with-natural__86576.jpeg\" alt=\"\" class=\"wp-image-368\" srcset=\"https:\/\/dijonuniversiteclub.fr\/tennis\/wp-content\/uploads\/2025\/07\/freepik__the-style-is-candid-image-photography-with-natural__86576.jpeg 1024w, https:\/\/dijonuniversiteclub.fr\/tennis\/wp-content\/uploads\/2025\/07\/freepik__the-style-is-candid-image-photography-with-natural__86576-300x300.jpeg 300w, https:\/\/dijonuniversiteclub.fr\/tennis\/wp-content\/uploads\/2025\/07\/freepik__the-style-is-candid-image-photography-with-natural__86576-150x150.jpeg 150w, https:\/\/dijonuniversiteclub.fr\/tennis\/wp-content\/uploads\/2025\/07\/freepik__the-style-is-candid-image-photography-with-natural__86576-768x768.jpeg 768w\" sizes=\"auto, (max-width: 1024px) 100vw, 1024px\" \/><\/figure>\n<\/div>\n\n\n<p class=\"has-medium-font-size\"><strong>Septembre &#8211; D\u00e9but des entra\u00eenements et de l\u2019\u00e9cole de tennis<\/strong><\/p>\n\n\n\n<p class=\"has-medium-font-size\"><strong>Octobre &#8211; D\u00e9but des matchs amicaux du samedi (points \u00e0 gogo)<\/strong><\/p>\n\n\n\n<p class=\"has-medium-font-size\"><strong>Novembre &#8211; Interclubs + 35 ans Tournoi Open d\u2019hiver (CNGT)<\/strong><\/p>\n\n\n\n<p class=\"has-medium-font-size\"><strong>D\u00e9cembre &#8211; Interclubs Cadets Tournoi Open d\u2019hiver (CNGT)<\/strong><\/p>\n\n\n\n<p class=\"has-medium-font-size\"><strong>Janvier &#8211; Interclubs +35 ans Galette des rois<\/strong><\/p>\n\n\n\n<p class=\"has-medium-font-size\"><strong>F\u00e9vrier &#8211; Stages<\/strong><\/p>\n\n\n\n<p class=\"has-medium-font-size\"><strong>Mars &#8211; Interclubs des jeunes<\/strong><\/p>\n\n\n\n<p class=\"has-medium-font-size\"><strong>Avril &#8211; Stage<\/strong><\/p>\n\n\n\n<p class=\"has-medium-font-size\"><strong>Mai &#8211; Interclubs des adultes<\/strong><\/p>\n\n\n\n<p class=\"has-medium-font-size\"><strong>Juin &#8211; Fin \u00c9cole de tennis<\/strong><\/p>\n\n\n\n<p class=\"has-medium-font-size\"><strong>Juillet &#8211; Tournois Multi Chances (TMC) de juillet<\/strong><\/p>\n\n\n\n<p class=\"has-medium-font-size\"><strong>Ao\u00fbt &#8211; Vacances<\/strong><\/p>\n\n\n\n<p><\/p>\n","protected":false},"excerpt":{"rendered":"<p>Septembre &#8211; D\u00e9but des entra\u00eenements et de l\u2019\u00e9cole de tennis Octobre &#8211; D\u00e9but des matchs amicaux du samedi (points \u00e0 gogo) Novembre &#8211; Interclubs + 35 ans Tournoi Open d\u2019hiver (CNGT) D\u00e9cembre &#8211; Interclubs Cadets Tournoi Open d\u2019hiver (CNGT) Janvier &#8211; Interclubs +35 ans Galette des rois F\u00e9vrier &#8211; Stages Mars &#8211; Interclubs des jeunes [&hellip;]<\/p>\n","protected":false},"author":1,"featured_media":0,"parent":0,"menu_order":0,"comment_status":"closed","ping_status":"closed","template":"","meta":{"footnotes":""},"class_list":["post-133","page","type-page","status-publish","hentry"],"yoast_head":"<!-- This site is optimized with the Yoast SEO plugin v26.4 - https:\/\/yoast.com\/wordpress\/plugins\/seo\/ -->\n<title>Planning annuel - DUC Tennis<\/title>\n<meta name=\"description\" content=\"Consultez le calendrier annuel du DUC Tennis \u00e0 Dijon : entra\u00eenements, comp\u00e9titions, stages et \u00e9v\u00e9nements pour la saison 2025\u20132026.\" \/>\n<meta name=\"robots\" content=\"index, follow, max-snippet:-1, max-image-preview:large, max-video-preview:-1\" \/>\n<link rel=\"canonical\" href=\"https:\/\/dijonuniversiteclub.fr\/tennis\/enseignement-cours-tennis-planning-annuel\/\" \/>\n<meta property=\"og:locale\" content=\"fr_FR\" \/>\n<meta property=\"og:type\" content=\"article\" \/>\n<meta property=\"og:title\" content=\"Planning annuel - DUC Tennis\" \/>\n<meta property=\"og:description\" content=\"Consultez le calendrier annuel du DUC Tennis \u00e0 Dijon : entra\u00eenements, comp\u00e9titions, stages et \u00e9v\u00e9nements pour la saison 2025\u20132026.\" \/>\n<meta property=\"og:url\" content=\"https:\/\/dijonuniversiteclub.fr\/tennis\/enseignement-cours-tennis-planning-annuel\/\" \/>\n<meta property=\"og:site_name\" content=\"DUC Tennis\" \/>\n<meta property=\"article:modified_time\" content=\"2025-07-06T20:48:46+00:00\" \/>\n<meta property=\"og:image\" content=\"https:\/\/dijonuniversiteclub.fr\/tennis\/wp-content\/uploads\/2025\/07\/freepik__the-style-is-candid-image-photography-with-natural__86576.jpeg\" \/>\n\t<meta property=\"og:image:width\" content=\"1024\" \/>\n\t<meta property=\"og:image:height\" content=\"1024\" \/>\n\t<meta property=\"og:image:type\" content=\"image\/jpeg\" \/>\n<meta name=\"twitter:card\" content=\"summary_large_image\" \/>\n<meta name=\"twitter:label1\" content=\"Dur\u00e9e de lecture estim\u00e9e\" \/>\n\t<meta name=\"twitter:data1\" content=\"1 minute\" \/>\n<script type=\"application\/ld+json\" class=\"yoast-schema-graph\">{\"@context\":\"https:\/\/schema.org\",\"@graph\":[{\"@type\":\"WebPage\",\"@id\":\"https:\/\/dijonuniversiteclub.fr\/tennis\/enseignement-cours-tennis-planning-annuel\/\",\"url\":\"https:\/\/dijonuniversiteclub.fr\/tennis\/enseignement-cours-tennis-planning-annuel\/\",\"name\":\"Planning annuel - DUC Tennis\",\"isPartOf\":{\"@id\":\"https:\/\/dijonuniversiteclub.fr\/tennis\/#website\"},\"primaryImageOfPage\":{\"@id\":\"https:\/\/dijonuniversiteclub.fr\/tennis\/enseignement-cours-tennis-planning-annuel\/#primaryimage\"},\"image\":{\"@id\":\"https:\/\/dijonuniversiteclub.fr\/tennis\/enseignement-cours-tennis-planning-annuel\/#primaryimage\"},\"thumbnailUrl\":\"https:\/\/dijonuniversiteclub.fr\/tennis\/wp-content\/uploads\/2025\/07\/freepik__the-style-is-candid-image-photography-with-natural__86576.jpeg\",\"datePublished\":\"2025-06-22T13:35:08+00:00\",\"dateModified\":\"2025-07-06T20:48:46+00:00\",\"description\":\"Consultez le calendrier annuel du DUC Tennis \u00e0 Dijon : entra\u00eenements, comp\u00e9titions, stages et \u00e9v\u00e9nements pour la saison 2025\u20132026.\",\"breadcrumb\":{\"@id\":\"https:\/\/dijonuniversiteclub.fr\/tennis\/enseignement-cours-tennis-planning-annuel\/#breadcrumb\"},\"inLanguage\":\"fr-FR\",\"potentialAction\":[{\"@type\":\"ReadAction\",\"target\":[\"https:\/\/dijonuniversiteclub.fr\/tennis\/enseignement-cours-tennis-planning-annuel\/\"]}]},{\"@type\":\"ImageObject\",\"inLanguage\":\"fr-FR\",\"@id\":\"https:\/\/dijonuniversiteclub.fr\/tennis\/enseignement-cours-tennis-planning-annuel\/#primaryimage\",\"url\":\"https:\/\/dijonuniversiteclub.fr\/tennis\/wp-content\/uploads\/2025\/07\/freepik__the-style-is-candid-image-photography-with-natural__86576.jpeg\",\"contentUrl\":\"https:\/\/dijonuniversiteclub.fr\/tennis\/wp-content\/uploads\/2025\/07\/freepik__the-style-is-candid-image-photography-with-natural__86576.jpeg\",\"width\":1024,\"height\":1024},{\"@type\":\"BreadcrumbList\",\"@id\":\"https:\/\/dijonuniversiteclub.fr\/tennis\/enseignement-cours-tennis-planning-annuel\/#breadcrumb\",\"itemListElement\":[{\"@type\":\"ListItem\",\"position\":1,\"name\":\"Accueil\",\"item\":\"https:\/\/dijonuniversiteclub.fr\/tennis\/\"},{\"@type\":\"ListItem\",\"position\":2,\"name\":\"Planning annuel\"}]},{\"@type\":\"WebSite\",\"@id\":\"https:\/\/dijonuniversiteclub.fr\/tennis\/#website\",\"url\":\"https:\/\/dijonuniversiteclub.fr\/tennis\/\",\"name\":\"DUC Tennis\",\"description\":\"\",\"publisher\":{\"@id\":\"https:\/\/dijonuniversiteclub.fr\/tennis\/#organization\"},\"potentialAction\":[{\"@type\":\"SearchAction\",\"target\":{\"@type\":\"EntryPoint\",\"urlTemplate\":\"https:\/\/dijonuniversiteclub.fr\/tennis\/?s={search_term_string}\"},\"query-input\":{\"@type\":\"PropertyValueSpecification\",\"valueRequired\":true,\"valueName\":\"search_term_string\"}}],\"inLanguage\":\"fr-FR\"},{\"@type\":\"Organization\",\"@id\":\"https:\/\/dijonuniversiteclub.fr\/tennis\/#organization\",\"name\":\"DUC Tennis\",\"url\":\"https:\/\/dijonuniversiteclub.fr\/tennis\/\",\"logo\":{\"@type\":\"ImageObject\",\"inLanguage\":\"fr-FR\",\"@id\":\"https:\/\/dijonuniversiteclub.fr\/tennis\/#\/schema\/logo\/image\/\",\"url\":\"https:\/\/dijonuniversiteclub.fr\/tennis\/wp-content\/uploads\/2025\/06\/cropped-cropped-logo-transparent-DUC.png\",\"contentUrl\":\"https:\/\/dijonuniversiteclub.fr\/tennis\/wp-content\/uploads\/2025\/06\/cropped-cropped-logo-transparent-DUC.png\",\"width\":762,\"height\":912,\"caption\":\"DUC Tennis\"},\"image\":{\"@id\":\"https:\/\/dijonuniversiteclub.fr\/tennis\/#\/schema\/logo\/image\/\"}}]}<\/script>\n<!-- \/ Yoast SEO plugin. -->","yoast_head_json":{"title":"Planning annuel - DUC Tennis","description":"Consultez le calendrier annuel du DUC Tennis \u00e0 Dijon : entra\u00eenements, comp\u00e9titions, stages et \u00e9v\u00e9nements pour la saison 2025\u20132026.","robots":{"index":"index","follow":"follow","max-snippet":"max-snippet:-1","max-image-preview":"max-image-preview:large","max-video-preview":"max-video-preview:-1"},"canonical":"https:\/\/dijonuniversiteclub.fr\/tennis\/enseignement-cours-tennis-planning-annuel\/","og_locale":"fr_FR","og_type":"article","og_title":"Planning annuel - DUC Tennis","og_description":"Consultez le calendrier annuel du DUC Tennis \u00e0 Dijon : entra\u00eenements, comp\u00e9titions, stages et \u00e9v\u00e9nements pour la saison 2025\u20132026.","og_url":"https:\/\/dijonuniversiteclub.fr\/tennis\/enseignement-cours-tennis-planning-annuel\/","og_site_name":"DUC Tennis","article_modified_time":"2025-07-06T20:48:46+00:00","og_image":[{"width":1024,"height":1024,"url":"https:\/\/dijonuniversiteclub.fr\/tennis\/wp-content\/uploads\/2025\/07\/freepik__the-style-is-candid-image-photography-with-natural__86576.jpeg","type":"image\/jpeg"}],"twitter_card":"summary_large_image","twitter_misc":{"Dur\u00e9e de lecture estim\u00e9e":"1 minute"},"schema":{"@context":"https:\/\/schema.org","@graph":[{"@type":"WebPage","@id":"https:\/\/dijonuniversiteclub.fr\/tennis\/enseignement-cours-tennis-planning-annuel\/","url":"https:\/\/dijonuniversiteclub.fr\/tennis\/enseignement-cours-tennis-planning-annuel\/","name":"Planning annuel - DUC Tennis","isPartOf":{"@id":"https:\/\/dijonuniversiteclub.fr\/tennis\/#website"},"primaryImageOfPage":{"@id":"https:\/\/dijonuniversiteclub.fr\/tennis\/enseignement-cours-tennis-planning-annuel\/#primaryimage"},"image":{"@id":"https:\/\/dijonuniversiteclub.fr\/tennis\/enseignement-cours-tennis-planning-annuel\/#primaryimage"},"thumbnailUrl":"https:\/\/dijonuniversiteclub.fr\/tennis\/wp-content\/uploads\/2025\/07\/freepik__the-style-is-candid-image-photography-with-natural__86576.jpeg","datePublished":"2025-06-22T13:35:08+00:00","dateModified":"2025-07-06T20:48:46+00:00","description":"Consultez le calendrier annuel du DUC Tennis \u00e0 Dijon : entra\u00eenements, comp\u00e9titions, stages et \u00e9v\u00e9nements pour la saison 2025\u20132026.","breadcrumb":{"@id":"https:\/\/dijonuniversiteclub.fr\/tennis\/enseignement-cours-tennis-planning-annuel\/#breadcrumb"},"inLanguage":"fr-FR","potentialAction":[{"@type":"ReadAction","target":["https:\/\/dijonuniversiteclub.fr\/tennis\/enseignement-cours-tennis-planning-annuel\/"]}]},{"@type":"ImageObject","inLanguage":"fr-FR","@id":"https:\/\/dijonuniversiteclub.fr\/tennis\/enseignement-cours-tennis-planning-annuel\/#primaryimage","url":"https:\/\/dijonuniversiteclub.fr\/tennis\/wp-content\/uploads\/2025\/07\/freepik__the-style-is-candid-image-photography-with-natural__86576.jpeg","contentUrl":"https:\/\/dijonuniversiteclub.fr\/tennis\/wp-content\/uploads\/2025\/07\/freepik__the-style-is-candid-image-photography-with-natural__86576.jpeg","width":1024,"height":1024},{"@type":"BreadcrumbList","@id":"https:\/\/dijonuniversiteclub.fr\/tennis\/enseignement-cours-tennis-planning-annuel\/#breadcrumb","itemListElement":[{"@type":"ListItem","position":1,"name":"Accueil","item":"https:\/\/dijonuniversiteclub.fr\/tennis\/"},{"@type":"ListItem","position":2,"name":"Planning annuel"}]},{"@type":"WebSite","@id":"https:\/\/dijonuniversiteclub.fr\/tennis\/#website","url":"https:\/\/dijonuniversiteclub.fr\/tennis\/","name":"DUC Tennis","description":"","publisher":{"@id":"https:\/\/dijonuniversiteclub.fr\/tennis\/#organization"},"potentialAction":[{"@type":"SearchAction","target":{"@type":"EntryPoint","urlTemplate":"https:\/\/dijonuniversiteclub.fr\/tennis\/?s={search_term_string}"},"query-input":{"@type":"PropertyValueSpecification","valueRequired":true,"valueName":"search_term_string"}}],"inLanguage":"fr-FR"},{"@type":"Organization","@id":"https:\/\/dijonuniversiteclub.fr\/tennis\/#organization","name":"DUC Tennis","url":"https:\/\/dijonuniversiteclub.fr\/tennis\/","logo":{"@type":"ImageObject","inLanguage":"fr-FR","@id":"https:\/\/dijonuniversiteclub.fr\/tennis\/#\/schema\/logo\/image\/","url":"https:\/\/dijonuniversiteclub.fr\/tennis\/wp-content\/uploads\/2025\/06\/cropped-cropped-logo-transparent-DUC.png","contentUrl":"https:\/\/dijonuniversiteclub.fr\/tennis\/wp-content\/uploads\/2025\/06\/cropped-cropped-logo-transparent-DUC.png","width":762,"height":912,"caption":"DUC Tennis"},"image":{"@id":"https:\/\/dijonuniversiteclub.fr\/tennis\/#\/schema\/logo\/image\/"}}]}},"_links":{"self":[{"href":"https:\/\/dijonuniversiteclub.fr\/tennis\/wp-json\/wp\/v2\/pages\/133","targetHints":{"allow":["GET"]}}],"collection":[{"href":"https:\/\/dijonuniversiteclub.fr\/tennis\/wp-json\/wp\/v2\/pages"}],"about":[{"href":"https:\/\/dijonuniversiteclub.fr\/tennis\/wp-json\/wp\/v2\/types\/page"}],"author":[{"embeddable":true,"href":"https:\/\/dijonuniversiteclub.fr\/tennis\/wp-json\/wp\/v2\/users\/1"}],"replies":[{"embeddable":true,"href":"https:\/\/dijonuniversiteclub.fr\/tennis\/wp-json\/wp\/v2\/comments?post=133"}],"version-history":[{"count":2,"href":"https:\/\/dijonuniversiteclub.fr\/tennis\/wp-json\/wp\/v2\/pages\/133\/revisions"}],"predecessor-version":[{"id":369,"href":"https:\/\/dijonuniversiteclub.fr\/tennis\/wp-json\/wp\/v2\/pages\/133\/revisions\/369"}],"wp:attachment":[{"href":"https:\/\/dijonuniversiteclub.fr\/tennis\/wp-json\/wp\/v2\/media?parent=133"}],"curies":[{"name":"wp","href":"https:\/\/api.w.org\/{rel}","templated":true}]}}