{"id":136,"date":"2025-06-22T15:35:27","date_gmt":"2025-06-22T13:35:27","guid":{"rendered":"https:\/\/dijonuniversiteclub.fr\/tennis\/?page_id=136"},"modified":"2025-07-07T08:32:11","modified_gmt":"2025-07-07T06:32:11","slug":"tennis-infos-pratiques-itineraire-tennis-dijon","status":"publish","type":"page","link":"https:\/\/dijonuniversiteclub.fr\/tennis\/tennis-infos-pratiques-itineraire-tennis-dijon\/","title":{"rendered":"Infos pratiques"},"content":{"rendered":"\n<figure class=\"wp-block-image size-large\"><img loading=\"lazy\" decoding=\"async\" width=\"1024\" height=\"683\" src=\"https:\/\/dijonuniversiteclub.fr\/tennis\/wp-content\/uploads\/2025\/07\/DUC-Tennis-1024x683.jpg\" alt=\"\" class=\"wp-image-370\" srcset=\"https:\/\/dijonuniversiteclub.fr\/tennis\/wp-content\/uploads\/2025\/07\/DUC-Tennis-1024x683.jpg 1024w, https:\/\/dijonuniversiteclub.fr\/tennis\/wp-content\/uploads\/2025\/07\/DUC-Tennis-300x200.jpg 300w, https:\/\/dijonuniversiteclub.fr\/tennis\/wp-content\/uploads\/2025\/07\/DUC-Tennis-768x512.jpg 768w, https:\/\/dijonuniversiteclub.fr\/tennis\/wp-content\/uploads\/2025\/07\/DUC-Tennis-1536x1024.jpg 1536w, https:\/\/dijonuniversiteclub.fr\/tennis\/wp-content\/uploads\/2025\/07\/DUC-Tennis-2048x1365.jpg 2048w\" sizes=\"auto, (max-width: 1024px) 100vw, 1024px\" \/><\/figure>\n\n\n\n<p class=\"has-text-align-center has-x-large-font-size\"><strong>Dijon Universit\u00e9 Club Section Tennis<\/strong><\/p>\n\n\n\n<p class=\"has-text-align-center\">Maison des Sports Herv\u00e9 Li\u00e9mans<\/p>\n\n\n\n<p class=\"has-text-align-center\">Universit\u00e9 de Bourgogne Europe<\/p>\n\n\n\n<p class=\"has-text-align-center\">BP 27877 21078 Dijon Cedex<\/p>\n\n\n\n<p class=\"has-x-large-font-size\"><strong>Contacts<\/strong><\/p>\n\n\n\n<p><strong>Club :<\/strong> ductennis@aol.com &#8211; 06 76 86 11 14<\/p>\n\n\n\n<p><strong>Pr\u00e9sident :<\/strong><\/p>\n\n\n\n<p>Lionel CROGNIER &#8211; lionel.crognier@ube.fr &#8211; 06 79 64 81 43<\/p>\n\n\n\n<p><strong>Entra\u00eeneur :<\/strong><\/p>\n\n\n\n<p>David MOREAU &#8211; 06 16 48 76 98<\/p>\n\n\n\n<p class=\"has-x-large-font-size\"><strong>Plan d&rsquo;acc\u00e8s<\/strong><\/p>\n\n\n\n<figure class=\"wp-block-image size-large\"><img loading=\"lazy\" decoding=\"async\" width=\"1024\" height=\"879\" src=\"https:\/\/dijonuniversiteclub.fr\/tennis\/wp-content\/uploads\/2025\/07\/Plan-installations-1024x879.png\" alt=\"\" class=\"wp-image-372\" srcset=\"https:\/\/dijonuniversiteclub.fr\/tennis\/wp-content\/uploads\/2025\/07\/Plan-installations-1024x879.png 1024w, https:\/\/dijonuniversiteclub.fr\/tennis\/wp-content\/uploads\/2025\/07\/Plan-installations-300x257.png 300w, https:\/\/dijonuniversiteclub.fr\/tennis\/wp-content\/uploads\/2025\/07\/Plan-installations-768x659.png 768w, https:\/\/dijonuniversiteclub.fr\/tennis\/wp-content\/uploads\/2025\/07\/Plan-installations-1536x1318.png 1536w, https:\/\/dijonuniversiteclub.fr\/tennis\/wp-content\/uploads\/2025\/07\/Plan-installations-2048x1757.png 2048w\" sizes=\"auto, (max-width: 1024px) 100vw, 1024px\" \/><\/figure>\n\n\n\n<p><strong>Itin\u00e9raire vers Maison des Sports Herv\u00e9 Li\u00e9mans<\/strong> : <a href=\"https:\/\/maps.app.goo.gl\/GASyrpc6fx95m4eh6\">https:\/\/maps.app.goo.gl\/GASyrpc6fx95m4eh6<\/a><\/p>\n\n\n\n<p><\/p>\n","protected":false},"excerpt":{"rendered":"<p>Dijon Universit\u00e9 Club Section Tennis Maison des Sports Herv\u00e9 Li\u00e9mans Universit\u00e9 de Bourgogne Europe BP 27877 21078 Dijon Cedex Contacts Club : ductennis@aol.com &#8211; 06 76 86 11 14 Pr\u00e9sident : Lionel CROGNIER &#8211; lionel.crognier@ube.fr &#8211; 06 79 64 81 43 Entra\u00eeneur : David MOREAU &#8211; 06 16 48 76 98 Plan d&rsquo;acc\u00e8s Itin\u00e9raire vers [&hellip;]<\/p>\n","protected":false},"author":1,"featured_media":0,"parent":0,"menu_order":0,"comment_status":"closed","ping_status":"closed","template":"","meta":{"footnotes":""},"class_list":["post-136","page","type-page","status-publish","hentry"],"yoast_head":"<!-- This site is optimized with the Yoast SEO plugin v26.4 - https:\/\/yoast.com\/wordpress\/plugins\/seo\/ -->\n<title>Infos pratiques - DUC Tennis<\/title>\n<meta name=\"description\" content=\"D\u00e9couvrez les horaires, acc\u00e8s aux courts, \u00e9quipements et contacts du DUC Tennis \u00e0 Dijon. Tout ce qu\u2019il faut savoir pour bien jouer.\" \/>\n<meta name=\"robots\" content=\"index, follow, max-snippet:-1, max-image-preview:large, max-video-preview:-1\" \/>\n<link rel=\"canonical\" href=\"https:\/\/dijonuniversiteclub.fr\/tennis\/tennis-infos-pratiques-itineraire-tennis-dijon\/\" \/>\n<meta property=\"og:locale\" content=\"fr_FR\" \/>\n<meta property=\"og:type\" content=\"article\" \/>\n<meta property=\"og:title\" content=\"Infos pratiques - DUC Tennis\" \/>\n<meta property=\"og:description\" content=\"D\u00e9couvrez les horaires, acc\u00e8s aux courts, \u00e9quipements et contacts du DUC Tennis \u00e0 Dijon. Tout ce qu\u2019il faut savoir pour bien jouer.\" \/>\n<meta property=\"og:url\" content=\"https:\/\/dijonuniversiteclub.fr\/tennis\/tennis-infos-pratiques-itineraire-tennis-dijon\/\" \/>\n<meta property=\"og:site_name\" content=\"DUC Tennis\" \/>\n<meta property=\"article:modified_time\" content=\"2025-07-07T06:32:11+00:00\" \/>\n<meta property=\"og:image\" content=\"https:\/\/dijonuniversiteclub.fr\/tennis\/wp-content\/uploads\/2025\/07\/DUC-Tennis-scaled.jpg\" \/>\n\t<meta property=\"og:image:width\" content=\"2560\" \/>\n\t<meta property=\"og:image:height\" content=\"1707\" \/>\n\t<meta property=\"og:image:type\" content=\"image\/jpeg\" \/>\n<meta name=\"twitter:card\" content=\"summary_large_image\" \/>\n<meta name=\"twitter:label1\" content=\"Dur\u00e9e de lecture estim\u00e9e\" \/>\n\t<meta name=\"twitter:data1\" content=\"1 minute\" \/>\n<script type=\"application\/ld+json\" class=\"yoast-schema-graph\">{\"@context\":\"https:\/\/schema.org\",\"@graph\":[{\"@type\":\"WebPage\",\"@id\":\"https:\/\/dijonuniversiteclub.fr\/tennis\/tennis-infos-pratiques-itineraire-tennis-dijon\/\",\"url\":\"https:\/\/dijonuniversiteclub.fr\/tennis\/tennis-infos-pratiques-itineraire-tennis-dijon\/\",\"name\":\"Infos pratiques - DUC Tennis\",\"isPartOf\":{\"@id\":\"https:\/\/dijonuniversiteclub.fr\/tennis\/#website\"},\"primaryImageOfPage\":{\"@id\":\"https:\/\/dijonuniversiteclub.fr\/tennis\/tennis-infos-pratiques-itineraire-tennis-dijon\/#primaryimage\"},\"image\":{\"@id\":\"https:\/\/dijonuniversiteclub.fr\/tennis\/tennis-infos-pratiques-itineraire-tennis-dijon\/#primaryimage\"},\"thumbnailUrl\":\"https:\/\/dijonuniversiteclub.fr\/tennis\/wp-content\/uploads\/2025\/07\/DUC-Tennis-1024x683.jpg\",\"datePublished\":\"2025-06-22T13:35:27+00:00\",\"dateModified\":\"2025-07-07T06:32:11+00:00\",\"description\":\"D\u00e9couvrez les horaires, acc\u00e8s aux courts, \u00e9quipements et contacts du DUC Tennis \u00e0 Dijon. Tout ce qu\u2019il faut savoir pour bien jouer.\",\"breadcrumb\":{\"@id\":\"https:\/\/dijonuniversiteclub.fr\/tennis\/tennis-infos-pratiques-itineraire-tennis-dijon\/#breadcrumb\"},\"inLanguage\":\"fr-FR\",\"potentialAction\":[{\"@type\":\"ReadAction\",\"target\":[\"https:\/\/dijonuniversiteclub.fr\/tennis\/tennis-infos-pratiques-itineraire-tennis-dijon\/\"]}]},{\"@type\":\"ImageObject\",\"inLanguage\":\"fr-FR\",\"@id\":\"https:\/\/dijonuniversiteclub.fr\/tennis\/tennis-infos-pratiques-itineraire-tennis-dijon\/#primaryimage\",\"url\":\"https:\/\/dijonuniversiteclub.fr\/tennis\/wp-content\/uploads\/2025\/07\/DUC-Tennis-scaled.jpg\",\"contentUrl\":\"https:\/\/dijonuniversiteclub.fr\/tennis\/wp-content\/uploads\/2025\/07\/DUC-Tennis-scaled.jpg\",\"width\":2560,\"height\":1707},{\"@type\":\"BreadcrumbList\",\"@id\":\"https:\/\/dijonuniversiteclub.fr\/tennis\/tennis-infos-pratiques-itineraire-tennis-dijon\/#breadcrumb\",\"itemListElement\":[{\"@type\":\"ListItem\",\"position\":1,\"name\":\"Accueil\",\"item\":\"https:\/\/dijonuniversiteclub.fr\/tennis\/\"},{\"@type\":\"ListItem\",\"position\":2,\"name\":\"Infos pratiques\"}]},{\"@type\":\"WebSite\",\"@id\":\"https:\/\/dijonuniversiteclub.fr\/tennis\/#website\",\"url\":\"https:\/\/dijonuniversiteclub.fr\/tennis\/\",\"name\":\"DUC Tennis\",\"description\":\"\",\"publisher\":{\"@id\":\"https:\/\/dijonuniversiteclub.fr\/tennis\/#organization\"},\"potentialAction\":[{\"@type\":\"SearchAction\",\"target\":{\"@type\":\"EntryPoint\",\"urlTemplate\":\"https:\/\/dijonuniversiteclub.fr\/tennis\/?s={search_term_string}\"},\"query-input\":{\"@type\":\"PropertyValueSpecification\",\"valueRequired\":true,\"valueName\":\"search_term_string\"}}],\"inLanguage\":\"fr-FR\"},{\"@type\":\"Organization\",\"@id\":\"https:\/\/dijonuniversiteclub.fr\/tennis\/#organization\",\"name\":\"DUC Tennis\",\"url\":\"https:\/\/dijonuniversiteclub.fr\/tennis\/\",\"logo\":{\"@type\":\"ImageObject\",\"inLanguage\":\"fr-FR\",\"@id\":\"https:\/\/dijonuniversiteclub.fr\/tennis\/#\/schema\/logo\/image\/\",\"url\":\"https:\/\/dijonuniversiteclub.fr\/tennis\/wp-content\/uploads\/2025\/06\/cropped-cropped-logo-transparent-DUC.png\",\"contentUrl\":\"https:\/\/dijonuniversiteclub.fr\/tennis\/wp-content\/uploads\/2025\/06\/cropped-cropped-logo-transparent-DUC.png\",\"width\":762,\"height\":912,\"caption\":\"DUC Tennis\"},\"image\":{\"@id\":\"https:\/\/dijonuniversiteclub.fr\/tennis\/#\/schema\/logo\/image\/\"}}]}<\/script>\n<!-- \/ Yoast SEO plugin. -->","yoast_head_json":{"title":"Infos pratiques - DUC Tennis","description":"D\u00e9couvrez les horaires, acc\u00e8s aux courts, \u00e9quipements et contacts du DUC Tennis \u00e0 Dijon. Tout ce qu\u2019il faut savoir pour bien jouer.","robots":{"index":"index","follow":"follow","max-snippet":"max-snippet:-1","max-image-preview":"max-image-preview:large","max-video-preview":"max-video-preview:-1"},"canonical":"https:\/\/dijonuniversiteclub.fr\/tennis\/tennis-infos-pratiques-itineraire-tennis-dijon\/","og_locale":"fr_FR","og_type":"article","og_title":"Infos pratiques - DUC Tennis","og_description":"D\u00e9couvrez les horaires, acc\u00e8s aux courts, \u00e9quipements et contacts du DUC Tennis \u00e0 Dijon. Tout ce qu\u2019il faut savoir pour bien jouer.","og_url":"https:\/\/dijonuniversiteclub.fr\/tennis\/tennis-infos-pratiques-itineraire-tennis-dijon\/","og_site_name":"DUC Tennis","article_modified_time":"2025-07-07T06:32:11+00:00","og_image":[{"width":2560,"height":1707,"url":"https:\/\/dijonuniversiteclub.fr\/tennis\/wp-content\/uploads\/2025\/07\/DUC-Tennis-scaled.jpg","type":"image\/jpeg"}],"twitter_card":"summary_large_image","twitter_misc":{"Dur\u00e9e de lecture estim\u00e9e":"1 minute"},"schema":{"@context":"https:\/\/schema.org","@graph":[{"@type":"WebPage","@id":"https:\/\/dijonuniversiteclub.fr\/tennis\/tennis-infos-pratiques-itineraire-tennis-dijon\/","url":"https:\/\/dijonuniversiteclub.fr\/tennis\/tennis-infos-pratiques-itineraire-tennis-dijon\/","name":"Infos pratiques - DUC Tennis","isPartOf":{"@id":"https:\/\/dijonuniversiteclub.fr\/tennis\/#website"},"primaryImageOfPage":{"@id":"https:\/\/dijonuniversiteclub.fr\/tennis\/tennis-infos-pratiques-itineraire-tennis-dijon\/#primaryimage"},"image":{"@id":"https:\/\/dijonuniversiteclub.fr\/tennis\/tennis-infos-pratiques-itineraire-tennis-dijon\/#primaryimage"},"thumbnailUrl":"https:\/\/dijonuniversiteclub.fr\/tennis\/wp-content\/uploads\/2025\/07\/DUC-Tennis-1024x683.jpg","datePublished":"2025-06-22T13:35:27+00:00","dateModified":"2025-07-07T06:32:11+00:00","description":"D\u00e9couvrez les horaires, acc\u00e8s aux courts, \u00e9quipements et contacts du DUC Tennis \u00e0 Dijon. Tout ce qu\u2019il faut savoir pour bien jouer.","breadcrumb":{"@id":"https:\/\/dijonuniversiteclub.fr\/tennis\/tennis-infos-pratiques-itineraire-tennis-dijon\/#breadcrumb"},"inLanguage":"fr-FR","potentialAction":[{"@type":"ReadAction","target":["https:\/\/dijonuniversiteclub.fr\/tennis\/tennis-infos-pratiques-itineraire-tennis-dijon\/"]}]},{"@type":"ImageObject","inLanguage":"fr-FR","@id":"https:\/\/dijonuniversiteclub.fr\/tennis\/tennis-infos-pratiques-itineraire-tennis-dijon\/#primaryimage","url":"https:\/\/dijonuniversiteclub.fr\/tennis\/wp-content\/uploads\/2025\/07\/DUC-Tennis-scaled.jpg","contentUrl":"https:\/\/dijonuniversiteclub.fr\/tennis\/wp-content\/uploads\/2025\/07\/DUC-Tennis-scaled.jpg","width":2560,"height":1707},{"@type":"BreadcrumbList","@id":"https:\/\/dijonuniversiteclub.fr\/tennis\/tennis-infos-pratiques-itineraire-tennis-dijon\/#breadcrumb","itemListElement":[{"@type":"ListItem","position":1,"name":"Accueil","item":"https:\/\/dijonuniversiteclub.fr\/tennis\/"},{"@type":"ListItem","position":2,"name":"Infos pratiques"}]},{"@type":"WebSite","@id":"https:\/\/dijonuniversiteclub.fr\/tennis\/#website","url":"https:\/\/dijonuniversiteclub.fr\/tennis\/","name":"DUC Tennis","description":"","publisher":{"@id":"https:\/\/dijonuniversiteclub.fr\/tennis\/#organization"},"potentialAction":[{"@type":"SearchAction","target":{"@type":"EntryPoint","urlTemplate":"https:\/\/dijonuniversiteclub.fr\/tennis\/?s={search_term_string}"},"query-input":{"@type":"PropertyValueSpecification","valueRequired":true,"valueName":"search_term_string"}}],"inLanguage":"fr-FR"},{"@type":"Organization","@id":"https:\/\/dijonuniversiteclub.fr\/tennis\/#organization","name":"DUC Tennis","url":"https:\/\/dijonuniversiteclub.fr\/tennis\/","logo":{"@type":"ImageObject","inLanguage":"fr-FR","@id":"https:\/\/dijonuniversiteclub.fr\/tennis\/#\/schema\/logo\/image\/","url":"https:\/\/dijonuniversiteclub.fr\/tennis\/wp-content\/uploads\/2025\/06\/cropped-cropped-logo-transparent-DUC.png","contentUrl":"https:\/\/dijonuniversiteclub.fr\/tennis\/wp-content\/uploads\/2025\/06\/cropped-cropped-logo-transparent-DUC.png","width":762,"height":912,"caption":"DUC Tennis"},"image":{"@id":"https:\/\/dijonuniversiteclub.fr\/tennis\/#\/schema\/logo\/image\/"}}]}},"_links":{"self":[{"href":"https:\/\/dijonuniversiteclub.fr\/tennis\/wp-json\/wp\/v2\/pages\/136","targetHints":{"allow":["GET"]}}],"collection":[{"href":"https:\/\/dijonuniversiteclub.fr\/tennis\/wp-json\/wp\/v2\/pages"}],"about":[{"href":"https:\/\/dijonuniversiteclub.fr\/tennis\/wp-json\/wp\/v2\/types\/page"}],"author":[{"embeddable":true,"href":"https:\/\/dijonuniversiteclub.fr\/tennis\/wp-json\/wp\/v2\/users\/1"}],"replies":[{"embeddable":true,"href":"https:\/\/dijonuniversiteclub.fr\/tennis\/wp-json\/wp\/v2\/comments?post=136"}],"version-history":[{"count":3,"href":"https:\/\/dijonuniversiteclub.fr\/tennis\/wp-json\/wp\/v2\/pages\/136\/revisions"}],"predecessor-version":[{"id":374,"href":"https:\/\/dijonuniversiteclub.fr\/tennis\/wp-json\/wp\/v2\/pages\/136\/revisions\/374"}],"wp:attachment":[{"href":"https:\/\/dijonuniversiteclub.fr\/tennis\/wp-json\/wp\/v2\/media?parent=136"}],"curies":[{"name":"wp","href":"https:\/\/api.w.org\/{rel}","templated":true}]}}