{"id":145,"date":"2025-06-22T15:36:54","date_gmt":"2025-06-22T13:36:54","guid":{"rendered":"https:\/\/dijonuniversiteclub.fr\/tennis\/?page_id=145"},"modified":"2025-07-07T08:48:37","modified_gmt":"2025-07-07T06:48:37","slug":"tennis-cotisation-tennis-dijon","status":"publish","type":"page","link":"https:\/\/dijonuniversiteclub.fr\/tennis\/tennis-cotisation-tennis-dijon\/","title":{"rendered":"Cotisation"},"content":{"rendered":"\n<h2 class=\"wp-block-heading\">Objectifs<\/h2>\n\n\n\n<p>L\u2019association Dijon Universit\u00e9 Club Tennis regroupe tous les membres du Dijon Universit\u00e9 Club pratiquant ou encourageant le tennis. Elle a pour but d\u2019organiser et de promouvoir le tennis sous toutes ses formes (entra\u00eenement, comp\u00e9tition individuelle et par \u00e9quipes, tournois, tennis pour les jeunes, les adultes, beach tennis, para-tennis).<\/p>\n\n\n\n<h2 class=\"wp-block-heading\">Les tarifs incluent<\/h2>\n\n\n\n<ul class=\"wp-block-list\">\n<li>La licence f\u00e9d\u00e9rale pour jouer en comp\u00e9tition<\/li>\n\n\n\n<li>L\u2019acc\u00e8s \u00e0 la halle pour jouer librement (ouverture de la halle avec code d\u2019acc\u00e8s)<\/li>\n\n\n\n<li>L\u2019acc\u00e8s \u00e0 des formations (arbitre, juge-arbitre) prises en charge par le DUC<\/li>\n\n\n\n<li>Selon le niveau, la possibilit\u00e9 de jouer en \u00e9quipes (jeunes, adultes) avec engagements pris en charge par le club<\/li>\n\n\n\n<li>Des matchs amicaux le samedi apr\u00e8s-midi (les \u00ab points \u00e0 gogo \u00bb)<\/li>\n\n\n\n<li>Des s\u00e9ances de pr\u00e9paration physique plusieurs dimanches dans l\u2019ann\u00e9e<\/li>\n\n\n\n<li>L\u2019acc\u00e8s \u00e0 la halle durant les vacances scolaires 3 invitations de membres ext\u00e9rieurs au club (au del\u00e0, les invit\u00e9s prennent une carte jeu libre)<\/li>\n<\/ul>\n\n\n\n<h2 class=\"wp-block-heading\">Tarifs<\/h2>\n\n\n\n<p>Les r\u00e8glements sont redevables en d\u00e9but d\u2019ann\u00e9e et sont associ\u00e9s \u00e0 la prise de licence f\u00e9d\u00e9rale. Il est possible de r\u00e9gler avec plusieurs ch\u00e8ques. Merci alors d\u2019indiquer la date d\u2019encaissement souhait\u00e9e. Les ch\u00e8ques vacances et coupons sport sont accept\u00e9s.<\/p>\n\n\n\n<p><strong>Adultes : avec s\u00e9ances d\u2019entra\u00eenement dirig\u00e9es (1h30)<\/strong><\/p>\n\n\n\n<p><strong>En loisir : <\/strong>1 s\u00e9ance par semaine : <strong>320 \u20ac<\/strong> \u2013 pour les \u00e9tudiants : <strong>265 \u20ac<\/strong><\/p>\n\n\n\n<p><strong>Joueurs-joueuses d\u2019\u00e9quipes :<\/strong><\/p>\n\n\n\n<ul class=\"wp-block-list\">\n<li>1 s\u00e9ance par semaine : <strong>285\u20ac<\/strong> \u2013 pour les \u00e9tudiants : <strong>265 \u20ac<\/strong><\/li>\n\n\n\n<li>2 s\u00e9ances par semaine : <strong>440 \u20ac<\/strong><\/li>\n<\/ul>\n\n\n\n<p><strong>\u00c9cole de tennis <\/strong>: <strong>avec s\u00e9ances d\u2019entra\u00eenement dirig\u00e9es (1h30)<\/strong><\/p>\n\n\n\n<ul class=\"wp-block-list\">\n<li>Enfants n\u00e9\u00b7e\u00b7sen 2021, 2020, 2019 : <strong>150 \u20ac<\/strong><\/li>\n\n\n\n<li>Enfants n\u00e9\u00b7e\u00b7s en 2018-2017-2016 : <strong>190 \u20ac<\/strong><\/li>\n\n\n\n<li>Enfants n\u00e9\u00b7e\u00b7s en 2015 et 2014 : <strong>210 \u20ac<\/strong><\/li>\n\n\n\n<li>Enfants n\u00e9\u00b7e\u00b7s en 2013 et avant :<strong> 240 \u20ac<\/strong><\/li>\n<\/ul>\n\n\n\n<p><strong>\u00c9cole de tennis comp\u00e9titions<\/strong> (apr\u00e8s accord de l\u2019entra\u00eeneur) : <strong>2 s\u00e9ances d\u2019entra\u00eenement dirig\u00e9es d\u20191h30<\/strong> <strong>soit 3h\/semaine<\/strong><\/p>\n\n\n\n<ul class=\"wp-block-list\">\n<li>Enfants n\u00e9\u00b7e\u00b7s en 2021, 2020, 2019 : <strong>250 \u20ac<\/strong><\/li>\n\n\n\n<li>Enfants n\u00e9\u00b7e\u00b7s en 2018-2017-2016, 2015, 2014 : <strong>310 \u20ac<\/strong><\/li>\n\n\n\n<li>Enfants n\u00e9\u00b7e\u00b7s en 2013 et avant : <strong>360 \u20ac<\/strong><\/li>\n<\/ul>\n\n\n\n<p><strong>Licence seule \u2013 Famille et 2<sup>\u00e8me<\/sup> S\u00e9rie :<\/strong><\/p>\n\n\n\n<ul class=\"wp-block-list\">\n<li><strong>60 \u20ac (r\u00e9serv\u00e9 aux \u00e9tudiants)<\/strong><\/li>\n\n\n\n<li><strong>5% de remise<\/strong> \u00e0 partir du 3<sup>\u00e8me<\/sup> inscrit<\/li>\n\n\n\n<li>1 entra\u00eenement : <strong>180 \u20ac<\/strong><\/li>\n\n\n\n<li>2 entra\u00eenements : <strong>320 \u20ac<\/strong><\/li>\n<\/ul>\n\n\n\n<p><strong>Jeu libre :<\/strong><\/p>\n\n\n\n<p><strong>150 \u20ac<\/strong> : incluant l\u2019acc\u00e8s libre \u00e0 la halle (avec code d\u2019acc\u00e8s)<\/p>\n\n\n\n<p><\/p>\n","protected":false},"excerpt":{"rendered":"<p>Objectifs L\u2019association Dijon Universit\u00e9 Club Tennis regroupe tous les membres du Dijon Universit\u00e9 Club pratiquant ou encourageant le tennis. Elle a pour but d\u2019organiser et de promouvoir le tennis sous toutes ses formes (entra\u00eenement, comp\u00e9tition individuelle et par \u00e9quipes, tournois, tennis pour les jeunes, les adultes, beach tennis, para-tennis). Les tarifs incluent Tarifs Les r\u00e8glements [&hellip;]<\/p>\n","protected":false},"author":1,"featured_media":0,"parent":0,"menu_order":0,"comment_status":"closed","ping_status":"closed","template":"","meta":{"footnotes":""},"class_list":["post-145","page","type-page","status-publish","hentry"],"yoast_head":"<!-- This site is optimized with the Yoast SEO plugin v26.4 - https:\/\/yoast.com\/wordpress\/plugins\/seo\/ -->\n<title>Cotisation - DUC Tennis<\/title>\n<meta name=\"description\" content=\"Consultez les tarifs des cotisations 2025\u20132026 du DUC Tennis \u00e0 Dijon. Tarifs adapt\u00e9s selon l\u2019\u00e2ge et la formule choisie.\" \/>\n<meta name=\"robots\" content=\"index, follow, max-snippet:-1, max-image-preview:large, max-video-preview:-1\" \/>\n<link rel=\"canonical\" href=\"https:\/\/dijonuniversiteclub.fr\/tennis\/tennis-cotisation-tennis-dijon\/\" \/>\n<meta property=\"og:locale\" content=\"fr_FR\" \/>\n<meta property=\"og:type\" content=\"article\" \/>\n<meta property=\"og:title\" content=\"Cotisation - DUC Tennis\" \/>\n<meta property=\"og:description\" content=\"Consultez les tarifs des cotisations 2025\u20132026 du DUC Tennis \u00e0 Dijon. Tarifs adapt\u00e9s selon l\u2019\u00e2ge et la formule choisie.\" \/>\n<meta property=\"og:url\" content=\"https:\/\/dijonuniversiteclub.fr\/tennis\/tennis-cotisation-tennis-dijon\/\" \/>\n<meta property=\"og:site_name\" content=\"DUC Tennis\" \/>\n<meta property=\"article:modified_time\" content=\"2025-07-07T06:48:37+00:00\" \/>\n<meta name=\"twitter:card\" content=\"summary_large_image\" \/>\n<meta name=\"twitter:label1\" content=\"Dur\u00e9e de lecture estim\u00e9e\" \/>\n\t<meta name=\"twitter:data1\" content=\"2 minutes\" \/>\n<script type=\"application\/ld+json\" class=\"yoast-schema-graph\">{\"@context\":\"https:\/\/schema.org\",\"@graph\":[{\"@type\":\"WebPage\",\"@id\":\"https:\/\/dijonuniversiteclub.fr\/tennis\/tennis-cotisation-tennis-dijon\/\",\"url\":\"https:\/\/dijonuniversiteclub.fr\/tennis\/tennis-cotisation-tennis-dijon\/\",\"name\":\"Cotisation - DUC Tennis\",\"isPartOf\":{\"@id\":\"https:\/\/dijonuniversiteclub.fr\/tennis\/#website\"},\"datePublished\":\"2025-06-22T13:36:54+00:00\",\"dateModified\":\"2025-07-07T06:48:37+00:00\",\"description\":\"Consultez les tarifs des cotisations 2025\u20132026 du DUC Tennis \u00e0 Dijon. Tarifs adapt\u00e9s selon l\u2019\u00e2ge et la formule choisie.\",\"breadcrumb\":{\"@id\":\"https:\/\/dijonuniversiteclub.fr\/tennis\/tennis-cotisation-tennis-dijon\/#breadcrumb\"},\"inLanguage\":\"fr-FR\",\"potentialAction\":[{\"@type\":\"ReadAction\",\"target\":[\"https:\/\/dijonuniversiteclub.fr\/tennis\/tennis-cotisation-tennis-dijon\/\"]}]},{\"@type\":\"BreadcrumbList\",\"@id\":\"https:\/\/dijonuniversiteclub.fr\/tennis\/tennis-cotisation-tennis-dijon\/#breadcrumb\",\"itemListElement\":[{\"@type\":\"ListItem\",\"position\":1,\"name\":\"Accueil\",\"item\":\"https:\/\/dijonuniversiteclub.fr\/tennis\/\"},{\"@type\":\"ListItem\",\"position\":2,\"name\":\"Cotisation\"}]},{\"@type\":\"WebSite\",\"@id\":\"https:\/\/dijonuniversiteclub.fr\/tennis\/#website\",\"url\":\"https:\/\/dijonuniversiteclub.fr\/tennis\/\",\"name\":\"DUC Tennis\",\"description\":\"\",\"publisher\":{\"@id\":\"https:\/\/dijonuniversiteclub.fr\/tennis\/#organization\"},\"potentialAction\":[{\"@type\":\"SearchAction\",\"target\":{\"@type\":\"EntryPoint\",\"urlTemplate\":\"https:\/\/dijonuniversiteclub.fr\/tennis\/?s={search_term_string}\"},\"query-input\":{\"@type\":\"PropertyValueSpecification\",\"valueRequired\":true,\"valueName\":\"search_term_string\"}}],\"inLanguage\":\"fr-FR\"},{\"@type\":\"Organization\",\"@id\":\"https:\/\/dijonuniversiteclub.fr\/tennis\/#organization\",\"name\":\"DUC Tennis\",\"url\":\"https:\/\/dijonuniversiteclub.fr\/tennis\/\",\"logo\":{\"@type\":\"ImageObject\",\"inLanguage\":\"fr-FR\",\"@id\":\"https:\/\/dijonuniversiteclub.fr\/tennis\/#\/schema\/logo\/image\/\",\"url\":\"https:\/\/dijonuniversiteclub.fr\/tennis\/wp-content\/uploads\/2025\/06\/cropped-cropped-logo-transparent-DUC.png\",\"contentUrl\":\"https:\/\/dijonuniversiteclub.fr\/tennis\/wp-content\/uploads\/2025\/06\/cropped-cropped-logo-transparent-DUC.png\",\"width\":762,\"height\":912,\"caption\":\"DUC Tennis\"},\"image\":{\"@id\":\"https:\/\/dijonuniversiteclub.fr\/tennis\/#\/schema\/logo\/image\/\"}}]}<\/script>\n<!-- \/ Yoast SEO plugin. -->","yoast_head_json":{"title":"Cotisation - DUC Tennis","description":"Consultez les tarifs des cotisations 2025\u20132026 du DUC Tennis \u00e0 Dijon. Tarifs adapt\u00e9s selon l\u2019\u00e2ge et la formule choisie.","robots":{"index":"index","follow":"follow","max-snippet":"max-snippet:-1","max-image-preview":"max-image-preview:large","max-video-preview":"max-video-preview:-1"},"canonical":"https:\/\/dijonuniversiteclub.fr\/tennis\/tennis-cotisation-tennis-dijon\/","og_locale":"fr_FR","og_type":"article","og_title":"Cotisation - DUC Tennis","og_description":"Consultez les tarifs des cotisations 2025\u20132026 du DUC Tennis \u00e0 Dijon. Tarifs adapt\u00e9s selon l\u2019\u00e2ge et la formule choisie.","og_url":"https:\/\/dijonuniversiteclub.fr\/tennis\/tennis-cotisation-tennis-dijon\/","og_site_name":"DUC Tennis","article_modified_time":"2025-07-07T06:48:37+00:00","twitter_card":"summary_large_image","twitter_misc":{"Dur\u00e9e de lecture estim\u00e9e":"2 minutes"},"schema":{"@context":"https:\/\/schema.org","@graph":[{"@type":"WebPage","@id":"https:\/\/dijonuniversiteclub.fr\/tennis\/tennis-cotisation-tennis-dijon\/","url":"https:\/\/dijonuniversiteclub.fr\/tennis\/tennis-cotisation-tennis-dijon\/","name":"Cotisation - DUC Tennis","isPartOf":{"@id":"https:\/\/dijonuniversiteclub.fr\/tennis\/#website"},"datePublished":"2025-06-22T13:36:54+00:00","dateModified":"2025-07-07T06:48:37+00:00","description":"Consultez les tarifs des cotisations 2025\u20132026 du DUC Tennis \u00e0 Dijon. Tarifs adapt\u00e9s selon l\u2019\u00e2ge et la formule choisie.","breadcrumb":{"@id":"https:\/\/dijonuniversiteclub.fr\/tennis\/tennis-cotisation-tennis-dijon\/#breadcrumb"},"inLanguage":"fr-FR","potentialAction":[{"@type":"ReadAction","target":["https:\/\/dijonuniversiteclub.fr\/tennis\/tennis-cotisation-tennis-dijon\/"]}]},{"@type":"BreadcrumbList","@id":"https:\/\/dijonuniversiteclub.fr\/tennis\/tennis-cotisation-tennis-dijon\/#breadcrumb","itemListElement":[{"@type":"ListItem","position":1,"name":"Accueil","item":"https:\/\/dijonuniversiteclub.fr\/tennis\/"},{"@type":"ListItem","position":2,"name":"Cotisation"}]},{"@type":"WebSite","@id":"https:\/\/dijonuniversiteclub.fr\/tennis\/#website","url":"https:\/\/dijonuniversiteclub.fr\/tennis\/","name":"DUC Tennis","description":"","publisher":{"@id":"https:\/\/dijonuniversiteclub.fr\/tennis\/#organization"},"potentialAction":[{"@type":"SearchAction","target":{"@type":"EntryPoint","urlTemplate":"https:\/\/dijonuniversiteclub.fr\/tennis\/?s={search_term_string}"},"query-input":{"@type":"PropertyValueSpecification","valueRequired":true,"valueName":"search_term_string"}}],"inLanguage":"fr-FR"},{"@type":"Organization","@id":"https:\/\/dijonuniversiteclub.fr\/tennis\/#organization","name":"DUC Tennis","url":"https:\/\/dijonuniversiteclub.fr\/tennis\/","logo":{"@type":"ImageObject","inLanguage":"fr-FR","@id":"https:\/\/dijonuniversiteclub.fr\/tennis\/#\/schema\/logo\/image\/","url":"https:\/\/dijonuniversiteclub.fr\/tennis\/wp-content\/uploads\/2025\/06\/cropped-cropped-logo-transparent-DUC.png","contentUrl":"https:\/\/dijonuniversiteclub.fr\/tennis\/wp-content\/uploads\/2025\/06\/cropped-cropped-logo-transparent-DUC.png","width":762,"height":912,"caption":"DUC Tennis"},"image":{"@id":"https:\/\/dijonuniversiteclub.fr\/tennis\/#\/schema\/logo\/image\/"}}]}},"_links":{"self":[{"href":"https:\/\/dijonuniversiteclub.fr\/tennis\/wp-json\/wp\/v2\/pages\/145","targetHints":{"allow":["GET"]}}],"collection":[{"href":"https:\/\/dijonuniversiteclub.fr\/tennis\/wp-json\/wp\/v2\/pages"}],"about":[{"href":"https:\/\/dijonuniversiteclub.fr\/tennis\/wp-json\/wp\/v2\/types\/page"}],"author":[{"embeddable":true,"href":"https:\/\/dijonuniversiteclub.fr\/tennis\/wp-json\/wp\/v2\/users\/1"}],"replies":[{"embeddable":true,"href":"https:\/\/dijonuniversiteclub.fr\/tennis\/wp-json\/wp\/v2\/comments?post=145"}],"version-history":[{"count":4,"href":"https:\/\/dijonuniversiteclub.fr\/tennis\/wp-json\/wp\/v2\/pages\/145\/revisions"}],"predecessor-version":[{"id":505,"href":"https:\/\/dijonuniversiteclub.fr\/tennis\/wp-json\/wp\/v2\/pages\/145\/revisions\/505"}],"wp:attachment":[{"href":"https:\/\/dijonuniversiteclub.fr\/tennis\/wp-json\/wp\/v2\/media?parent=145"}],"curies":[{"name":"wp","href":"https:\/\/api.w.org\/{rel}","templated":true}]}}