{"id":157,"date":"2025-06-22T15:40:25","date_gmt":"2025-06-22T13:40:25","guid":{"rendered":"https:\/\/dijonuniversiteclub.fr\/tennis\/?page_id=157"},"modified":"2025-07-06T22:46:35","modified_gmt":"2025-07-06T20:46:35","slug":"tennis-tournois-dijon","status":"publish","type":"page","link":"https:\/\/dijonuniversiteclub.fr\/tennis\/tennis-tournois-dijon\/","title":{"rendered":"Les tournois"},"content":{"rendered":"\n<figure class=\"wp-block-gallery has-nested-images columns-default is-cropped wp-block-gallery-1 is-layout-flex wp-block-gallery-is-layout-flex\">\n<figure class=\"wp-block-image size-large\"><img loading=\"lazy\" decoding=\"async\" width=\"819\" height=\"1024\" data-id=\"388\" src=\"https:\/\/dijonuniversiteclub.fr\/tennis\/wp-content\/uploads\/2025\/07\/paratennis-tournoi-819x1024.jpg\" alt=\"\" class=\"wp-image-388\" srcset=\"https:\/\/dijonuniversiteclub.fr\/tennis\/wp-content\/uploads\/2025\/07\/paratennis-tournoi-819x1024.jpg 819w, https:\/\/dijonuniversiteclub.fr\/tennis\/wp-content\/uploads\/2025\/07\/paratennis-tournoi-240x300.jpg 240w, https:\/\/dijonuniversiteclub.fr\/tennis\/wp-content\/uploads\/2025\/07\/paratennis-tournoi-768x960.jpg 768w, https:\/\/dijonuniversiteclub.fr\/tennis\/wp-content\/uploads\/2025\/07\/paratennis-tournoi.jpg 1080w\" sizes=\"auto, (max-width: 819px) 100vw, 819px\" \/><\/figure>\n\n\n\n<figure class=\"wp-block-image size-large\"><img loading=\"lazy\" decoding=\"async\" width=\"724\" height=\"1024\" data-id=\"312\" src=\"https:\/\/dijonuniversiteclub.fr\/tennis\/wp-content\/uploads\/2025\/07\/Affiche-Open-CNGT-2025-724x1024.jpg\" alt=\"\" class=\"wp-image-312\" srcset=\"https:\/\/dijonuniversiteclub.fr\/tennis\/wp-content\/uploads\/2025\/07\/Affiche-Open-CNGT-2025-724x1024.jpg 724w, https:\/\/dijonuniversiteclub.fr\/tennis\/wp-content\/uploads\/2025\/07\/Affiche-Open-CNGT-2025-212x300.jpg 212w, https:\/\/dijonuniversiteclub.fr\/tennis\/wp-content\/uploads\/2025\/07\/Affiche-Open-CNGT-2025-768x1086.jpg 768w, https:\/\/dijonuniversiteclub.fr\/tennis\/wp-content\/uploads\/2025\/07\/Affiche-Open-CNGT-2025-1086x1536.jpg 1086w, https:\/\/dijonuniversiteclub.fr\/tennis\/wp-content\/uploads\/2025\/07\/Affiche-Open-CNGT-2025-1448x2048.jpg 1448w, https:\/\/dijonuniversiteclub.fr\/tennis\/wp-content\/uploads\/2025\/07\/Affiche-Open-CNGT-2025.jpg 1654w\" sizes=\"auto, (max-width: 724px) 100vw, 724px\" \/><\/figure>\n\n\n\n<figure class=\"wp-block-image size-large\"><img loading=\"lazy\" decoding=\"async\" width=\"1024\" height=\"1024\" data-id=\"255\" src=\"https:\/\/dijonuniversiteclub.fr\/tennis\/wp-content\/uploads\/2025\/06\/cropped-cropped-cropped-VDD_logoCASSIS_1-1024x1024.png\" alt=\"\" class=\"wp-image-255\" srcset=\"https:\/\/dijonuniversiteclub.fr\/tennis\/wp-content\/uploads\/2025\/06\/cropped-cropped-cropped-VDD_logoCASSIS_1-1024x1024.png 1024w, https:\/\/dijonuniversiteclub.fr\/tennis\/wp-content\/uploads\/2025\/06\/cropped-cropped-cropped-VDD_logoCASSIS_1-300x300.png 300w, https:\/\/dijonuniversiteclub.fr\/tennis\/wp-content\/uploads\/2025\/06\/cropped-cropped-cropped-VDD_logoCASSIS_1-150x150.png 150w, https:\/\/dijonuniversiteclub.fr\/tennis\/wp-content\/uploads\/2025\/06\/cropped-cropped-cropped-VDD_logoCASSIS_1-768x768.png 768w, https:\/\/dijonuniversiteclub.fr\/tennis\/wp-content\/uploads\/2025\/06\/cropped-cropped-cropped-VDD_logoCASSIS_1-1536x1536.png 1536w, https:\/\/dijonuniversiteclub.fr\/tennis\/wp-content\/uploads\/2025\/06\/cropped-cropped-cropped-VDD_logoCASSIS_1.png 1772w\" sizes=\"auto, (max-width: 1024px) 100vw, 1024px\" \/><\/figure>\n<\/figure>\n\n\n\n<h3 class=\"wp-block-heading\">Les Tournois du DUC Tennis : Une Tradition de Comp\u00e9tition et de Convivialit\u00e9<\/h3>\n\n\n\n<p>Depuis plusieurs d\u00e9cennies, la <strong>section tennis du Dijon Universit\u00e9 Club (DUC)<\/strong> s\u2019illustre non seulement par la formation de ses joueurs, mais aussi par la qualit\u00e9 et la r\u00e9gularit\u00e9 de ses <strong>tournois<\/strong>, qui constituent l\u2019un des piliers de la vie du club.<\/p>\n\n\n\n<p>D\u00e8s les <strong>ann\u00e9es 1970<\/strong>, le club commence \u00e0 organiser des comp\u00e9titions homologu\u00e9es par la F\u00e9d\u00e9ration Fran\u00e7aise de Tennis (FFT), d\u2019abord \u00e0 l\u2019\u00e9chelle r\u00e9gionale, avant de monter progressivement en gamme. Le <strong>Tournoi Open du DUC<\/strong>, organis\u00e9 chaque ann\u00e9e au printemps, est devenu une v\u00e9ritable institution \u00e0 Dijon. Il rassemble aujourd\u2019hui plus de <strong>300 joueuses et joueurs<\/strong>, des jeunes espoirs aux comp\u00e9titeurs confirm\u00e9s, venus de toute la r\u00e9gion Bourgogne-Franche-Comt\u00e9 et parfois au-del\u00e0.<\/p>\n\n\n\n<p>Ce tournoi est reconnu pour son niveau technique, son organisation rigoureuse et son ambiance conviviale. Il se d\u00e9roule sur les courts du campus universitaire, avec une finale tr\u00e8s attendue disput\u00e9e en ext\u00e9rieur, attirant de nombreux spectateurs et partenaires locaux. Le tournoi est \u00e9galement l\u2019occasion pour le club de mobiliser ses b\u00e9n\u00e9voles et ses jeunes arbitres, renfor\u00e7ant ainsi l\u2019esprit collectif qui caract\u00e9rise le DUC.<\/p>\n\n\n\n<p>En parall\u00e8le, la section organise plusieurs autres comp\u00e9titions tout au long de l\u2019ann\u00e9e : <strong>tournois jeunes<\/strong>, <strong>tournois v\u00e9t\u00e9rans<\/strong>, <strong>tournois internes<\/strong> ou encore <strong>tournois double mixte<\/strong> lors des week-ends festifs. Ces \u00e9v\u00e9nements visent \u00e0 maintenir une dynamique sportive inclusive, o\u00f9 chacun \u2013 licenci\u00e9 d\u00e9butant ou joueur class\u00e9 \u2013 peut trouver sa place.<\/p>\n\n\n\n<p>Plus r\u00e9cemment, le DUC Tennis s\u2019est \u00e9galement inscrit dans une d\u00e9marche d\u2019ouverture et d\u2019innovation, en accueillant des <strong>tournois en format court<\/strong>, des comp\u00e9titions <strong>para-tennis<\/strong> et des rencontres universitaires promouvant le sport \u00e9tudiant.<\/p>\n\n\n\n<p>Ces tournois, au-del\u00e0 de la comp\u00e9tition, sont des moments de partage, de rencontre et de fid\u00e9lit\u00e9 aux valeurs du club : <strong>engagement, respect, progression et plaisir du jeu<\/strong>.<\/p>\n","protected":false},"excerpt":{"rendered":"<p>Les Tournois du DUC Tennis : Une Tradition de Comp\u00e9tition et de Convivialit\u00e9 Depuis plusieurs d\u00e9cennies, la section tennis du Dijon Universit\u00e9 Club (DUC) s\u2019illustre non seulement par la formation de ses joueurs, mais aussi par la qualit\u00e9 et la r\u00e9gularit\u00e9 de ses tournois, qui constituent l\u2019un des piliers de la vie du club. D\u00e8s [&hellip;]<\/p>\n","protected":false},"author":1,"featured_media":0,"parent":0,"menu_order":0,"comment_status":"closed","ping_status":"closed","template":"","meta":{"footnotes":""},"class_list":["post-157","page","type-page","status-publish","hentry"],"yoast_head":"<!-- This site is optimized with the Yoast SEO plugin v26.4 - https:\/\/yoast.com\/wordpress\/plugins\/seo\/ -->\n<title>Les tournois - DUC Tennis<\/title>\n<meta name=\"description\" content=\"Participez aux tournois organis\u00e9s par le DUC Tennis \u00e0 Dijon : comp\u00e9titions FFT, \u00e9v\u00e9nements locaux et open CNCGT\" \/>\n<meta name=\"robots\" content=\"index, follow, max-snippet:-1, max-image-preview:large, max-video-preview:-1\" \/>\n<link rel=\"canonical\" href=\"https:\/\/dijonuniversiteclub.fr\/tennis\/tennis-tournois-dijon\/\" \/>\n<meta property=\"og:locale\" content=\"fr_FR\" \/>\n<meta property=\"og:type\" content=\"article\" \/>\n<meta property=\"og:title\" content=\"Les tournois - DUC Tennis\" \/>\n<meta property=\"og:description\" content=\"Participez aux tournois organis\u00e9s par le DUC Tennis \u00e0 Dijon : comp\u00e9titions FFT, \u00e9v\u00e9nements locaux et open CNCGT\" \/>\n<meta property=\"og:url\" content=\"https:\/\/dijonuniversiteclub.fr\/tennis\/tennis-tournois-dijon\/\" \/>\n<meta property=\"og:site_name\" content=\"DUC Tennis\" \/>\n<meta property=\"article:modified_time\" content=\"2025-07-06T20:46:35+00:00\" \/>\n<meta property=\"og:image\" content=\"https:\/\/dijonuniversiteclub.fr\/tennis\/wp-content\/uploads\/2025\/07\/paratennis-tournoi.jpg\" \/>\n\t<meta property=\"og:image:width\" content=\"1080\" \/>\n\t<meta property=\"og:image:height\" content=\"1350\" \/>\n\t<meta property=\"og:image:type\" content=\"image\/jpeg\" \/>\n<meta name=\"twitter:card\" content=\"summary_large_image\" \/>\n<script type=\"application\/ld+json\" class=\"yoast-schema-graph\">{\"@context\":\"https:\/\/schema.org\",\"@graph\":[{\"@type\":\"WebPage\",\"@id\":\"https:\/\/dijonuniversiteclub.fr\/tennis\/tennis-tournois-dijon\/\",\"url\":\"https:\/\/dijonuniversiteclub.fr\/tennis\/tennis-tournois-dijon\/\",\"name\":\"Les tournois - DUC Tennis\",\"isPartOf\":{\"@id\":\"https:\/\/dijonuniversiteclub.fr\/tennis\/#website\"},\"primaryImageOfPage\":{\"@id\":\"https:\/\/dijonuniversiteclub.fr\/tennis\/tennis-tournois-dijon\/#primaryimage\"},\"image\":{\"@id\":\"https:\/\/dijonuniversiteclub.fr\/tennis\/tennis-tournois-dijon\/#primaryimage\"},\"thumbnailUrl\":\"https:\/\/dijonuniversiteclub.fr\/tennis\/wp-content\/uploads\/2025\/07\/paratennis-tournoi-819x1024.jpg\",\"datePublished\":\"2025-06-22T13:40:25+00:00\",\"dateModified\":\"2025-07-06T20:46:35+00:00\",\"description\":\"Participez aux tournois organis\u00e9s par le DUC Tennis \u00e0 Dijon : comp\u00e9titions FFT, \u00e9v\u00e9nements locaux et open CNCGT\",\"breadcrumb\":{\"@id\":\"https:\/\/dijonuniversiteclub.fr\/tennis\/tennis-tournois-dijon\/#breadcrumb\"},\"inLanguage\":\"fr-FR\",\"potentialAction\":[{\"@type\":\"ReadAction\",\"target\":[\"https:\/\/dijonuniversiteclub.fr\/tennis\/tennis-tournois-dijon\/\"]}]},{\"@type\":\"ImageObject\",\"inLanguage\":\"fr-FR\",\"@id\":\"https:\/\/dijonuniversiteclub.fr\/tennis\/tennis-tournois-dijon\/#primaryimage\",\"url\":\"https:\/\/dijonuniversiteclub.fr\/tennis\/wp-content\/uploads\/2025\/07\/paratennis-tournoi.jpg\",\"contentUrl\":\"https:\/\/dijonuniversiteclub.fr\/tennis\/wp-content\/uploads\/2025\/07\/paratennis-tournoi.jpg\",\"width\":1080,\"height\":1350},{\"@type\":\"BreadcrumbList\",\"@id\":\"https:\/\/dijonuniversiteclub.fr\/tennis\/tennis-tournois-dijon\/#breadcrumb\",\"itemListElement\":[{\"@type\":\"ListItem\",\"position\":1,\"name\":\"Accueil\",\"item\":\"https:\/\/dijonuniversiteclub.fr\/tennis\/\"},{\"@type\":\"ListItem\",\"position\":2,\"name\":\"Les tournois\"}]},{\"@type\":\"WebSite\",\"@id\":\"https:\/\/dijonuniversiteclub.fr\/tennis\/#website\",\"url\":\"https:\/\/dijonuniversiteclub.fr\/tennis\/\",\"name\":\"DUC Tennis\",\"description\":\"\",\"publisher\":{\"@id\":\"https:\/\/dijonuniversiteclub.fr\/tennis\/#organization\"},\"potentialAction\":[{\"@type\":\"SearchAction\",\"target\":{\"@type\":\"EntryPoint\",\"urlTemplate\":\"https:\/\/dijonuniversiteclub.fr\/tennis\/?s={search_term_string}\"},\"query-input\":{\"@type\":\"PropertyValueSpecification\",\"valueRequired\":true,\"valueName\":\"search_term_string\"}}],\"inLanguage\":\"fr-FR\"},{\"@type\":\"Organization\",\"@id\":\"https:\/\/dijonuniversiteclub.fr\/tennis\/#organization\",\"name\":\"DUC Tennis\",\"url\":\"https:\/\/dijonuniversiteclub.fr\/tennis\/\",\"logo\":{\"@type\":\"ImageObject\",\"inLanguage\":\"fr-FR\",\"@id\":\"https:\/\/dijonuniversiteclub.fr\/tennis\/#\/schema\/logo\/image\/\",\"url\":\"https:\/\/dijonuniversiteclub.fr\/tennis\/wp-content\/uploads\/2025\/06\/cropped-cropped-logo-transparent-DUC.png\",\"contentUrl\":\"https:\/\/dijonuniversiteclub.fr\/tennis\/wp-content\/uploads\/2025\/06\/cropped-cropped-logo-transparent-DUC.png\",\"width\":762,\"height\":912,\"caption\":\"DUC Tennis\"},\"image\":{\"@id\":\"https:\/\/dijonuniversiteclub.fr\/tennis\/#\/schema\/logo\/image\/\"}}]}<\/script>\n<!-- \/ Yoast SEO plugin. -->","yoast_head_json":{"title":"Les tournois - DUC Tennis","description":"Participez aux tournois organis\u00e9s par le DUC Tennis \u00e0 Dijon : comp\u00e9titions FFT, \u00e9v\u00e9nements locaux et open CNCGT","robots":{"index":"index","follow":"follow","max-snippet":"max-snippet:-1","max-image-preview":"max-image-preview:large","max-video-preview":"max-video-preview:-1"},"canonical":"https:\/\/dijonuniversiteclub.fr\/tennis\/tennis-tournois-dijon\/","og_locale":"fr_FR","og_type":"article","og_title":"Les tournois - DUC Tennis","og_description":"Participez aux tournois organis\u00e9s par le DUC Tennis \u00e0 Dijon : comp\u00e9titions FFT, \u00e9v\u00e9nements locaux et open CNCGT","og_url":"https:\/\/dijonuniversiteclub.fr\/tennis\/tennis-tournois-dijon\/","og_site_name":"DUC Tennis","article_modified_time":"2025-07-06T20:46:35+00:00","og_image":[{"width":1080,"height":1350,"url":"https:\/\/dijonuniversiteclub.fr\/tennis\/wp-content\/uploads\/2025\/07\/paratennis-tournoi.jpg","type":"image\/jpeg"}],"twitter_card":"summary_large_image","schema":{"@context":"https:\/\/schema.org","@graph":[{"@type":"WebPage","@id":"https:\/\/dijonuniversiteclub.fr\/tennis\/tennis-tournois-dijon\/","url":"https:\/\/dijonuniversiteclub.fr\/tennis\/tennis-tournois-dijon\/","name":"Les tournois - DUC Tennis","isPartOf":{"@id":"https:\/\/dijonuniversiteclub.fr\/tennis\/#website"},"primaryImageOfPage":{"@id":"https:\/\/dijonuniversiteclub.fr\/tennis\/tennis-tournois-dijon\/#primaryimage"},"image":{"@id":"https:\/\/dijonuniversiteclub.fr\/tennis\/tennis-tournois-dijon\/#primaryimage"},"thumbnailUrl":"https:\/\/dijonuniversiteclub.fr\/tennis\/wp-content\/uploads\/2025\/07\/paratennis-tournoi-819x1024.jpg","datePublished":"2025-06-22T13:40:25+00:00","dateModified":"2025-07-06T20:46:35+00:00","description":"Participez aux tournois organis\u00e9s par le DUC Tennis \u00e0 Dijon : comp\u00e9titions FFT, \u00e9v\u00e9nements locaux et open CNCGT","breadcrumb":{"@id":"https:\/\/dijonuniversiteclub.fr\/tennis\/tennis-tournois-dijon\/#breadcrumb"},"inLanguage":"fr-FR","potentialAction":[{"@type":"ReadAction","target":["https:\/\/dijonuniversiteclub.fr\/tennis\/tennis-tournois-dijon\/"]}]},{"@type":"ImageObject","inLanguage":"fr-FR","@id":"https:\/\/dijonuniversiteclub.fr\/tennis\/tennis-tournois-dijon\/#primaryimage","url":"https:\/\/dijonuniversiteclub.fr\/tennis\/wp-content\/uploads\/2025\/07\/paratennis-tournoi.jpg","contentUrl":"https:\/\/dijonuniversiteclub.fr\/tennis\/wp-content\/uploads\/2025\/07\/paratennis-tournoi.jpg","width":1080,"height":1350},{"@type":"BreadcrumbList","@id":"https:\/\/dijonuniversiteclub.fr\/tennis\/tennis-tournois-dijon\/#breadcrumb","itemListElement":[{"@type":"ListItem","position":1,"name":"Accueil","item":"https:\/\/dijonuniversiteclub.fr\/tennis\/"},{"@type":"ListItem","position":2,"name":"Les tournois"}]},{"@type":"WebSite","@id":"https:\/\/dijonuniversiteclub.fr\/tennis\/#website","url":"https:\/\/dijonuniversiteclub.fr\/tennis\/","name":"DUC Tennis","description":"","publisher":{"@id":"https:\/\/dijonuniversiteclub.fr\/tennis\/#organization"},"potentialAction":[{"@type":"SearchAction","target":{"@type":"EntryPoint","urlTemplate":"https:\/\/dijonuniversiteclub.fr\/tennis\/?s={search_term_string}"},"query-input":{"@type":"PropertyValueSpecification","valueRequired":true,"valueName":"search_term_string"}}],"inLanguage":"fr-FR"},{"@type":"Organization","@id":"https:\/\/dijonuniversiteclub.fr\/tennis\/#organization","name":"DUC Tennis","url":"https:\/\/dijonuniversiteclub.fr\/tennis\/","logo":{"@type":"ImageObject","inLanguage":"fr-FR","@id":"https:\/\/dijonuniversiteclub.fr\/tennis\/#\/schema\/logo\/image\/","url":"https:\/\/dijonuniversiteclub.fr\/tennis\/wp-content\/uploads\/2025\/06\/cropped-cropped-logo-transparent-DUC.png","contentUrl":"https:\/\/dijonuniversiteclub.fr\/tennis\/wp-content\/uploads\/2025\/06\/cropped-cropped-logo-transparent-DUC.png","width":762,"height":912,"caption":"DUC Tennis"},"image":{"@id":"https:\/\/dijonuniversiteclub.fr\/tennis\/#\/schema\/logo\/image\/"}}]}},"_links":{"self":[{"href":"https:\/\/dijonuniversiteclub.fr\/tennis\/wp-json\/wp\/v2\/pages\/157","targetHints":{"allow":["GET"]}}],"collection":[{"href":"https:\/\/dijonuniversiteclub.fr\/tennis\/wp-json\/wp\/v2\/pages"}],"about":[{"href":"https:\/\/dijonuniversiteclub.fr\/tennis\/wp-json\/wp\/v2\/types\/page"}],"author":[{"embeddable":true,"href":"https:\/\/dijonuniversiteclub.fr\/tennis\/wp-json\/wp\/v2\/users\/1"}],"replies":[{"embeddable":true,"href":"https:\/\/dijonuniversiteclub.fr\/tennis\/wp-json\/wp\/v2\/comments?post=157"}],"version-history":[{"count":2,"href":"https:\/\/dijonuniversiteclub.fr\/tennis\/wp-json\/wp\/v2\/pages\/157\/revisions"}],"predecessor-version":[{"id":426,"href":"https:\/\/dijonuniversiteclub.fr\/tennis\/wp-json\/wp\/v2\/pages\/157\/revisions\/426"}],"wp:attachment":[{"href":"https:\/\/dijonuniversiteclub.fr\/tennis\/wp-json\/wp\/v2\/media?parent=157"}],"curies":[{"name":"wp","href":"https:\/\/api.w.org\/{rel}","templated":true}]}}