{"id":160,"date":"2025-06-22T15:41:43","date_gmt":"2025-06-22T13:41:43","guid":{"rendered":"https:\/\/dijonuniversiteclub.fr\/tennis\/?page_id=160"},"modified":"2025-07-07T08:33:32","modified_gmt":"2025-07-07T06:33:32","slug":"lequipe-dirigeante-et-salariee-tennis-equipe-tennis-dijon","status":"publish","type":"page","link":"https:\/\/dijonuniversiteclub.fr\/tennis\/lequipe-dirigeante-et-salariee-tennis-equipe-tennis-dijon\/","title":{"rendered":"L&rsquo;\u00e9quipe dirigeante et salari\u00e9e"},"content":{"rendered":"\n<p class=\"has-x-large-font-size\"><strong>L&rsquo;\u00e9quipe dirigeante et salari\u00e9e<\/strong><\/p>\n\n\n\n<figure class=\"wp-block-image size-full\"><img loading=\"lazy\" decoding=\"async\" width=\"1024\" height=\"1024\" src=\"https:\/\/dijonuniversiteclub.fr\/tennis\/wp-content\/uploads\/2025\/07\/freepik__the-style-is-candid-image-photography-with-natural__27518.jpeg\" alt=\"\" class=\"wp-image-385\" srcset=\"https:\/\/dijonuniversiteclub.fr\/tennis\/wp-content\/uploads\/2025\/07\/freepik__the-style-is-candid-image-photography-with-natural__27518.jpeg 1024w, https:\/\/dijonuniversiteclub.fr\/tennis\/wp-content\/uploads\/2025\/07\/freepik__the-style-is-candid-image-photography-with-natural__27518-300x300.jpeg 300w, https:\/\/dijonuniversiteclub.fr\/tennis\/wp-content\/uploads\/2025\/07\/freepik__the-style-is-candid-image-photography-with-natural__27518-150x150.jpeg 150w, https:\/\/dijonuniversiteclub.fr\/tennis\/wp-content\/uploads\/2025\/07\/freepik__the-style-is-candid-image-photography-with-natural__27518-768x768.jpeg 768w\" sizes=\"auto, (max-width: 1024px) 100vw, 1024px\" \/><\/figure>\n\n\n\n<p><\/p>\n\n\n\n<p>Pr\u00e9sident : Lionel CROGNIER<\/p>\n\n\n\n<p>Herve MARCHANDEAU<\/p>\n\n\n\n<p>Cyril VALLEE<\/p>\n\n\n\n<p>Clovis CRISTEL-DELESSE<\/p>\n\n\n\n<p>Entra\u00eeneur &#8211; Directeur sportif : <\/p>\n\n\n\n<p>David MOREAU<\/p>\n","protected":false},"excerpt":{"rendered":"<p>L&rsquo;\u00e9quipe dirigeante et salari\u00e9e Pr\u00e9sident : Lionel CROGNIER Herve MARCHANDEAU Cyril VALLEE Clovis CRISTEL-DELESSE Entra\u00eeneur &#8211; Directeur sportif : David MOREAU<\/p>\n","protected":false},"author":1,"featured_media":0,"parent":0,"menu_order":0,"comment_status":"closed","ping_status":"closed","template":"","meta":{"footnotes":""},"class_list":["post-160","page","type-page","status-publish","hentry"],"yoast_head":"<!-- This site is optimized with the Yoast SEO plugin v26.4 - https:\/\/yoast.com\/wordpress\/plugins\/seo\/ -->\n<title>L&#039;\u00e9quipe dirigeante et salari\u00e9e - DUC Tennis<\/title>\n<meta name=\"description\" content=\"Rencontrez les dirigeants et les entra\u00eeneurs du DUC Tennis \u00e0 Dijon, engag\u00e9s pour un encadrement sportif de qualit\u00e9 \u00e0 Dijon\" \/>\n<meta name=\"robots\" content=\"index, follow, max-snippet:-1, max-image-preview:large, max-video-preview:-1\" \/>\n<link rel=\"canonical\" href=\"https:\/\/dijonuniversiteclub.fr\/tennis\/lequipe-dirigeante-et-salariee-tennis-equipe-tennis-dijon\/\" \/>\n<meta property=\"og:locale\" content=\"fr_FR\" \/>\n<meta property=\"og:type\" content=\"article\" \/>\n<meta property=\"og:title\" content=\"L&#039;\u00e9quipe dirigeante et salari\u00e9e - DUC Tennis\" \/>\n<meta property=\"og:description\" content=\"Rencontrez les dirigeants et les entra\u00eeneurs du DUC Tennis \u00e0 Dijon, engag\u00e9s pour un encadrement sportif de qualit\u00e9 \u00e0 Dijon\" \/>\n<meta property=\"og:url\" content=\"https:\/\/dijonuniversiteclub.fr\/tennis\/lequipe-dirigeante-et-salariee-tennis-equipe-tennis-dijon\/\" \/>\n<meta property=\"og:site_name\" content=\"DUC Tennis\" \/>\n<meta property=\"article:modified_time\" content=\"2025-07-07T06:33:32+00:00\" \/>\n<meta property=\"og:image\" content=\"https:\/\/dijonuniversiteclub.fr\/tennis\/wp-content\/uploads\/2025\/07\/freepik__the-style-is-candid-image-photography-with-natural__27518.jpeg\" \/>\n\t<meta property=\"og:image:width\" content=\"1024\" \/>\n\t<meta property=\"og:image:height\" content=\"1024\" \/>\n\t<meta property=\"og:image:type\" content=\"image\/jpeg\" \/>\n<meta name=\"twitter:card\" content=\"summary_large_image\" \/>\n<meta name=\"twitter:label1\" content=\"Dur\u00e9e de lecture estim\u00e9e\" \/>\n\t<meta name=\"twitter:data1\" content=\"1 minute\" \/>\n<script type=\"application\/ld+json\" class=\"yoast-schema-graph\">{\"@context\":\"https:\/\/schema.org\",\"@graph\":[{\"@type\":\"WebPage\",\"@id\":\"https:\/\/dijonuniversiteclub.fr\/tennis\/lequipe-dirigeante-et-salariee-tennis-equipe-tennis-dijon\/\",\"url\":\"https:\/\/dijonuniversiteclub.fr\/tennis\/lequipe-dirigeante-et-salariee-tennis-equipe-tennis-dijon\/\",\"name\":\"L'\u00e9quipe dirigeante et salari\u00e9e - DUC Tennis\",\"isPartOf\":{\"@id\":\"https:\/\/dijonuniversiteclub.fr\/tennis\/#website\"},\"primaryImageOfPage\":{\"@id\":\"https:\/\/dijonuniversiteclub.fr\/tennis\/lequipe-dirigeante-et-salariee-tennis-equipe-tennis-dijon\/#primaryimage\"},\"image\":{\"@id\":\"https:\/\/dijonuniversiteclub.fr\/tennis\/lequipe-dirigeante-et-salariee-tennis-equipe-tennis-dijon\/#primaryimage\"},\"thumbnailUrl\":\"https:\/\/dijonuniversiteclub.fr\/tennis\/wp-content\/uploads\/2025\/07\/freepik__the-style-is-candid-image-photography-with-natural__27518.jpeg\",\"datePublished\":\"2025-06-22T13:41:43+00:00\",\"dateModified\":\"2025-07-07T06:33:32+00:00\",\"description\":\"Rencontrez les dirigeants et les entra\u00eeneurs du DUC Tennis \u00e0 Dijon, engag\u00e9s pour un encadrement sportif de qualit\u00e9 \u00e0 Dijon\",\"breadcrumb\":{\"@id\":\"https:\/\/dijonuniversiteclub.fr\/tennis\/lequipe-dirigeante-et-salariee-tennis-equipe-tennis-dijon\/#breadcrumb\"},\"inLanguage\":\"fr-FR\",\"potentialAction\":[{\"@type\":\"ReadAction\",\"target\":[\"https:\/\/dijonuniversiteclub.fr\/tennis\/lequipe-dirigeante-et-salariee-tennis-equipe-tennis-dijon\/\"]}]},{\"@type\":\"ImageObject\",\"inLanguage\":\"fr-FR\",\"@id\":\"https:\/\/dijonuniversiteclub.fr\/tennis\/lequipe-dirigeante-et-salariee-tennis-equipe-tennis-dijon\/#primaryimage\",\"url\":\"https:\/\/dijonuniversiteclub.fr\/tennis\/wp-content\/uploads\/2025\/07\/freepik__the-style-is-candid-image-photography-with-natural__27518.jpeg\",\"contentUrl\":\"https:\/\/dijonuniversiteclub.fr\/tennis\/wp-content\/uploads\/2025\/07\/freepik__the-style-is-candid-image-photography-with-natural__27518.jpeg\",\"width\":1024,\"height\":1024},{\"@type\":\"BreadcrumbList\",\"@id\":\"https:\/\/dijonuniversiteclub.fr\/tennis\/lequipe-dirigeante-et-salariee-tennis-equipe-tennis-dijon\/#breadcrumb\",\"itemListElement\":[{\"@type\":\"ListItem\",\"position\":1,\"name\":\"Accueil\",\"item\":\"https:\/\/dijonuniversiteclub.fr\/tennis\/\"},{\"@type\":\"ListItem\",\"position\":2,\"name\":\"L&rsquo;\u00e9quipe dirigeante et salari\u00e9e\"}]},{\"@type\":\"WebSite\",\"@id\":\"https:\/\/dijonuniversiteclub.fr\/tennis\/#website\",\"url\":\"https:\/\/dijonuniversiteclub.fr\/tennis\/\",\"name\":\"DUC Tennis\",\"description\":\"\",\"publisher\":{\"@id\":\"https:\/\/dijonuniversiteclub.fr\/tennis\/#organization\"},\"potentialAction\":[{\"@type\":\"SearchAction\",\"target\":{\"@type\":\"EntryPoint\",\"urlTemplate\":\"https:\/\/dijonuniversiteclub.fr\/tennis\/?s={search_term_string}\"},\"query-input\":{\"@type\":\"PropertyValueSpecification\",\"valueRequired\":true,\"valueName\":\"search_term_string\"}}],\"inLanguage\":\"fr-FR\"},{\"@type\":\"Organization\",\"@id\":\"https:\/\/dijonuniversiteclub.fr\/tennis\/#organization\",\"name\":\"DUC Tennis\",\"url\":\"https:\/\/dijonuniversiteclub.fr\/tennis\/\",\"logo\":{\"@type\":\"ImageObject\",\"inLanguage\":\"fr-FR\",\"@id\":\"https:\/\/dijonuniversiteclub.fr\/tennis\/#\/schema\/logo\/image\/\",\"url\":\"https:\/\/dijonuniversiteclub.fr\/tennis\/wp-content\/uploads\/2025\/06\/cropped-cropped-logo-transparent-DUC.png\",\"contentUrl\":\"https:\/\/dijonuniversiteclub.fr\/tennis\/wp-content\/uploads\/2025\/06\/cropped-cropped-logo-transparent-DUC.png\",\"width\":762,\"height\":912,\"caption\":\"DUC Tennis\"},\"image\":{\"@id\":\"https:\/\/dijonuniversiteclub.fr\/tennis\/#\/schema\/logo\/image\/\"}}]}<\/script>\n<!-- \/ Yoast SEO plugin. -->","yoast_head_json":{"title":"L'\u00e9quipe dirigeante et salari\u00e9e - DUC Tennis","description":"Rencontrez les dirigeants et les entra\u00eeneurs du DUC Tennis \u00e0 Dijon, engag\u00e9s pour un encadrement sportif de qualit\u00e9 \u00e0 Dijon","robots":{"index":"index","follow":"follow","max-snippet":"max-snippet:-1","max-image-preview":"max-image-preview:large","max-video-preview":"max-video-preview:-1"},"canonical":"https:\/\/dijonuniversiteclub.fr\/tennis\/lequipe-dirigeante-et-salariee-tennis-equipe-tennis-dijon\/","og_locale":"fr_FR","og_type":"article","og_title":"L'\u00e9quipe dirigeante et salari\u00e9e - DUC Tennis","og_description":"Rencontrez les dirigeants et les entra\u00eeneurs du DUC Tennis \u00e0 Dijon, engag\u00e9s pour un encadrement sportif de qualit\u00e9 \u00e0 Dijon","og_url":"https:\/\/dijonuniversiteclub.fr\/tennis\/lequipe-dirigeante-et-salariee-tennis-equipe-tennis-dijon\/","og_site_name":"DUC Tennis","article_modified_time":"2025-07-07T06:33:32+00:00","og_image":[{"width":1024,"height":1024,"url":"https:\/\/dijonuniversiteclub.fr\/tennis\/wp-content\/uploads\/2025\/07\/freepik__the-style-is-candid-image-photography-with-natural__27518.jpeg","type":"image\/jpeg"}],"twitter_card":"summary_large_image","twitter_misc":{"Dur\u00e9e de lecture estim\u00e9e":"1 minute"},"schema":{"@context":"https:\/\/schema.org","@graph":[{"@type":"WebPage","@id":"https:\/\/dijonuniversiteclub.fr\/tennis\/lequipe-dirigeante-et-salariee-tennis-equipe-tennis-dijon\/","url":"https:\/\/dijonuniversiteclub.fr\/tennis\/lequipe-dirigeante-et-salariee-tennis-equipe-tennis-dijon\/","name":"L'\u00e9quipe dirigeante et salari\u00e9e - DUC Tennis","isPartOf":{"@id":"https:\/\/dijonuniversiteclub.fr\/tennis\/#website"},"primaryImageOfPage":{"@id":"https:\/\/dijonuniversiteclub.fr\/tennis\/lequipe-dirigeante-et-salariee-tennis-equipe-tennis-dijon\/#primaryimage"},"image":{"@id":"https:\/\/dijonuniversiteclub.fr\/tennis\/lequipe-dirigeante-et-salariee-tennis-equipe-tennis-dijon\/#primaryimage"},"thumbnailUrl":"https:\/\/dijonuniversiteclub.fr\/tennis\/wp-content\/uploads\/2025\/07\/freepik__the-style-is-candid-image-photography-with-natural__27518.jpeg","datePublished":"2025-06-22T13:41:43+00:00","dateModified":"2025-07-07T06:33:32+00:00","description":"Rencontrez les dirigeants et les entra\u00eeneurs du DUC Tennis \u00e0 Dijon, engag\u00e9s pour un encadrement sportif de qualit\u00e9 \u00e0 Dijon","breadcrumb":{"@id":"https:\/\/dijonuniversiteclub.fr\/tennis\/lequipe-dirigeante-et-salariee-tennis-equipe-tennis-dijon\/#breadcrumb"},"inLanguage":"fr-FR","potentialAction":[{"@type":"ReadAction","target":["https:\/\/dijonuniversiteclub.fr\/tennis\/lequipe-dirigeante-et-salariee-tennis-equipe-tennis-dijon\/"]}]},{"@type":"ImageObject","inLanguage":"fr-FR","@id":"https:\/\/dijonuniversiteclub.fr\/tennis\/lequipe-dirigeante-et-salariee-tennis-equipe-tennis-dijon\/#primaryimage","url":"https:\/\/dijonuniversiteclub.fr\/tennis\/wp-content\/uploads\/2025\/07\/freepik__the-style-is-candid-image-photography-with-natural__27518.jpeg","contentUrl":"https:\/\/dijonuniversiteclub.fr\/tennis\/wp-content\/uploads\/2025\/07\/freepik__the-style-is-candid-image-photography-with-natural__27518.jpeg","width":1024,"height":1024},{"@type":"BreadcrumbList","@id":"https:\/\/dijonuniversiteclub.fr\/tennis\/lequipe-dirigeante-et-salariee-tennis-equipe-tennis-dijon\/#breadcrumb","itemListElement":[{"@type":"ListItem","position":1,"name":"Accueil","item":"https:\/\/dijonuniversiteclub.fr\/tennis\/"},{"@type":"ListItem","position":2,"name":"L&rsquo;\u00e9quipe dirigeante et salari\u00e9e"}]},{"@type":"WebSite","@id":"https:\/\/dijonuniversiteclub.fr\/tennis\/#website","url":"https:\/\/dijonuniversiteclub.fr\/tennis\/","name":"DUC Tennis","description":"","publisher":{"@id":"https:\/\/dijonuniversiteclub.fr\/tennis\/#organization"},"potentialAction":[{"@type":"SearchAction","target":{"@type":"EntryPoint","urlTemplate":"https:\/\/dijonuniversiteclub.fr\/tennis\/?s={search_term_string}"},"query-input":{"@type":"PropertyValueSpecification","valueRequired":true,"valueName":"search_term_string"}}],"inLanguage":"fr-FR"},{"@type":"Organization","@id":"https:\/\/dijonuniversiteclub.fr\/tennis\/#organization","name":"DUC Tennis","url":"https:\/\/dijonuniversiteclub.fr\/tennis\/","logo":{"@type":"ImageObject","inLanguage":"fr-FR","@id":"https:\/\/dijonuniversiteclub.fr\/tennis\/#\/schema\/logo\/image\/","url":"https:\/\/dijonuniversiteclub.fr\/tennis\/wp-content\/uploads\/2025\/06\/cropped-cropped-logo-transparent-DUC.png","contentUrl":"https:\/\/dijonuniversiteclub.fr\/tennis\/wp-content\/uploads\/2025\/06\/cropped-cropped-logo-transparent-DUC.png","width":762,"height":912,"caption":"DUC Tennis"},"image":{"@id":"https:\/\/dijonuniversiteclub.fr\/tennis\/#\/schema\/logo\/image\/"}}]}},"_links":{"self":[{"href":"https:\/\/dijonuniversiteclub.fr\/tennis\/wp-json\/wp\/v2\/pages\/160","targetHints":{"allow":["GET"]}}],"collection":[{"href":"https:\/\/dijonuniversiteclub.fr\/tennis\/wp-json\/wp\/v2\/pages"}],"about":[{"href":"https:\/\/dijonuniversiteclub.fr\/tennis\/wp-json\/wp\/v2\/types\/page"}],"author":[{"embeddable":true,"href":"https:\/\/dijonuniversiteclub.fr\/tennis\/wp-json\/wp\/v2\/users\/1"}],"replies":[{"embeddable":true,"href":"https:\/\/dijonuniversiteclub.fr\/tennis\/wp-json\/wp\/v2\/comments?post=160"}],"version-history":[{"count":2,"href":"https:\/\/dijonuniversiteclub.fr\/tennis\/wp-json\/wp\/v2\/pages\/160\/revisions"}],"predecessor-version":[{"id":386,"href":"https:\/\/dijonuniversiteclub.fr\/tennis\/wp-json\/wp\/v2\/pages\/160\/revisions\/386"}],"wp:attachment":[{"href":"https:\/\/dijonuniversiteclub.fr\/tennis\/wp-json\/wp\/v2\/media?parent=160"}],"curies":[{"name":"wp","href":"https:\/\/api.w.org\/{rel}","templated":true}]}}