{"id":393,"date":"2025-07-06T19:56:39","date_gmt":"2025-07-06T17:56:39","guid":{"rendered":"https:\/\/dijonuniversiteclub.fr\/tennis\/?page_id=393"},"modified":"2025-11-24T11:01:07","modified_gmt":"2025-11-24T10:01:07","slug":"tennis-tournoi-open-cncgt-dijon","status":"publish","type":"page","link":"https:\/\/dijonuniversiteclub.fr\/tennis\/tennis-tournoi-open-cncgt-dijon\/","title":{"rendered":"Tournoi Open CNCGT de la ville de Dijon"},"content":{"rendered":"\n<p class=\"has-x-large-font-size\"><strong>Tournoi Open CNCGT de la ville de Dijon<\/strong><\/p>\n\n\n\n<p><strong>Tournoi Open CNGT de la Ville de Dijon Simples Dames et Messieurs<\/strong><\/p>\n\n\n\n<p>Le Tournoi Open CNGT de la Ville de Dijon est un rendez-vous incontournable du tennis r\u00e9gional et national. Organis\u00e9 par le Dijon Universit\u00e9 Club \u2013 Section Tennis, ce tournoi s\u2019inscrit dans le Circuit National des Grands Tournois (CNGT), r\u00e9unissant chaque ann\u00e9e des joueuses et joueurs class\u00e9s parmi les meilleurs du territoire.<\/p>\n\n\n\n<p>V\u00e9ritable temps fort sportif, il se d\u00e9roule dans un cadre convivial et dynamique, au c\u0153ur du campus universitaire, et b\u00e9n\u00e9ficie d\u2019infrastructures de qualit\u00e9. Le tournoi allie exigence sportive et ambiance chaleureuse, offrant au public des matchs de haut niveau et un acc\u00e8s direct \u00e0 la comp\u00e9tition de performance.<\/p>\n\n\n\n<p>Ouvert \u00e9galement aux licenci\u00e9s locaux, l\u2019Open CNGT permet la rencontre entre jeunes talents, joueurs confirm\u00e9s et figures du tennis fran\u00e7ais. Il met en valeur le savoir-faire du DUC Tennis en mati\u00e8re d\u2019organisation et de promotion du sport pour tous.<\/p>\n\n\n\n<p>Le Tournoi Open CNGT de Dijon, c\u2019est le tennis dans toute sa dimension : comp\u00e9tition, partage et passion.<\/p>\n\n\n\n<p><strong>Renseignements : 06 71 86 11 14 \u2013 06 79 64 81 43 ou <a href=\"mailto:ductennis@aol.com\">ductennis@aol.com<\/a><\/strong><\/p>\n\n\n\n<p><strong>Inscription obligatoire via <a href=\"https:\/\/tenup.fft.fr\/\">https:\/\/tenup.fft.fr\/<\/a><\/strong><\/p>\n\n\n\n<p><strong>Adresses et prix des h\u00e9bergements sur Dijon en partenariat avec le Dijon Universit\u00e9 Club Section Tennis<\/strong> :<\/p>\n\n\n\n<div class=\"wp-block-buttons is-content-justification-center is-layout-flex wp-container-core-buttons-is-layout-16018d1d wp-block-buttons-is-layout-flex\">\n<div class=\"wp-block-button\"><a class=\"wp-block-button__link has-text-align-center wp-element-button\" href=\"https:\/\/dijonuniversiteclub.fr\/tennis\/wp-content\/uploads\/2025\/11\/Propositions_hebergements_2025-1.pdf\" target=\"_blank\" rel=\"noreferrer noopener\">Tarif des h\u00e9bergements<\/a><\/div>\n<\/div>\n\n\n\n<p><\/p>\n\n\n\n<p><\/p>\n\n\n\n<p><\/p>\n\n\n<div class=\"wp-block-image\">\n<figure class=\"aligncenter size-large is-resized\"><img loading=\"lazy\" decoding=\"async\" width=\"724\" height=\"1024\" src=\"https:\/\/dijonuniversiteclub.fr\/tennis\/wp-content\/uploads\/2025\/07\/Affiche-Open-CNGT-2025-724x1024.jpg\" alt=\"\" class=\"wp-image-312\" style=\"width:713px;height:auto\" srcset=\"https:\/\/dijonuniversiteclub.fr\/tennis\/wp-content\/uploads\/2025\/07\/Affiche-Open-CNGT-2025-724x1024.jpg 724w, https:\/\/dijonuniversiteclub.fr\/tennis\/wp-content\/uploads\/2025\/07\/Affiche-Open-CNGT-2025-212x300.jpg 212w, https:\/\/dijonuniversiteclub.fr\/tennis\/wp-content\/uploads\/2025\/07\/Affiche-Open-CNGT-2025-768x1086.jpg 768w, https:\/\/dijonuniversiteclub.fr\/tennis\/wp-content\/uploads\/2025\/07\/Affiche-Open-CNGT-2025-1086x1536.jpg 1086w, https:\/\/dijonuniversiteclub.fr\/tennis\/wp-content\/uploads\/2025\/07\/Affiche-Open-CNGT-2025-1448x2048.jpg 1448w, https:\/\/dijonuniversiteclub.fr\/tennis\/wp-content\/uploads\/2025\/07\/Affiche-Open-CNGT-2025.jpg 1654w\" sizes=\"auto, (max-width: 724px) 100vw, 724px\" \/><\/figure>\n<\/div>\n\n\n<h1 class=\"wp-block-heading\">Le programme du tournoi<\/h1>\n\n\n\n<p><strong>1<sup>er<\/sup> week-end&nbsp;: 22 et 23 novembre 2025<\/strong> : NC \u00e0 30\/2<\/p>\n\n\n\n<p><strong>2<sup>\u00e8me<\/sup> week-end&nbsp;: 29 et 30 novembre 2025<\/strong> : 30\/1 \u00e0 15\/5 (15\/4)<\/p>\n\n\n\n<p><strong>3<sup>\u00e8me<\/sup> week-end&nbsp;: 6 et 7 d\u00e9cembre<\/strong> :15\/4 \u00e0 15\/2<\/p>\n\n\n\n<p><strong>4<sup>\u00e8me<\/sup> week-end&nbsp;: 13 et 14 d\u00e9cembre<\/strong> : 15\/1 \u00e0 4\/6<\/p>\n\n\n\n<p><strong>Lundi 15 d\u00e9cembre 2025<\/strong> : Hommes 4\/6 3\/6 et Dames 4\/6 3\/6<\/p>\n\n\n\n<p><strong>Mardi 16 d\u00e9cembre<\/strong> : Hommes 2\/6 1\/6 et Dames 2\/6<\/p>\n\n\n\n<p><strong>Mercredi 17 d\u00e9cembre<\/strong> : Hommes 0 et Dames 1\/6 0<\/p>\n\n\n\n<p><strong>Jeudi 18 d\u00e9cembre<\/strong> : Hommes -2\/6 -4\/6 et Dames -2\/6 -4\/6<\/p>\n\n\n\n<p><strong>Vendredi 19 d\u00e9cembre<\/strong> : Hommes -4\/6 -15 et Dames -4\/6 -15<\/p>\n\n\n\n<p><strong>Samedi 20 d\u00e9cembre<\/strong> : Tableau Final Hommes et dames<\/p>\n\n\n\n<p><strong>Dimanche 21 d\u00e9cembre 2025<\/strong> :<\/p>\n\n\n\n<p>9h demi-finales dames<\/p>\n\n\n\n<p>10h Demi-finales Hommes<\/p>\n\n\n\n<p>14h Finale Dames<\/p>\n\n\n\n<p>15h30 Finale Hommes<\/p>\n\n\n\n<p><\/p>\n","protected":false},"excerpt":{"rendered":"<p>Tournoi Open CNCGT de la ville de Dijon Tournoi Open CNGT de la Ville de Dijon Simples Dames et Messieurs Le Tournoi Open CNGT de la Ville de Dijon est un rendez-vous incontournable du tennis r\u00e9gional et national. Organis\u00e9 par le Dijon Universit\u00e9 Club \u2013 Section Tennis, ce tournoi s\u2019inscrit dans le Circuit National des [&hellip;]<\/p>\n","protected":false},"author":1,"featured_media":0,"parent":0,"menu_order":0,"comment_status":"closed","ping_status":"closed","template":"","meta":{"footnotes":""},"class_list":["post-393","page","type-page","status-publish","hentry"],"yoast_head":"<!-- This site is optimized with the Yoast SEO plugin v26.4 - https:\/\/yoast.com\/wordpress\/plugins\/seo\/ -->\n<title>Tournoi Open CNCGT de la ville de Dijon - DUC Tennis<\/title>\n<meta name=\"description\" content=\"Inscrivez-vous au Tournoi Open CNCGT organis\u00e9 par le DUC Tennis \u00e0 Dijon. Comp\u00e9tition ouverte \u00e0 tous les niveaux.\" \/>\n<meta name=\"robots\" content=\"index, follow, max-snippet:-1, max-image-preview:large, max-video-preview:-1\" \/>\n<link rel=\"canonical\" href=\"https:\/\/dijonuniversiteclub.fr\/tennis\/tennis-tournoi-open-cncgt-dijon\/\" \/>\n<meta property=\"og:locale\" content=\"fr_FR\" \/>\n<meta property=\"og:type\" content=\"article\" \/>\n<meta property=\"og:title\" content=\"Tournoi Open CNCGT de la ville de Dijon - DUC Tennis\" \/>\n<meta property=\"og:description\" content=\"Inscrivez-vous au Tournoi Open CNCGT organis\u00e9 par le DUC Tennis \u00e0 Dijon. Comp\u00e9tition ouverte \u00e0 tous les niveaux.\" \/>\n<meta property=\"og:url\" content=\"https:\/\/dijonuniversiteclub.fr\/tennis\/tennis-tournoi-open-cncgt-dijon\/\" \/>\n<meta property=\"og:site_name\" content=\"DUC Tennis\" \/>\n<meta property=\"article:modified_time\" content=\"2025-11-24T10:01:07+00:00\" \/>\n<meta property=\"og:image\" content=\"https:\/\/dijonuniversiteclub.fr\/tennis\/wp-content\/uploads\/2025\/07\/Affiche-Open-CNGT-2025.jpg\" \/>\n\t<meta property=\"og:image:width\" content=\"1654\" \/>\n\t<meta property=\"og:image:height\" content=\"2339\" \/>\n\t<meta property=\"og:image:type\" content=\"image\/jpeg\" \/>\n<meta name=\"twitter:card\" content=\"summary_large_image\" \/>\n<meta name=\"twitter:label1\" content=\"Dur\u00e9e de lecture estim\u00e9e\" \/>\n\t<meta name=\"twitter:data1\" content=\"2 minutes\" \/>\n<script type=\"application\/ld+json\" class=\"yoast-schema-graph\">{\"@context\":\"https:\/\/schema.org\",\"@graph\":[{\"@type\":\"WebPage\",\"@id\":\"https:\/\/dijonuniversiteclub.fr\/tennis\/tennis-tournoi-open-cncgt-dijon\/\",\"url\":\"https:\/\/dijonuniversiteclub.fr\/tennis\/tennis-tournoi-open-cncgt-dijon\/\",\"name\":\"Tournoi Open CNCGT de la ville de Dijon - DUC Tennis\",\"isPartOf\":{\"@id\":\"https:\/\/dijonuniversiteclub.fr\/tennis\/#website\"},\"primaryImageOfPage\":{\"@id\":\"https:\/\/dijonuniversiteclub.fr\/tennis\/tennis-tournoi-open-cncgt-dijon\/#primaryimage\"},\"image\":{\"@id\":\"https:\/\/dijonuniversiteclub.fr\/tennis\/tennis-tournoi-open-cncgt-dijon\/#primaryimage\"},\"thumbnailUrl\":\"https:\/\/dijonuniversiteclub.fr\/tennis\/wp-content\/uploads\/2025\/07\/Affiche-Open-CNGT-2025-724x1024.jpg\",\"datePublished\":\"2025-07-06T17:56:39+00:00\",\"dateModified\":\"2025-11-24T10:01:07+00:00\",\"description\":\"Inscrivez-vous au Tournoi Open CNCGT organis\u00e9 par le DUC Tennis \u00e0 Dijon. Comp\u00e9tition ouverte \u00e0 tous les niveaux.\",\"breadcrumb\":{\"@id\":\"https:\/\/dijonuniversiteclub.fr\/tennis\/tennis-tournoi-open-cncgt-dijon\/#breadcrumb\"},\"inLanguage\":\"fr-FR\",\"potentialAction\":[{\"@type\":\"ReadAction\",\"target\":[\"https:\/\/dijonuniversiteclub.fr\/tennis\/tennis-tournoi-open-cncgt-dijon\/\"]}]},{\"@type\":\"ImageObject\",\"inLanguage\":\"fr-FR\",\"@id\":\"https:\/\/dijonuniversiteclub.fr\/tennis\/tennis-tournoi-open-cncgt-dijon\/#primaryimage\",\"url\":\"https:\/\/dijonuniversiteclub.fr\/tennis\/wp-content\/uploads\/2025\/07\/Affiche-Open-CNGT-2025.jpg\",\"contentUrl\":\"https:\/\/dijonuniversiteclub.fr\/tennis\/wp-content\/uploads\/2025\/07\/Affiche-Open-CNGT-2025.jpg\",\"width\":1654,\"height\":2339},{\"@type\":\"BreadcrumbList\",\"@id\":\"https:\/\/dijonuniversiteclub.fr\/tennis\/tennis-tournoi-open-cncgt-dijon\/#breadcrumb\",\"itemListElement\":[{\"@type\":\"ListItem\",\"position\":1,\"name\":\"Accueil\",\"item\":\"https:\/\/dijonuniversiteclub.fr\/tennis\/\"},{\"@type\":\"ListItem\",\"position\":2,\"name\":\"Tournoi Open CNCGT de la ville de Dijon\"}]},{\"@type\":\"WebSite\",\"@id\":\"https:\/\/dijonuniversiteclub.fr\/tennis\/#website\",\"url\":\"https:\/\/dijonuniversiteclub.fr\/tennis\/\",\"name\":\"DUC Tennis\",\"description\":\"\",\"publisher\":{\"@id\":\"https:\/\/dijonuniversiteclub.fr\/tennis\/#organization\"},\"potentialAction\":[{\"@type\":\"SearchAction\",\"target\":{\"@type\":\"EntryPoint\",\"urlTemplate\":\"https:\/\/dijonuniversiteclub.fr\/tennis\/?s={search_term_string}\"},\"query-input\":{\"@type\":\"PropertyValueSpecification\",\"valueRequired\":true,\"valueName\":\"search_term_string\"}}],\"inLanguage\":\"fr-FR\"},{\"@type\":\"Organization\",\"@id\":\"https:\/\/dijonuniversiteclub.fr\/tennis\/#organization\",\"name\":\"DUC Tennis\",\"url\":\"https:\/\/dijonuniversiteclub.fr\/tennis\/\",\"logo\":{\"@type\":\"ImageObject\",\"inLanguage\":\"fr-FR\",\"@id\":\"https:\/\/dijonuniversiteclub.fr\/tennis\/#\/schema\/logo\/image\/\",\"url\":\"https:\/\/dijonuniversiteclub.fr\/tennis\/wp-content\/uploads\/2025\/06\/cropped-cropped-logo-transparent-DUC.png\",\"contentUrl\":\"https:\/\/dijonuniversiteclub.fr\/tennis\/wp-content\/uploads\/2025\/06\/cropped-cropped-logo-transparent-DUC.png\",\"width\":762,\"height\":912,\"caption\":\"DUC Tennis\"},\"image\":{\"@id\":\"https:\/\/dijonuniversiteclub.fr\/tennis\/#\/schema\/logo\/image\/\"}}]}<\/script>\n<!-- \/ Yoast SEO plugin. -->","yoast_head_json":{"title":"Tournoi Open CNCGT de la ville de Dijon - DUC Tennis","description":"Inscrivez-vous au Tournoi Open CNCGT organis\u00e9 par le DUC Tennis \u00e0 Dijon. Comp\u00e9tition ouverte \u00e0 tous les niveaux.","robots":{"index":"index","follow":"follow","max-snippet":"max-snippet:-1","max-image-preview":"max-image-preview:large","max-video-preview":"max-video-preview:-1"},"canonical":"https:\/\/dijonuniversiteclub.fr\/tennis\/tennis-tournoi-open-cncgt-dijon\/","og_locale":"fr_FR","og_type":"article","og_title":"Tournoi Open CNCGT de la ville de Dijon - DUC Tennis","og_description":"Inscrivez-vous au Tournoi Open CNCGT organis\u00e9 par le DUC Tennis \u00e0 Dijon. Comp\u00e9tition ouverte \u00e0 tous les niveaux.","og_url":"https:\/\/dijonuniversiteclub.fr\/tennis\/tennis-tournoi-open-cncgt-dijon\/","og_site_name":"DUC Tennis","article_modified_time":"2025-11-24T10:01:07+00:00","og_image":[{"width":1654,"height":2339,"url":"https:\/\/dijonuniversiteclub.fr\/tennis\/wp-content\/uploads\/2025\/07\/Affiche-Open-CNGT-2025.jpg","type":"image\/jpeg"}],"twitter_card":"summary_large_image","twitter_misc":{"Dur\u00e9e de lecture estim\u00e9e":"2 minutes"},"schema":{"@context":"https:\/\/schema.org","@graph":[{"@type":"WebPage","@id":"https:\/\/dijonuniversiteclub.fr\/tennis\/tennis-tournoi-open-cncgt-dijon\/","url":"https:\/\/dijonuniversiteclub.fr\/tennis\/tennis-tournoi-open-cncgt-dijon\/","name":"Tournoi Open CNCGT de la ville de Dijon - DUC Tennis","isPartOf":{"@id":"https:\/\/dijonuniversiteclub.fr\/tennis\/#website"},"primaryImageOfPage":{"@id":"https:\/\/dijonuniversiteclub.fr\/tennis\/tennis-tournoi-open-cncgt-dijon\/#primaryimage"},"image":{"@id":"https:\/\/dijonuniversiteclub.fr\/tennis\/tennis-tournoi-open-cncgt-dijon\/#primaryimage"},"thumbnailUrl":"https:\/\/dijonuniversiteclub.fr\/tennis\/wp-content\/uploads\/2025\/07\/Affiche-Open-CNGT-2025-724x1024.jpg","datePublished":"2025-07-06T17:56:39+00:00","dateModified":"2025-11-24T10:01:07+00:00","description":"Inscrivez-vous au Tournoi Open CNCGT organis\u00e9 par le DUC Tennis \u00e0 Dijon. Comp\u00e9tition ouverte \u00e0 tous les niveaux.","breadcrumb":{"@id":"https:\/\/dijonuniversiteclub.fr\/tennis\/tennis-tournoi-open-cncgt-dijon\/#breadcrumb"},"inLanguage":"fr-FR","potentialAction":[{"@type":"ReadAction","target":["https:\/\/dijonuniversiteclub.fr\/tennis\/tennis-tournoi-open-cncgt-dijon\/"]}]},{"@type":"ImageObject","inLanguage":"fr-FR","@id":"https:\/\/dijonuniversiteclub.fr\/tennis\/tennis-tournoi-open-cncgt-dijon\/#primaryimage","url":"https:\/\/dijonuniversiteclub.fr\/tennis\/wp-content\/uploads\/2025\/07\/Affiche-Open-CNGT-2025.jpg","contentUrl":"https:\/\/dijonuniversiteclub.fr\/tennis\/wp-content\/uploads\/2025\/07\/Affiche-Open-CNGT-2025.jpg","width":1654,"height":2339},{"@type":"BreadcrumbList","@id":"https:\/\/dijonuniversiteclub.fr\/tennis\/tennis-tournoi-open-cncgt-dijon\/#breadcrumb","itemListElement":[{"@type":"ListItem","position":1,"name":"Accueil","item":"https:\/\/dijonuniversiteclub.fr\/tennis\/"},{"@type":"ListItem","position":2,"name":"Tournoi Open CNCGT de la ville de Dijon"}]},{"@type":"WebSite","@id":"https:\/\/dijonuniversiteclub.fr\/tennis\/#website","url":"https:\/\/dijonuniversiteclub.fr\/tennis\/","name":"DUC Tennis","description":"","publisher":{"@id":"https:\/\/dijonuniversiteclub.fr\/tennis\/#organization"},"potentialAction":[{"@type":"SearchAction","target":{"@type":"EntryPoint","urlTemplate":"https:\/\/dijonuniversiteclub.fr\/tennis\/?s={search_term_string}"},"query-input":{"@type":"PropertyValueSpecification","valueRequired":true,"valueName":"search_term_string"}}],"inLanguage":"fr-FR"},{"@type":"Organization","@id":"https:\/\/dijonuniversiteclub.fr\/tennis\/#organization","name":"DUC Tennis","url":"https:\/\/dijonuniversiteclub.fr\/tennis\/","logo":{"@type":"ImageObject","inLanguage":"fr-FR","@id":"https:\/\/dijonuniversiteclub.fr\/tennis\/#\/schema\/logo\/image\/","url":"https:\/\/dijonuniversiteclub.fr\/tennis\/wp-content\/uploads\/2025\/06\/cropped-cropped-logo-transparent-DUC.png","contentUrl":"https:\/\/dijonuniversiteclub.fr\/tennis\/wp-content\/uploads\/2025\/06\/cropped-cropped-logo-transparent-DUC.png","width":762,"height":912,"caption":"DUC Tennis"},"image":{"@id":"https:\/\/dijonuniversiteclub.fr\/tennis\/#\/schema\/logo\/image\/"}}]}},"_links":{"self":[{"href":"https:\/\/dijonuniversiteclub.fr\/tennis\/wp-json\/wp\/v2\/pages\/393","targetHints":{"allow":["GET"]}}],"collection":[{"href":"https:\/\/dijonuniversiteclub.fr\/tennis\/wp-json\/wp\/v2\/pages"}],"about":[{"href":"https:\/\/dijonuniversiteclub.fr\/tennis\/wp-json\/wp\/v2\/types\/page"}],"author":[{"embeddable":true,"href":"https:\/\/dijonuniversiteclub.fr\/tennis\/wp-json\/wp\/v2\/users\/1"}],"replies":[{"embeddable":true,"href":"https:\/\/dijonuniversiteclub.fr\/tennis\/wp-json\/wp\/v2\/comments?post=393"}],"version-history":[{"count":9,"href":"https:\/\/dijonuniversiteclub.fr\/tennis\/wp-json\/wp\/v2\/pages\/393\/revisions"}],"predecessor-version":[{"id":521,"href":"https:\/\/dijonuniversiteclub.fr\/tennis\/wp-json\/wp\/v2\/pages\/393\/revisions\/521"}],"wp:attachment":[{"href":"https:\/\/dijonuniversiteclub.fr\/tennis\/wp-json\/wp\/v2\/media?parent=393"}],"curies":[{"name":"wp","href":"https:\/\/api.w.org\/{rel}","templated":true}]}}