{"id":396,"date":"2025-07-06T20:05:37","date_gmt":"2025-07-06T18:05:37","guid":{"rendered":"https:\/\/dijonuniversiteclub.fr\/tennis\/?page_id=396"},"modified":"2025-07-07T08:46:59","modified_gmt":"2025-07-07T06:46:59","slug":"tennis-lettre-echanges-dijon-tennis-dijon","status":"publish","type":"page","link":"https:\/\/dijonuniversiteclub.fr\/tennis\/tennis-lettre-echanges-dijon-tennis-dijon\/","title":{"rendered":"La lettre \u00ab\u00a0\u00e9changes\u00a0\u00bb du DUC Tennis"},"content":{"rendered":"\n<h1 class=\"wp-block-heading\">La lettre d&rsquo;informations \u00ab\u00a0\u00e9changes\u00a0\u00bb<\/h1>\n\n\n\n<figure class=\"wp-block-image size-large\"><img loading=\"lazy\" decoding=\"async\" width=\"1024\" height=\"683\" src=\"https:\/\/dijonuniversiteclub.fr\/tennis\/wp-content\/uploads\/2025\/07\/couple-jouant-au-tennis-en-duo-1024x683.jpg\" alt=\"\" class=\"wp-image-408\" srcset=\"https:\/\/dijonuniversiteclub.fr\/tennis\/wp-content\/uploads\/2025\/07\/couple-jouant-au-tennis-en-duo-1024x683.jpg 1024w, https:\/\/dijonuniversiteclub.fr\/tennis\/wp-content\/uploads\/2025\/07\/couple-jouant-au-tennis-en-duo-300x200.jpg 300w, https:\/\/dijonuniversiteclub.fr\/tennis\/wp-content\/uploads\/2025\/07\/couple-jouant-au-tennis-en-duo-768x512.jpg 768w, https:\/\/dijonuniversiteclub.fr\/tennis\/wp-content\/uploads\/2025\/07\/couple-jouant-au-tennis-en-duo-1536x1024.jpg 1536w, https:\/\/dijonuniversiteclub.fr\/tennis\/wp-content\/uploads\/2025\/07\/couple-jouant-au-tennis-en-duo-2048x1365.jpg 2048w\" sizes=\"auto, (max-width: 1024px) 100vw, 1024px\" \/><\/figure>\n\n\n\n<p>Cette lettre joue un r\u00f4le essentiel au sein de la section tennis du Dijon Universit\u00e9 Club. Elle permet de transmettre \u00e0 tous les adh\u00e9rents \u2014 anciens comme nouveaux \u2014 une vision claire du projet sportif du club pour l\u2019ann\u00e9e en cours.<\/p>\n\n\n\n<p>Elle sert \u00e0 valoriser les actions men\u00e9es, \u00e0 rappeler l\u2019histoire et les valeurs du DUC, mais aussi \u00e0 informer sur les calendriers, les tarifs, les infrastructures disponibles, et les diff\u00e9rents types de pratiques (loisir, comp\u00e9tition, para-tennis, beach-tennis, etc.). Elle est \u00e0 la fois un outil de communication interne, un rep\u00e8re pour les familles et les \u00e9tudiants, et un support de m\u00e9moire collective.<\/p>\n\n\n\n<p><a href=\"https:\/\/dijonuniversiteclub.fr\/tennis\/wp-content\/uploads\/2025\/07\/Echanges-n\u00b076.pdf\" target=\"_blank\" rel=\"noreferrer noopener\">Lettre \u00ab\u00a0\u00c9changes\u00a0\u00bb num\u00e9ro 76<\/a><\/p>\n\n\n\n<p><a href=\"https:\/\/dijonuniversiteclub.fr\/tennis\/wp-content\/uploads\/2025\/07\/Echanges-n\u00b075.pdf\" target=\"_blank\" rel=\"noreferrer noopener\">Lettre \u00ab\u00a0\u00c9changes\u00a0\u00bb num\u00e9ro 75<\/a><\/p>\n\n\n\n<p><a href=\"https:\/\/dijonuniversiteclub.fr\/tennis\/wp-content\/uploads\/2025\/07\/Echanges-n\u00b074.pdf\" target=\"_blank\" rel=\"noreferrer noopener\">Lettre \u00ab\u00a0\u00c9changes\u00a0\u00bb num\u00e9ro 74<\/a><\/p>\n\n\n\n<p><\/p>\n","protected":false},"excerpt":{"rendered":"<p>La lettre d&rsquo;informations \u00ab\u00a0\u00e9changes\u00a0\u00bb Cette lettre joue un r\u00f4le essentiel au sein de la section tennis du Dijon Universit\u00e9 Club. Elle permet de transmettre \u00e0 tous les adh\u00e9rents \u2014 anciens comme nouveaux \u2014 une vision claire du projet sportif du club pour l\u2019ann\u00e9e en cours. Elle sert \u00e0 valoriser les actions men\u00e9es, \u00e0 rappeler l\u2019histoire [&hellip;]<\/p>\n","protected":false},"author":1,"featured_media":0,"parent":0,"menu_order":0,"comment_status":"closed","ping_status":"closed","template":"","meta":{"footnotes":""},"class_list":["post-396","page","type-page","status-publish","hentry"],"yoast_head":"<!-- This site is optimized with the Yoast SEO plugin v26.4 - https:\/\/yoast.com\/wordpress\/plugins\/seo\/ -->\n<title>La lettre &quot;\u00e9changes&quot; du DUC Tennis - DUC Tennis<\/title>\n<meta name=\"description\" content=\"Restez inform\u00e9 de la vie du club avec la lettre \u00ab \u00c9changes \u00bb du DUC Tennis : \u00e9v\u00e9nements, r\u00e9sultats, actualit\u00e9s \u00e0 Dijon.\" \/>\n<meta name=\"robots\" content=\"index, follow, max-snippet:-1, max-image-preview:large, max-video-preview:-1\" \/>\n<link rel=\"canonical\" href=\"https:\/\/dijonuniversiteclub.fr\/tennis\/tennis-lettre-echanges-dijon-tennis-dijon\/\" \/>\n<meta property=\"og:locale\" content=\"fr_FR\" \/>\n<meta property=\"og:type\" content=\"article\" \/>\n<meta property=\"og:title\" content=\"La lettre &quot;\u00e9changes&quot; du DUC Tennis - DUC Tennis\" \/>\n<meta property=\"og:description\" content=\"Restez inform\u00e9 de la vie du club avec la lettre \u00ab \u00c9changes \u00bb du DUC Tennis : \u00e9v\u00e9nements, r\u00e9sultats, actualit\u00e9s \u00e0 Dijon.\" \/>\n<meta property=\"og:url\" content=\"https:\/\/dijonuniversiteclub.fr\/tennis\/tennis-lettre-echanges-dijon-tennis-dijon\/\" \/>\n<meta property=\"og:site_name\" content=\"DUC Tennis\" \/>\n<meta property=\"article:modified_time\" content=\"2025-07-07T06:46:59+00:00\" \/>\n<meta property=\"og:image\" content=\"https:\/\/dijonuniversiteclub.fr\/tennis\/wp-content\/uploads\/2025\/07\/couple-jouant-au-tennis-en-duo-scaled.jpg\" \/>\n\t<meta property=\"og:image:width\" content=\"2560\" \/>\n\t<meta property=\"og:image:height\" content=\"1706\" \/>\n\t<meta property=\"og:image:type\" content=\"image\/jpeg\" \/>\n<meta name=\"twitter:card\" content=\"summary_large_image\" \/>\n<meta name=\"twitter:label1\" content=\"Dur\u00e9e de lecture estim\u00e9e\" \/>\n\t<meta name=\"twitter:data1\" content=\"1 minute\" \/>\n<script type=\"application\/ld+json\" class=\"yoast-schema-graph\">{\"@context\":\"https:\/\/schema.org\",\"@graph\":[{\"@type\":[\"WebPage\",\"ItemPage\"],\"@id\":\"https:\/\/dijonuniversiteclub.fr\/tennis\/tennis-lettre-echanges-dijon-tennis-dijon\/\",\"url\":\"https:\/\/dijonuniversiteclub.fr\/tennis\/tennis-lettre-echanges-dijon-tennis-dijon\/\",\"name\":\"La lettre \\\"\u00e9changes\\\" du DUC Tennis - DUC Tennis\",\"isPartOf\":{\"@id\":\"https:\/\/dijonuniversiteclub.fr\/tennis\/#website\"},\"primaryImageOfPage\":{\"@id\":\"https:\/\/dijonuniversiteclub.fr\/tennis\/tennis-lettre-echanges-dijon-tennis-dijon\/#primaryimage\"},\"image\":{\"@id\":\"https:\/\/dijonuniversiteclub.fr\/tennis\/tennis-lettre-echanges-dijon-tennis-dijon\/#primaryimage\"},\"thumbnailUrl\":\"https:\/\/dijonuniversiteclub.fr\/tennis\/wp-content\/uploads\/2025\/07\/couple-jouant-au-tennis-en-duo-1024x683.jpg\",\"datePublished\":\"2025-07-06T18:05:37+00:00\",\"dateModified\":\"2025-07-07T06:46:59+00:00\",\"description\":\"Restez inform\u00e9 de la vie du club avec la lettre \u00ab \u00c9changes \u00bb du DUC Tennis : \u00e9v\u00e9nements, r\u00e9sultats, actualit\u00e9s \u00e0 Dijon.\",\"breadcrumb\":{\"@id\":\"https:\/\/dijonuniversiteclub.fr\/tennis\/tennis-lettre-echanges-dijon-tennis-dijon\/#breadcrumb\"},\"inLanguage\":\"fr-FR\",\"potentialAction\":[{\"@type\":\"ReadAction\",\"target\":[\"https:\/\/dijonuniversiteclub.fr\/tennis\/tennis-lettre-echanges-dijon-tennis-dijon\/\"]}]},{\"@type\":\"ImageObject\",\"inLanguage\":\"fr-FR\",\"@id\":\"https:\/\/dijonuniversiteclub.fr\/tennis\/tennis-lettre-echanges-dijon-tennis-dijon\/#primaryimage\",\"url\":\"https:\/\/dijonuniversiteclub.fr\/tennis\/wp-content\/uploads\/2025\/07\/couple-jouant-au-tennis-en-duo-scaled.jpg\",\"contentUrl\":\"https:\/\/dijonuniversiteclub.fr\/tennis\/wp-content\/uploads\/2025\/07\/couple-jouant-au-tennis-en-duo-scaled.jpg\",\"width\":2560,\"height\":1706},{\"@type\":\"BreadcrumbList\",\"@id\":\"https:\/\/dijonuniversiteclub.fr\/tennis\/tennis-lettre-echanges-dijon-tennis-dijon\/#breadcrumb\",\"itemListElement\":[{\"@type\":\"ListItem\",\"position\":1,\"name\":\"Accueil\",\"item\":\"https:\/\/dijonuniversiteclub.fr\/tennis\/\"},{\"@type\":\"ListItem\",\"position\":2,\"name\":\"La lettre \u00ab\u00a0\u00e9changes\u00a0\u00bb du DUC Tennis\"}]},{\"@type\":\"WebSite\",\"@id\":\"https:\/\/dijonuniversiteclub.fr\/tennis\/#website\",\"url\":\"https:\/\/dijonuniversiteclub.fr\/tennis\/\",\"name\":\"DUC Tennis\",\"description\":\"\",\"publisher\":{\"@id\":\"https:\/\/dijonuniversiteclub.fr\/tennis\/#organization\"},\"potentialAction\":[{\"@type\":\"SearchAction\",\"target\":{\"@type\":\"EntryPoint\",\"urlTemplate\":\"https:\/\/dijonuniversiteclub.fr\/tennis\/?s={search_term_string}\"},\"query-input\":{\"@type\":\"PropertyValueSpecification\",\"valueRequired\":true,\"valueName\":\"search_term_string\"}}],\"inLanguage\":\"fr-FR\"},{\"@type\":\"Organization\",\"@id\":\"https:\/\/dijonuniversiteclub.fr\/tennis\/#organization\",\"name\":\"DUC Tennis\",\"url\":\"https:\/\/dijonuniversiteclub.fr\/tennis\/\",\"logo\":{\"@type\":\"ImageObject\",\"inLanguage\":\"fr-FR\",\"@id\":\"https:\/\/dijonuniversiteclub.fr\/tennis\/#\/schema\/logo\/image\/\",\"url\":\"https:\/\/dijonuniversiteclub.fr\/tennis\/wp-content\/uploads\/2025\/06\/cropped-cropped-logo-transparent-DUC.png\",\"contentUrl\":\"https:\/\/dijonuniversiteclub.fr\/tennis\/wp-content\/uploads\/2025\/06\/cropped-cropped-logo-transparent-DUC.png\",\"width\":762,\"height\":912,\"caption\":\"DUC Tennis\"},\"image\":{\"@id\":\"https:\/\/dijonuniversiteclub.fr\/tennis\/#\/schema\/logo\/image\/\"}}]}<\/script>\n<!-- \/ Yoast SEO plugin. -->","yoast_head_json":{"title":"La lettre \"\u00e9changes\" du DUC Tennis - DUC Tennis","description":"Restez inform\u00e9 de la vie du club avec la lettre \u00ab \u00c9changes \u00bb du DUC Tennis : \u00e9v\u00e9nements, r\u00e9sultats, actualit\u00e9s \u00e0 Dijon.","robots":{"index":"index","follow":"follow","max-snippet":"max-snippet:-1","max-image-preview":"max-image-preview:large","max-video-preview":"max-video-preview:-1"},"canonical":"https:\/\/dijonuniversiteclub.fr\/tennis\/tennis-lettre-echanges-dijon-tennis-dijon\/","og_locale":"fr_FR","og_type":"article","og_title":"La lettre \"\u00e9changes\" du DUC Tennis - DUC Tennis","og_description":"Restez inform\u00e9 de la vie du club avec la lettre \u00ab \u00c9changes \u00bb du DUC Tennis : \u00e9v\u00e9nements, r\u00e9sultats, actualit\u00e9s \u00e0 Dijon.","og_url":"https:\/\/dijonuniversiteclub.fr\/tennis\/tennis-lettre-echanges-dijon-tennis-dijon\/","og_site_name":"DUC Tennis","article_modified_time":"2025-07-07T06:46:59+00:00","og_image":[{"width":2560,"height":1706,"url":"https:\/\/dijonuniversiteclub.fr\/tennis\/wp-content\/uploads\/2025\/07\/couple-jouant-au-tennis-en-duo-scaled.jpg","type":"image\/jpeg"}],"twitter_card":"summary_large_image","twitter_misc":{"Dur\u00e9e de lecture estim\u00e9e":"1 minute"},"schema":{"@context":"https:\/\/schema.org","@graph":[{"@type":["WebPage","ItemPage"],"@id":"https:\/\/dijonuniversiteclub.fr\/tennis\/tennis-lettre-echanges-dijon-tennis-dijon\/","url":"https:\/\/dijonuniversiteclub.fr\/tennis\/tennis-lettre-echanges-dijon-tennis-dijon\/","name":"La lettre \"\u00e9changes\" du DUC Tennis - DUC Tennis","isPartOf":{"@id":"https:\/\/dijonuniversiteclub.fr\/tennis\/#website"},"primaryImageOfPage":{"@id":"https:\/\/dijonuniversiteclub.fr\/tennis\/tennis-lettre-echanges-dijon-tennis-dijon\/#primaryimage"},"image":{"@id":"https:\/\/dijonuniversiteclub.fr\/tennis\/tennis-lettre-echanges-dijon-tennis-dijon\/#primaryimage"},"thumbnailUrl":"https:\/\/dijonuniversiteclub.fr\/tennis\/wp-content\/uploads\/2025\/07\/couple-jouant-au-tennis-en-duo-1024x683.jpg","datePublished":"2025-07-06T18:05:37+00:00","dateModified":"2025-07-07T06:46:59+00:00","description":"Restez inform\u00e9 de la vie du club avec la lettre \u00ab \u00c9changes \u00bb du DUC Tennis : \u00e9v\u00e9nements, r\u00e9sultats, actualit\u00e9s \u00e0 Dijon.","breadcrumb":{"@id":"https:\/\/dijonuniversiteclub.fr\/tennis\/tennis-lettre-echanges-dijon-tennis-dijon\/#breadcrumb"},"inLanguage":"fr-FR","potentialAction":[{"@type":"ReadAction","target":["https:\/\/dijonuniversiteclub.fr\/tennis\/tennis-lettre-echanges-dijon-tennis-dijon\/"]}]},{"@type":"ImageObject","inLanguage":"fr-FR","@id":"https:\/\/dijonuniversiteclub.fr\/tennis\/tennis-lettre-echanges-dijon-tennis-dijon\/#primaryimage","url":"https:\/\/dijonuniversiteclub.fr\/tennis\/wp-content\/uploads\/2025\/07\/couple-jouant-au-tennis-en-duo-scaled.jpg","contentUrl":"https:\/\/dijonuniversiteclub.fr\/tennis\/wp-content\/uploads\/2025\/07\/couple-jouant-au-tennis-en-duo-scaled.jpg","width":2560,"height":1706},{"@type":"BreadcrumbList","@id":"https:\/\/dijonuniversiteclub.fr\/tennis\/tennis-lettre-echanges-dijon-tennis-dijon\/#breadcrumb","itemListElement":[{"@type":"ListItem","position":1,"name":"Accueil","item":"https:\/\/dijonuniversiteclub.fr\/tennis\/"},{"@type":"ListItem","position":2,"name":"La lettre \u00ab\u00a0\u00e9changes\u00a0\u00bb du DUC Tennis"}]},{"@type":"WebSite","@id":"https:\/\/dijonuniversiteclub.fr\/tennis\/#website","url":"https:\/\/dijonuniversiteclub.fr\/tennis\/","name":"DUC Tennis","description":"","publisher":{"@id":"https:\/\/dijonuniversiteclub.fr\/tennis\/#organization"},"potentialAction":[{"@type":"SearchAction","target":{"@type":"EntryPoint","urlTemplate":"https:\/\/dijonuniversiteclub.fr\/tennis\/?s={search_term_string}"},"query-input":{"@type":"PropertyValueSpecification","valueRequired":true,"valueName":"search_term_string"}}],"inLanguage":"fr-FR"},{"@type":"Organization","@id":"https:\/\/dijonuniversiteclub.fr\/tennis\/#organization","name":"DUC Tennis","url":"https:\/\/dijonuniversiteclub.fr\/tennis\/","logo":{"@type":"ImageObject","inLanguage":"fr-FR","@id":"https:\/\/dijonuniversiteclub.fr\/tennis\/#\/schema\/logo\/image\/","url":"https:\/\/dijonuniversiteclub.fr\/tennis\/wp-content\/uploads\/2025\/06\/cropped-cropped-logo-transparent-DUC.png","contentUrl":"https:\/\/dijonuniversiteclub.fr\/tennis\/wp-content\/uploads\/2025\/06\/cropped-cropped-logo-transparent-DUC.png","width":762,"height":912,"caption":"DUC Tennis"},"image":{"@id":"https:\/\/dijonuniversiteclub.fr\/tennis\/#\/schema\/logo\/image\/"}}]}},"_links":{"self":[{"href":"https:\/\/dijonuniversiteclub.fr\/tennis\/wp-json\/wp\/v2\/pages\/396","targetHints":{"allow":["GET"]}}],"collection":[{"href":"https:\/\/dijonuniversiteclub.fr\/tennis\/wp-json\/wp\/v2\/pages"}],"about":[{"href":"https:\/\/dijonuniversiteclub.fr\/tennis\/wp-json\/wp\/v2\/types\/page"}],"author":[{"embeddable":true,"href":"https:\/\/dijonuniversiteclub.fr\/tennis\/wp-json\/wp\/v2\/users\/1"}],"replies":[{"embeddable":true,"href":"https:\/\/dijonuniversiteclub.fr\/tennis\/wp-json\/wp\/v2\/comments?post=396"}],"version-history":[{"count":4,"href":"https:\/\/dijonuniversiteclub.fr\/tennis\/wp-json\/wp\/v2\/pages\/396\/revisions"}],"predecessor-version":[{"id":503,"href":"https:\/\/dijonuniversiteclub.fr\/tennis\/wp-json\/wp\/v2\/pages\/396\/revisions\/503"}],"wp:attachment":[{"href":"https:\/\/dijonuniversiteclub.fr\/tennis\/wp-json\/wp\/v2\/media?parent=396"}],"curies":[{"name":"wp","href":"https:\/\/api.w.org\/{rel}","templated":true}]}}